{"id":6873,"date":"2023-02-10T14:44:27","date_gmt":"2023-02-10T14:44:27","guid":{"rendered":"https:\/\/leroux.qodeinteractive.com\/?page_id=6873"},"modified":"2025-12-22T15:29:32","modified_gmt":"2025-12-22T15:29:32","slug":"contact-us","status":"publish","type":"page","link":"https:\/\/ccelra.eu\/index.php\/contact-us\/","title":{"rendered":"Contacto"},"content":{"rendered":"\t\t<div data-elementor-type=\"wp-page\" data-elementor-id=\"6873\" class=\"elementor elementor-6873\">\n\t\t\t\t\t\t<section class=\"elementor-section elementor-top-section elementor-element elementor-element-09974a5 elementor-section-full_width elementor-section-height-default elementor-section-height-default\" data-id=\"09974a5\" data-element_type=\"section\" data-e-type=\"section\">\n\t\t\t\t\t\t<div class=\"elementor-container elementor-column-gap-no\">\n\t\t\t\t\t<div class=\"elementor-column elementor-col-50 elementor-top-column elementor-element elementor-element-265bc9d\" data-id=\"265bc9d\" data-element_type=\"column\" data-e-type=\"column\">\n\t\t\t<div class=\"elementor-widget-wrap elementor-element-populated\">\n\t\t\t\t\t\t<section class=\"elementor-section elementor-inner-section elementor-element elementor-element-8032789 elementor-section-full_width elementor-section-height-default elementor-section-height-default\" data-id=\"8032789\" data-element_type=\"section\" data-e-type=\"section\">\n\t\t\t\t\t\t<div class=\"elementor-container elementor-column-gap-wide\">\n\t\t\t\t\t<div class=\"elementor-column elementor-col-100 elementor-inner-column elementor-element elementor-element-5d723c0\" data-id=\"5d723c0\" data-element_type=\"column\" data-e-type=\"column\">\n\t\t\t<div class=\"elementor-widget-wrap elementor-element-populated\">\n\t\t\t\t\t\t<div class=\"elementor-element elementor-element-e886e7b elementor-widget__width-initial elementor-widget elementor-widget-leroux_core_section_title\" data-id=\"e886e7b\" data-element_type=\"widget\" data-e-type=\"widget\" data-widget_type=\"leroux_core_section_title.default\">\n\t\t\t\t<div class=\"elementor-widget-container\">\n\t\t\t\t\t<div class=\"qodef-shortcode qodef-m  qodef-section-title qodef-alignment--left \">\n\t\t<h2 class=\"qodef-m-title\" >\n\t\t\t\t\tContacte con nosotros\t\t\t<\/h2>\n\t<\/div>\n\t\t\t\t<\/div>\n\t\t\t\t<\/div>\n\t\t\t\t\t<\/div>\n\t\t<\/div>\n\t\t\t\t\t<\/div>\n\t\t<\/section>\n\t\t\t\t<section class=\"elementor-section elementor-inner-section elementor-element elementor-element-593838a elementor-section-full_width elementor-section-height-default elementor-section-height-default\" data-id=\"593838a\" data-element_type=\"section\" data-e-type=\"section\">\n\t\t\t\t\t\t<div class=\"elementor-container elementor-column-gap-no\">\n\t\t\t\t\t<div class=\"elementor-column elementor-col-100 elementor-inner-column elementor-element elementor-element-eca136b\" data-id=\"eca136b\" data-element_type=\"column\" data-e-type=\"column\">\n\t\t\t<div class=\"elementor-widget-wrap elementor-element-populated\">\n\t\t\t\t\t\t<div class=\"elementor-element elementor-element-9408176 elementor-widget elementor-widget-text-editor\" data-id=\"9408176\" data-element_type=\"widget\" data-e-type=\"widget\" data-widget_type=\"text-editor.default\">\n\t\t\t\t<div class=\"elementor-widget-container\">\n\t\t\t\t\t\t\t\t\t<p>\u00a0<\/p><p>\u00a0<\/p>\t\t\t\t\t\t\t\t<\/div>\n\t\t\t\t<\/div>\n\t\t\t\t<div class=\"elementor-element elementor-element-d182a59 elementor-widget__width-initial elementor-widget elementor-widget-leroux_core_section_title\" data-id=\"d182a59\" data-element_type=\"widget\" data-e-type=\"widget\" data-widget_type=\"leroux_core_section_title.default\">\n\t\t\t\t<div class=\"elementor-widget-container\">\n\t\t\t\t\t<div class=\"qodef-shortcode qodef-m  qodef-section-title qodef-alignment--left \">\n\t\t\t<p class=\"qodef-m-text\" >Queremos ofrecerte la mejor experiencia posible, y por eso valoramos mucho tus comentarios y preguntas. Si tienes cualquier duda o sugerencia, ponte en contacto con nuestro equipo de atenci\u00f3n al cliente. \u00a1Estamos aqu\u00ed para ayudarte!<\/p>\n<\/div>\n\t\t\t\t<\/div>\n\t\t\t\t<\/div>\n\t\t\t\t<div class=\"elementor-element elementor-element-f2028a3 elementor-widget__width-initial elementor-widget elementor-widget-leroux_core_section_title\" data-id=\"f2028a3\" data-element_type=\"widget\" data-e-type=\"widget\" data-widget_type=\"leroux_core_section_title.default\">\n\t\t\t\t<div class=\"elementor-widget-container\">\n\t\t\t\t\t<div class=\"qodef-shortcode qodef-m  qodef-section-title qodef-alignment--left \">\n\t\t\t<p class=\"qodef-m-text\" >\u00a1Atenci\u00f3n! Evita fraudes y estafas\n\nPara garantizar la seguridad de nuestras transacciones y proteger a nuestros clientes:\nAntes de realizar cualquier operaci\u00f3n o pago, por favor, cont\u00e1ctanos directamente en nuestro tel\u00e9fono oficial:<\/p>\n<\/div>\n\t\t\t\t<\/div>\n\t\t\t\t<\/div>\n\t\t\t\t<div class=\"elementor-element elementor-element-91acb34 elementor-widget__width-initial elementor-widget elementor-widget-leroux_core_section_title\" data-id=\"91acb34\" data-element_type=\"widget\" data-e-type=\"widget\" data-widget_type=\"leroux_core_section_title.default\">\n\t\t\t\t<div class=\"elementor-widget-container\">\n\t\t\t\t\t<div class=\"qodef-shortcode qodef-m  qodef-section-title qodef-alignment--left \">\n\t\t\t<p class=\"qodef-m-text\" >\ud83d\udcde  [Tel: + 34 972 49 43 73]\n\n<\/p>\n<\/div>\n\t\t\t\t<\/div>\n\t\t\t\t<\/div>\n\t\t\t\t<div class=\"elementor-element elementor-element-a77deae elementor-widget__width-initial elementor-widget elementor-widget-leroux_core_section_title\" data-id=\"a77deae\" data-element_type=\"widget\" data-e-type=\"widget\" data-widget_type=\"leroux_core_section_title.default\">\n\t\t\t\t<div class=\"elementor-widget-container\">\n\t\t\t\t\t<div class=\"qodef-shortcode qodef-m  qodef-section-title qodef-alignment--left \">\n\t\t\t<p class=\"qodef-m-text\" >Esto nos permitir\u00e1 verificar todos los detalles y asegurarnos de que est\u00e1s interactuando con nuestra empresa de forma segura.\nRecuerda: Nunca conf\u00edes en mensajes, correos electr\u00f3nicos o enlaces sospechosos que no provengan de nuestros canales oficiales.<\/p>\n<\/div>\n\t\t\t\t<\/div>\n\t\t\t\t<\/div>\n\t\t\t\t<div class=\"elementor-element elementor-element-1394594 elementor-widget elementor-widget-leroux_core_section_title\" data-id=\"1394594\" data-element_type=\"widget\" data-e-type=\"widget\" data-widget_type=\"leroux_core_section_title.default\">\n\t\t\t\t<div class=\"elementor-widget-container\">\n\t\t\t\t\t<div class=\"qodef-shortcode qodef-m  qodef-section-title qodef-alignment--left \">\n\t\t<h3 class=\"qodef-m-title\" >\n\t\t\t\t\tC\u00e0rniques Celr\u00e0 S.L.\t\t\t<\/h3>\n\t<\/div>\n\t\t\t\t<\/div>\n\t\t\t\t<\/div>\n\t\t\t\t<div class=\"elementor-element elementor-element-d75a0a5 elementor-widget elementor-widget-text-editor\" data-id=\"d75a0a5\" data-element_type=\"widget\" data-e-type=\"widget\" data-widget_type=\"text-editor.default\">\n\t\t\t\t<div class=\"elementor-widget-container\">\n\t\t\t\t\t\t\t\t\t<p>Pol\u00edgono Industrial Celr\u00e0, Carrer del Ter, s\/n, 17460 Celr\u00e0, (Girona).<\/p>\t\t\t\t\t\t\t\t<\/div>\n\t\t\t\t<\/div>\n\t\t\t\t<div class=\"elementor-element elementor-element-c98e341 elementor-widget elementor-widget-text-editor\" data-id=\"c98e341\" data-element_type=\"widget\" data-e-type=\"widget\" data-widget_type=\"text-editor.default\">\n\t\t\t\t<div class=\"elementor-widget-container\">\n\t\t\t\t\t\t\t\t\t<div class=\"elementor-element elementor-element-422416c elementor-widget elementor-widget-text-editor\" data-id=\"422416c\" data-element_type=\"widget\" data-widget_type=\"text-editor.default\"><div class=\"elementor-widget-container\"><p>ccelra@ccelra.com<\/p><\/div><\/div>\t\t\t\t\t\t\t\t<\/div>\n\t\t\t\t<\/div>\n\t\t\t\t<div class=\"elementor-element elementor-element-521ef57 elementor-widget elementor-widget-text-editor\" data-id=\"521ef57\" data-element_type=\"widget\" data-e-type=\"widget\" data-widget_type=\"text-editor.default\">\n\t\t\t\t<div class=\"elementor-widget-container\">\n\t\t\t\t\t\t\t\t\t<h5><strong>www.ccelra.com<\/strong><\/h5><p><img fetchpriority=\"high\" decoding=\"async\" class=\"alignnone wp-image-16411\" src=\"https:\/\/angry-euler.82-223-12-193.plesk.page\/wp-content\/uploads\/2024\/05\/shutterstock_1657031260________-300x201.png\" alt=\"\" width=\"440\" height=\"295\" srcset=\"https:\/\/ccelra.eu\/wp-content\/uploads\/2024\/05\/shutterstock_1657031260________-300x201.png 300w, https:\/\/ccelra.eu\/wp-content\/uploads\/2024\/05\/shutterstock_1657031260________-768x515.png 768w, https:\/\/ccelra.eu\/wp-content\/uploads\/2024\/05\/shutterstock_1657031260________-1024x686.png 1024w, https:\/\/ccelra.eu\/wp-content\/uploads\/2024\/05\/shutterstock_1657031260________-1536x1029.png 1536w, https:\/\/ccelra.eu\/wp-content\/uploads\/2024\/05\/shutterstock_1657031260________-2048x1372.png 2048w, https:\/\/ccelra.eu\/wp-content\/uploads\/2024\/05\/shutterstock_1657031260________-600x402.png 600w\" sizes=\"(max-width: 440px) 100vw, 440px\" \/><\/p>\t\t\t\t\t\t\t\t<\/div>\n\t\t\t\t<\/div>\n\t\t\t\t\t<\/div>\n\t\t<\/div>\n\t\t\t\t\t<\/div>\n\t\t<\/section>\n\t\t\t\t\t<\/div>\n\t\t<\/div>\n\t\t\t\t<div class=\"elementor-column elementor-col-50 elementor-top-column elementor-element elementor-element-1c0e246\" data-id=\"1c0e246\" data-element_type=\"column\" data-e-type=\"column\">\n\t\t\t<div class=\"elementor-widget-wrap elementor-element-populated\">\n\t\t\t\t\t\t<div class=\"elementor-element elementor-element-1d3b033 elementor-widget elementor-widget-leroux_core_section_title\" data-id=\"1d3b033\" data-element_type=\"widget\" data-e-type=\"widget\" data-widget_type=\"leroux_core_section_title.default\">\n\t\t\t\t<div class=\"elementor-widget-container\">\n\t\t\t\t\t<div class=\"qodef-shortcode qodef-m  qodef-section-title qodef-alignment--left \">\n\t\t<h4 class=\"qodef-m-title\" >\n\t\t\t\t\tDeja un comentario\t\t\t<\/h4>\n\t<\/div>\n\t\t\t\t<\/div>\n\t\t\t\t<\/div>\n\t\t\t\t<div class=\"elementor-element elementor-element-f4d980b elementor-widget elementor-widget-wp-widget-leroux_core_contact_form_7\" data-id=\"f4d980b\" data-element_type=\"widget\" data-e-type=\"widget\" data-widget_type=\"wp-widget-leroux_core_contact_form_7.default\">\n\t\t\t\t<div class=\"elementor-widget-container\">\n\t\t\t\t\t\t\t\t<div class=\"qodef-contact-form-7\">\n\t\t\t\t\n<div class=\"wpcf7 no-js\" id=\"wpcf7-f6933-o1\" lang=\"en-US\" dir=\"ltr\" data-wpcf7-id=\"6933\">\n<div class=\"screen-reader-response\"><p role=\"status\" aria-live=\"polite\" aria-atomic=\"true\"><\/p> <ul><\/ul><\/div>\n<form action=\"\/index.php\/wp-json\/wp\/v2\/pages\/6873#wpcf7-f6933-o1\" method=\"post\" class=\"wpcf7-form init demo\" aria-label=\"Contact form\" novalidate=\"novalidate\" data-status=\"init\">\n<fieldset class=\"hidden-fields-container\"><input type=\"hidden\" name=\"_wpcf7\" value=\"6933\" \/><input type=\"hidden\" name=\"_wpcf7_version\" value=\"6.1.4\" \/><input type=\"hidden\" name=\"_wpcf7_locale\" value=\"en_US\" \/><input type=\"hidden\" name=\"_wpcf7_unit_tag\" value=\"wpcf7-f6933-o1\" \/><input type=\"hidden\" name=\"_wpcf7_container_post\" value=\"0\" \/><input type=\"hidden\" name=\"_wpcf7_posted_data_hash\" value=\"\" \/>\n<\/fieldset>\n<div class=\"qodef-main-form qodef--large qodef-layout--columns\">\n\n<div class=\"qodef-cf7-columns\">\n\n<div class=\"qodef-input-holder\">\n\n<span class=\"wpcf7-form-control-wrap\" data-name=\"your-name\"><input size=\"40\" maxlength=\"400\" class=\"wpcf7-form-control wpcf7-text wpcf7-validates-as-required\" aria-required=\"true\" aria-invalid=\"false\" placeholder=\"Nombre\" value=\"\" type=\"text\" name=\"your-name\" \/><\/span>\n\n<\/div>\n\n<div class=\"qodef-input-holder\">\n\n<span class=\"wpcf7-form-control-wrap\" data-name=\"your-email\"><input size=\"40\" maxlength=\"400\" class=\"wpcf7-form-control wpcf7-email wpcf7-validates-as-required wpcf7-text wpcf7-validates-as-email\" aria-required=\"true\" aria-invalid=\"false\" placeholder=\"Direcci\u00f3n de correo electr\u00f3nico\" value=\"\" type=\"email\" name=\"your-email\" \/><\/span>\n\n<\/div>\n\n<\/div>\n\n<div class=\"qodef-input-holder\">\n\n<span class=\"wpcf7-form-control-wrap\" data-name=\"your-message\"><textarea cols=\"40\" rows=\"5\" maxlength=\"2000\" class=\"wpcf7-form-control wpcf7-textarea\" aria-invalid=\"false\" placeholder=\"Mensaje\" name=\"your-message\"><\/textarea><\/span>\n\n<span class=\"wpcf7-form-control-wrap\" data-name=\"checkbox-307\"><span class=\"wpcf7-form-control wpcf7-checkbox wpcf7-validates-as-required\"><span class=\"wpcf7-list-item first last\"><label><input type=\"checkbox\" name=\"checkbox-307[]\" value=\"He le\u00eddo el aviso legal y acepto la pol\u00edtica de privacidad y de protecci\u00f3n de datos\" \/><span class=\"wpcf7-list-item-label\">He le\u00eddo el aviso legal y acepto la pol\u00edtica de privacidad y de protecci\u00f3n de datos<\/span><\/label><\/span><\/span><\/span>\n\n<\/div>\n\n<button class=\"wpcf7-form-control wpcf7-submit qodef-button qodef-size--normal qodef-layout--filled qodef-m\" type=\"submit\"><span class=\"qodef-m-text\">Enviar<\/span><span class=\"qodef-m-arrow\"><svg class=\"qodef-svg--button-arrow\" xmlns=\"http:\/\/www.w3.org\/2000\/svg\" width=\"10\" height=\"10\" viewBox=\"0 0 9.8 9.8\"><g><path d=\"m.4 9.4 9-9\"\/><path d=\"M.4.5h8.9\"\/><path d=\"M9.3 9.4V.5\"\/><\/g><g><path d=\"m.4 9.4 9-9\"\/><path d=\"M.4.5h8.9\"\/><path d=\"M9.3 9.4V.5\"\/><\/g><\/svg><\/span><\/button>\n\n<\/div><p style=\"display: none !important;\" class=\"akismet-fields-container\" data-prefix=\"_wpcf7_ak_\"><label>&#916;<textarea name=\"_wpcf7_ak_hp_textarea\" cols=\"45\" rows=\"8\" maxlength=\"100\"><\/textarea><\/label><input type=\"hidden\" id=\"ak_js_1\" name=\"_wpcf7_ak_js\" value=\"11\"\/><script>document.getElementById( \"ak_js_1\" ).setAttribute( \"value\", ( new Date() ).getTime() );<\/script><\/p><div class=\"wpcf7-response-output\" aria-hidden=\"true\"><\/div>\n<\/form>\n<\/div>\n\t\t\t<\/div>\n\t\t\t\t\t\t\t<\/div>\n\t\t\t\t<\/div>\n\t\t\t\t\t<\/div>\n\t\t<\/div>\n\t\t\t\t\t<\/div>\n\t\t<\/section>\n\t\t<div class=\"elementor-element elementor-element-5e6dfa1 e-con-full e-flex e-con e-parent\" data-id=\"5e6dfa1\" data-element_type=\"container\" data-e-type=\"container\">\n\t\t\t\t<div class=\"elementor-element elementor-element-ff05f9d elementor-widget__width-inherit elementor-widget elementor-widget-image\" data-id=\"ff05f9d\" data-element_type=\"widget\" data-e-type=\"widget\" data-widget_type=\"image.default\">\n\t\t\t\t<div class=\"elementor-widget-container\">\n\t\t\t\t\t\t\t\t\t\t\t\t\t\t\t<img decoding=\"async\" width=\"1421\" height=\"611\" src=\"https:\/\/ccelra.eu\/wp-content\/uploads\/2024\/02\/mapa_google_2.jpg\" class=\"attachment-full size-full wp-image-13769\" alt=\"\" srcset=\"https:\/\/ccelra.eu\/wp-content\/uploads\/2024\/02\/mapa_google_2.jpg 1421w, https:\/\/ccelra.eu\/wp-content\/uploads\/2024\/02\/mapa_google_2-300x129.jpg 300w, https:\/\/ccelra.eu\/wp-content\/uploads\/2024\/02\/mapa_google_2-768x330.jpg 768w, https:\/\/ccelra.eu\/wp-content\/uploads\/2024\/02\/mapa_google_2-1024x440.jpg 1024w, https:\/\/ccelra.eu\/wp-content\/uploads\/2024\/02\/mapa_google_2-600x258.jpg 600w\" sizes=\"(max-width: 1421px) 100vw, 1421px\" \/>\t\t\t\t\t\t\t\t\t\t\t\t\t\t\t<\/div>\n\t\t\t\t<\/div>\n\t\t\t\t<\/div>\n\t\t\t\t<\/div>\n\t\t","protected":false},"excerpt":{"rendered":"<p>Contacte con nosotros \u00a0 \u00a0 Queremos ofrecerte la mejor experiencia posible, y por eso valoramos mucho tus comentarios y preguntas. Si tienes cualquier duda o sugerencia, ponte en contacto con nuestro equipo de atenci\u00f3n al cliente. \u00a1Estamos aqu\u00ed para ayudarte! \u00a1Atenci\u00f3n! Evita fraudes y estafas Para garantizar la seguridad de nuestras transacciones y proteger a [&hellip;]<\/p>\n","protected":false},"author":1,"featured_media":0,"parent":0,"menu_order":0,"comment_status":"closed","ping_status":"closed","template":"page-full-width.php","meta":{"footnotes":""},"class_list":["post-6873","page","type-page","status-publish","hentry"],"_links":{"self":[{"href":"https:\/\/ccelra.eu\/index.php\/wp-json\/wp\/v2\/pages\/6873","targetHints":{"allow":["GET"]}}],"collection":[{"href":"https:\/\/ccelra.eu\/index.php\/wp-json\/wp\/v2\/pages"}],"about":[{"href":"https:\/\/ccelra.eu\/index.php\/wp-json\/wp\/v2\/types\/page"}],"author":[{"embeddable":true,"href":"https:\/\/ccelra.eu\/index.php\/wp-json\/wp\/v2\/users\/1"}],"replies":[{"embeddable":true,"href":"https:\/\/ccelra.eu\/index.php\/wp-json\/wp\/v2\/comments?post=6873"}],"version-history":[{"count":400,"href":"https:\/\/ccelra.eu\/index.php\/wp-json\/wp\/v2\/pages\/6873\/revisions"}],"predecessor-version":[{"id":21177,"href":"https:\/\/ccelra.eu\/index.php\/wp-json\/wp\/v2\/pages\/6873\/revisions\/21177"}],"wp:attachment":[{"href":"https:\/\/ccelra.eu\/index.php\/wp-json\/wp\/v2\/media?parent=6873"}],"curies":[{"name":"wp","href":"https:\/\/api.w.org\/{rel}","templated":true}]}}