{"id":20908,"date":"2025-12-22T08:45:37","date_gmt":"2025-12-22T08:45:37","guid":{"rendered":"https:\/\/ccelra.eu\/?page_id=20908"},"modified":"2025-12-23T12:10:20","modified_gmt":"2025-12-23T12:10:20","slug":"dossier-de-sostenibilitat","status":"publish","type":"page","link":"https:\/\/ccelra.eu\/index.php\/dossier-de-sostenibilitat\/","title":{"rendered":"Dossier. Sostenibilidad"},"content":{"rendered":"\t\t<div data-elementor-type=\"wp-page\" data-elementor-id=\"20908\" class=\"elementor elementor-20908\">\n\t\t\t\t\t\t<section class=\"elementor-section elementor-top-section elementor-element elementor-element-fdda324 elementor-section-full_width elementor-section-height-default elementor-section-height-default\" data-id=\"fdda324\" data-element_type=\"section\" data-e-type=\"section\">\n\t\t\t\t\t\t\t<div class=\"elementor-background-overlay\"><\/div>\n\t\t\t\t\t\t\t<div class=\"elementor-container elementor-column-gap-default\">\n\t\t\t\t\t<div class=\"elementor-column elementor-col-50 elementor-top-column elementor-element elementor-element-55a1006\" data-id=\"55a1006\" data-element_type=\"column\" data-e-type=\"column\">\n\t\t\t<div class=\"elementor-widget-wrap elementor-element-populated\">\n\t\t\t\t\t\t<div class=\"elementor-element elementor-element-f160c22 elementor-widget__width-initial elementor-widget elementor-widget-text-editor\" data-id=\"f160c22\" data-element_type=\"widget\" data-e-type=\"widget\" data-widget_type=\"text-editor.default\">\n\t\t\t\t<div class=\"elementor-widget-container\">\n\t\t\t\t\t\t\t\t\t<p data-start=\"87\" data-end=\"494\">En <strong data-start=\"90\" data-end=\"110\">OLOT MEATS GROUP<\/strong>, la sostenibilidad es una parte esencial de nuestra identidad y de nuestro compromiso como grupo l\u00edder en el sector c\u00e1rnico espa\u00f1ol. Creemos que la calidad de nuestros productos no solo depende de los procesos industriales, sino tambi\u00e9n de la forma en que gestionamos los recursos, cuidamos del medio ambiente y garantizamos el bienestar animal en todas las fases de la producci\u00f3n.<\/p><p data-start=\"496\" data-end=\"1098\">Nuestro <strong data-start=\"504\" data-end=\"533\">Dossier de Sostenibilidad<\/strong> recoge de manera detallada todas las iniciativas y buenas pr\u00e1cticas que implementamos en nuestras plantas: desde la trazabilidad completa de nuestros productos y la supervisi\u00f3n veterinaria de todo el proceso productivo, hasta la gesti\u00f3n responsable de los recursos naturales y la minimizaci\u00f3n del impacto ambiental. Tambi\u00e9n incluye nuestro compromiso con la responsabilidad social, la formaci\u00f3n y el bienestar de nuestro equipo humano, as\u00ed como la colaboraci\u00f3n con clientes y proveedores para promover pr\u00e1cticas sostenibles a lo largo de toda la cadena de valor.<\/p><p data-start=\"1100\" data-end=\"1442\">Este dossier es una herramienta con la que compartimos con la sociedad, con nuestros clientes y con nuestros colaboradores nuestro firme compromiso con un futuro m\u00e1s sostenible. Queremos demostrar que es posible combinar la m\u00e1xima calidad y seguridad alimentaria con procesos responsables, transparentes y respetuosos con el medio ambiente.<\/p>\t\t\t\t\t\t\t\t<\/div>\n\t\t\t\t<\/div>\n\t\t\t\t\t<\/div>\n\t\t<\/div>\n\t\t\t\t<div class=\"elementor-column elementor-col-50 elementor-top-column elementor-element elementor-element-36131bd\" data-id=\"36131bd\" data-element_type=\"column\" data-e-type=\"column\">\n\t\t\t<div class=\"elementor-widget-wrap elementor-element-populated\">\n\t\t\t\t\t\t<div class=\"elementor-element elementor-element-b1ffd07 elementor-widget__width-initial elementor-widget elementor-widget-leroux_core_accordion\" data-id=\"b1ffd07\" data-element_type=\"widget\" data-e-type=\"widget\" data-widget_type=\"leroux_core_accordion.default\">\n\t\t\t\t<div class=\"elementor-widget-container\">\n\t\t\t\t\t<div class=\"qodef-shortcode qodef-m  qodef-accordion clear qodef-behavior--accordion qodef-layout--simple qodef-icon--layout-1\" style=\"--qodef-accordion-content-color: #7A7A7A\">\n\t<h4 class=\"qodef-accordion-title\">\n\t<span class=\"qodef-tab-title\">Primera parte \u2013 Compromiso y liderazgo<\/span>\n\t<span class=\"qodef-accordion-mark\">\n                    <span class=\"qodef-icon--plus qodef-icon-layout--1\">\n                <svg class=\"qodef-svg--arrow-down\" xmlns=\"http:\/\/www.w3.org\/2000\/svg\" width=\"16.112\" height=\"16.112\" viewBox=\"0 0 16.112 16.112\"><g transform=\"translate(15.612 8.056) rotate(135)\"><line x2=\"10.686\" y2=\"10.686\" transform=\"translate(0 10.686) rotate(-90)\" fill=\"none\" stroke=\"currentColor\" stroke-width=\"1\"\/><line y2=\"10.565\" transform=\"translate(0.052 0.121) rotate(-90)\" fill=\"none\" stroke=\"currentColor\" stroke-width=\"1\"\/><line x2=\"10.565\" transform=\"translate(10.617 10.686) rotate(-90)\" fill=\"none\" stroke=\"currentColor\" stroke-width=\"1\"\/><\/g><\/svg>            <\/span>\n        \t\t<span class=\"qodef-icon--minus\"><\/span>\n\t<\/span>\n<\/h4>\n<div class=\"qodef-accordion-content\">\n\t<div class=\"qodef-accordion-content-inner\">\n\t\t<p>En esta primera secci\u00f3n del Dossier de Sostenibilidad les mostramos la <strong data-start=\"252\" data-end=\"290\">visi\u00f3n y los valores que nos gu\u00edan<\/strong> en <strong data-start=\"294\" data-end=\"314\">Olot Meats Group<\/strong>. Incluimos la <strong data-start=\"329\" data-end=\"358\" data-is-only-node=\"\">carta de nuestro fundador<\/strong> y la <strong data-start=\"364\" data-end=\"388\">carta de nuestro CEO<\/strong>, donde compartimos los principios y compromisos que inspiran nuestra actividad. Asimismo, presentamos nuestros <strong data-start=\"500\" data-end=\"528\">prop\u00f3sitos empresariales<\/strong> y el <strong data-start=\"534\" data-end=\"561\">organigrama corporativo<\/strong> de las tres compa\u00f1\u00edas que forman parte del grupo, ofreciendo as\u00ed transparencia sobre c\u00f3mo <strong data-start=\"652\" data-end=\"703\">trabajamos juntos para un futuro m\u00e1s sostenible<\/strong>.<\/p><p><span style=\"color: #008080;\"><em><strong><a style=\"color: #008080;\" href=\"https:\/\/ccelra.eu\/wp-content\/uploads\/2025\/12\/DOSSIER_SOSTENIBILIDAD_2024_01.pdf\" target=\"_blank\" rel=\"noopener\">DOSSIER_SOSTENIBILIDAD_2024_01<\/a><\/strong><\/em><\/span><\/p>\t<\/div>\n<\/div>\n<h4 class=\"qodef-accordion-title\">\n\t<span class=\"qodef-tab-title\">Segunda parte \u2013 Nuestras empresas en detalle<\/span>\n\t<span class=\"qodef-accordion-mark\">\n                    <span class=\"qodef-icon--plus qodef-icon-layout--1\">\n                <svg class=\"qodef-svg--arrow-down\" xmlns=\"http:\/\/www.w3.org\/2000\/svg\" width=\"16.112\" height=\"16.112\" viewBox=\"0 0 16.112 16.112\"><g transform=\"translate(15.612 8.056) rotate(135)\"><line x2=\"10.686\" y2=\"10.686\" transform=\"translate(0 10.686) rotate(-90)\" fill=\"none\" stroke=\"currentColor\" stroke-width=\"1\"\/><line y2=\"10.565\" transform=\"translate(0.052 0.121) rotate(-90)\" fill=\"none\" stroke=\"currentColor\" stroke-width=\"1\"\/><line x2=\"10.565\" transform=\"translate(10.617 10.686) rotate(-90)\" fill=\"none\" stroke=\"currentColor\" stroke-width=\"1\"\/><\/g><\/svg>            <\/span>\n        \t\t<span class=\"qodef-icon--minus\"><\/span>\n\t<\/span>\n<\/h4>\n<div class=\"qodef-accordion-content\">\n\t<div class=\"qodef-accordion-content-inner\">\n\t\t<p>En esta secci\u00f3n les presentamos informaci\u00f3n detallada de cada una de las tres compa\u00f1\u00edas que conforman <strong data-start=\"354\" data-end=\"374\">Olot Meats Group<\/strong>. Compartimos los <strong data-start=\"392\" data-end=\"429\">datos espec\u00edficos de cada empresa<\/strong>, sus <strong data-start=\"435\" data-end=\"464\" data-is-only-node=\"\">organigramas particulares<\/strong> y otros aspectos relevantes de su estructura y funcionamiento. De esta manera, mostramos c\u00f3mo <strong data-start=\"559\" data-end=\"589\">operamos juntos como grupo<\/strong> y c\u00f3mo cada compa\u00f1\u00eda contribuye a nuestro compromiso con la <strong data-start=\"650\" data-end=\"708\">sostenibilidad, la calidad y la responsabilidad social<\/strong>.<\/p><p><span style=\"color: #008080;\"><em><strong><a style=\"color: #008080;\" href=\"https:\/\/ccelra.eu\/wp-content\/uploads\/2025\/12\/DOSSIER_SOSTENIBILIDAD_2024_02.pdf\" target=\"_blank\" rel=\"noopener\">DOSSIER_SOSTENIBILIDAD_2024_02<\/a><\/strong><\/em><\/span><\/p>\t<\/div>\n<\/div>\n<h4 class=\"qodef-accordion-title\">\n\t<span class=\"qodef-tab-title\">Tercera parte \u2013 Nuestro rendimiento y compromiso<\/span>\n\t<span class=\"qodef-accordion-mark\">\n                    <span class=\"qodef-icon--plus qodef-icon-layout--1\">\n                <svg class=\"qodef-svg--arrow-down\" xmlns=\"http:\/\/www.w3.org\/2000\/svg\" width=\"16.112\" height=\"16.112\" viewBox=\"0 0 16.112 16.112\"><g transform=\"translate(15.612 8.056) rotate(135)\"><line x2=\"10.686\" y2=\"10.686\" transform=\"translate(0 10.686) rotate(-90)\" fill=\"none\" stroke=\"currentColor\" stroke-width=\"1\"\/><line y2=\"10.565\" transform=\"translate(0.052 0.121) rotate(-90)\" fill=\"none\" stroke=\"currentColor\" stroke-width=\"1\"\/><line x2=\"10.565\" transform=\"translate(10.617 10.686) rotate(-90)\" fill=\"none\" stroke=\"currentColor\" stroke-width=\"1\"\/><\/g><\/svg>            <\/span>\n        \t\t<span class=\"qodef-icon--minus\"><\/span>\n\t<\/span>\n<\/h4>\n<div class=\"qodef-accordion-content\">\n\t<div class=\"qodef-accordion-content-inner\">\n\t\t<p>En esta secci\u00f3n les mostramos <strong data-start=\"279\" data-end=\"301\">nuestros productos<\/strong> y compartimos informaci\u00f3n sobre nuestro <strong data-start=\"342\" data-end=\"367\">desempe\u00f1o empresarial<\/strong>, incluyendo <strong data-start=\"380\" data-end=\"473\" data-is-only-node=\"\">cifras de ventas, volumen de negocio, exportaciones y porcentaje de ventas en el exterior<\/strong>. Tambi\u00e9n detallamos nuestros <strong data-start=\"503\" data-end=\"547\">compromisos con la seguridad alimentaria<\/strong>, as\u00ed como las <strong data-start=\"562\" data-end=\"591\">certificaciones oficiales<\/strong> que respaldan nuestros procesos. De esta manera, ofrecemos transparencia sobre c\u00f3mo combinamos la <strong data-start=\"690\" data-end=\"723\">calidad de nuestros productos<\/strong> con <strong data-start=\"728\" data-end=\"768\">pr\u00e1cticas responsables y sostenibles<\/strong> en toda nuestra actividad.<\/p><p><span style=\"color: #008080;\"><em><strong><a style=\"color: #008080;\" href=\"https:\/\/ccelra.eu\/wp-content\/uploads\/2025\/12\/DOSSIER_SOSTENIBILIDAD_2024_03.pdf\" target=\"_blank\" rel=\"noopener\">DOSSIER_SOSTENIBILIDAD_2024_03<\/a><\/strong><\/em><\/span><\/p>\t<\/div>\n<\/div>\n<h4 class=\"qodef-accordion-title\">\n\t<span class=\"qodef-tab-title\">Cuarta parte \u2013 Protecci\u00f3n del medio ambiente<\/span>\n\t<span class=\"qodef-accordion-mark\">\n                    <span class=\"qodef-icon--plus qodef-icon-layout--1\">\n                <svg class=\"qodef-svg--arrow-down\" xmlns=\"http:\/\/www.w3.org\/2000\/svg\" width=\"16.112\" height=\"16.112\" viewBox=\"0 0 16.112 16.112\"><g transform=\"translate(15.612 8.056) rotate(135)\"><line x2=\"10.686\" y2=\"10.686\" transform=\"translate(0 10.686) rotate(-90)\" fill=\"none\" stroke=\"currentColor\" stroke-width=\"1\"\/><line y2=\"10.565\" transform=\"translate(0.052 0.121) rotate(-90)\" fill=\"none\" stroke=\"currentColor\" stroke-width=\"1\"\/><line x2=\"10.565\" transform=\"translate(10.617 10.686) rotate(-90)\" fill=\"none\" stroke=\"currentColor\" stroke-width=\"1\"\/><\/g><\/svg>            <\/span>\n        \t\t<span class=\"qodef-icon--minus\"><\/span>\n\t<\/span>\n<\/h4>\n<div class=\"qodef-accordion-content\">\n\t<div class=\"qodef-accordion-content-inner\">\n\t\t<p data-start=\"186\" data-end=\"705\">En esta secci\u00f3n compartimos nuestro <strong data-start=\"273\" data-end=\"324\">compromiso con la protecci\u00f3n del medio ambiente<\/strong> y la <strong data-start=\"330\" data-end=\"370\">lucha contra la emergencia clim\u00e1tica<\/strong>. Presentamos los <strong data-start=\"388\" data-end=\"413\" data-is-only-node=\"\">retos que enfrentamos<\/strong>, as\u00ed como nuestras iniciativas para un <strong data-start=\"453\" data-end=\"481\">uso responsable del agua<\/strong>, incluyendo proyectos destacados como <strong data-start=\"520\" data-end=\"535\">Glicopepton<\/strong>. De esta manera, mostramos c\u00f3mo trabajamos de forma activa para <strong data-start=\"600\" data-end=\"639\">minimizar nuestro impacto ambiental<\/strong> y promover pr\u00e1cticas sostenibles en todas nuestras operaciones.<\/p><p><span style=\"color: #008080;\"><em><strong><a style=\"color: #008080;\" href=\"https:\/\/ccelra.eu\/wp-content\/uploads\/2025\/12\/DOSSIER_SOSTENIBILIDAD_2024_04.pdf\" target=\"_blank\" rel=\"noopener\">DOSSIER_SOSTENIBILIDAD_2024_04<\/a><\/strong><\/em><\/span><\/p>\t<\/div>\n<\/div>\n<h4 class=\"qodef-accordion-title\">\n\t<span class=\"qodef-tab-title\">Quinta parte \u2013 Nuestros valores y compromiso<\/span>\n\t<span class=\"qodef-accordion-mark\">\n                    <span class=\"qodef-icon--plus qodef-icon-layout--1\">\n                <svg class=\"qodef-svg--arrow-down\" xmlns=\"http:\/\/www.w3.org\/2000\/svg\" width=\"16.112\" height=\"16.112\" viewBox=\"0 0 16.112 16.112\"><g transform=\"translate(15.612 8.056) rotate(135)\"><line x2=\"10.686\" y2=\"10.686\" transform=\"translate(0 10.686) rotate(-90)\" fill=\"none\" stroke=\"currentColor\" stroke-width=\"1\"\/><line y2=\"10.565\" transform=\"translate(0.052 0.121) rotate(-90)\" fill=\"none\" stroke=\"currentColor\" stroke-width=\"1\"\/><line x2=\"10.565\" transform=\"translate(10.617 10.686) rotate(-90)\" fill=\"none\" stroke=\"currentColor\" stroke-width=\"1\"\/><\/g><\/svg>            <\/span>\n        \t\t<span class=\"qodef-icon--minus\"><\/span>\n\t<\/span>\n<\/h4>\n<div class=\"qodef-accordion-content\">\n\t<div class=\"qodef-accordion-content-inner\">\n\t\t<p>En esta secci\u00f3n compartimos los <strong data-start=\"182\" data-end=\"207\">valores que nos gu\u00edan<\/strong> y nuestro firme <strong data-start=\"224\" data-end=\"280\">compromiso con la calidad y la seguridad alimentaria<\/strong>. Tambi\u00e9n mostramos nuestra dedicaci\u00f3n al <strong data-start=\"322\" data-end=\"377\" data-is-only-node=\"\">bienestar animal, la innovaci\u00f3n y la sostenibilidad<\/strong>, as\u00ed como nuestra visi\u00f3n de <strong data-start=\"406\" data-end=\"416\">futuro<\/strong> y los objetivos que nos inspiran para seguir creciendo de manera responsable. Esta parte del dossier refleja c\u00f3mo <strong data-start=\"531\" data-end=\"622\">trabajamos d\u00eda a d\u00eda para combinar excelencia, \u00e9tica y compromiso con el medio ambiente<\/strong>.<\/p><p><span style=\"color: #008080;\"><em><strong><a style=\"color: #008080;\" href=\"https:\/\/ccelra.eu\/wp-content\/uploads\/2025\/12\/DOSSIER_SOSTENIBILIDAD_2024_05.pdf\" target=\"_blank\" rel=\"noopener\">DOSSIER_SOSTENIBILIDAD_2024_05<\/a><\/strong><\/em><\/span><\/p>\t<\/div>\n<\/div>\n<\/div>\n\t\t\t\t<\/div>\n\t\t\t\t<\/div>\n\t\t\t\t\t<\/div>\n\t\t<\/div>\n\t\t\t\t\t<\/div>\n\t\t<\/section>\n\t\t<div class=\"elementor-element elementor-element-30b10e8 e-con-full e-flex e-con e-parent\" data-id=\"30b10e8\" data-element_type=\"container\" data-e-type=\"container\">\n\t\t<div class=\"elementor-element elementor-element-0fcde3f e-flex e-con-boxed e-con e-child\" data-id=\"0fcde3f\" data-element_type=\"container\" data-e-type=\"container\" data-settings=\"{&quot;background_background&quot;:&quot;classic&quot;}\">\n\t\t\t\t\t<div class=\"e-con-inner\">\n\t\t\t\t<div class=\"elementor-element elementor-element-c20b986 elementor-widget__width-auto elementor-widget elementor-widget-heading\" data-id=\"c20b986\" data-element_type=\"widget\" data-e-type=\"widget\" data-widget_type=\"heading.default\">\n\t\t\t\t<div class=\"elementor-widget-container\">\n\t\t\t\t\t<h5 class=\"elementor-heading-title elementor-size-default\">Nuestro compromiso con un futuro m\u00e1s sostenible<\/h5>\t\t\t\t<\/div>\n\t\t\t\t<\/div>\n\t\t\t\t\t<\/div>\n\t\t\t\t<\/div>\n\t\t\t\t<\/div>\n\t\t\t\t<\/div>\n\t\t","protected":false},"excerpt":{"rendered":"<p>En OLOT MEATS GROUP, la sostenibilidad es una parte esencial de nuestra identidad y de nuestro compromiso como grupo l\u00edder en el sector c\u00e1rnico espa\u00f1ol. Creemos que la calidad de nuestros productos no solo depende de los procesos industriales, sino tambi\u00e9n de la forma en que gestionamos los recursos, cuidamos del medio ambiente y garantizamos [&hellip;]<\/p>\n","protected":false},"author":1,"featured_media":0,"parent":0,"menu_order":0,"comment_status":"closed","ping_status":"closed","template":"page-full-width.php","meta":{"footnotes":""},"class_list":["post-20908","page","type-page","status-publish","hentry"],"_links":{"self":[{"href":"https:\/\/ccelra.eu\/index.php\/wp-json\/wp\/v2\/pages\/20908","targetHints":{"allow":["GET"]}}],"collection":[{"href":"https:\/\/ccelra.eu\/index.php\/wp-json\/wp\/v2\/pages"}],"about":[{"href":"https:\/\/ccelra.eu\/index.php\/wp-json\/wp\/v2\/types\/page"}],"author":[{"embeddable":true,"href":"https:\/\/ccelra.eu\/index.php\/wp-json\/wp\/v2\/users\/1"}],"replies":[{"embeddable":true,"href":"https:\/\/ccelra.eu\/index.php\/wp-json\/wp\/v2\/comments?post=20908"}],"version-history":[{"count":117,"href":"https:\/\/ccelra.eu\/index.php\/wp-json\/wp\/v2\/pages\/20908\/revisions"}],"predecessor-version":[{"id":21210,"href":"https:\/\/ccelra.eu\/index.php\/wp-json\/wp\/v2\/pages\/20908\/revisions\/21210"}],"wp:attachment":[{"href":"https:\/\/ccelra.eu\/index.php\/wp-json\/wp\/v2\/media?parent=20908"}],"curies":[{"name":"wp","href":"https:\/\/api.w.org\/{rel}","templated":true}]}}