{"id":20762,"date":"2025-12-16T08:50:47","date_gmt":"2025-12-16T08:50:47","guid":{"rendered":"https:\/\/angry-euler.82-223-12-193.plesk.page\/?page_id=20762"},"modified":"2025-12-16T10:32:51","modified_gmt":"2025-12-16T10:32:51","slug":"glicopepton-2","status":"publish","type":"page","link":"https:\/\/ccelra.eu\/index.php\/ca\/glicopepton-2\/","title":{"rendered":"Glicopepton"},"content":{"rendered":"\t\t<div data-elementor-type=\"wp-page\" data-elementor-id=\"20762\" class=\"elementor elementor-20762\">\n\t\t\t\t\t\t<section class=\"elementor-section elementor-top-section elementor-element elementor-element-73d1c9a elementor-section-full_width qodef-elementor-content-grid elementor-section-height-default elementor-section-height-default\" data-id=\"73d1c9a\" data-element_type=\"section\" data-e-type=\"section\">\n\t\t\t\t\t\t<div class=\"elementor-container elementor-column-gap-no\">\n\t\t\t\t\t<div class=\"elementor-column elementor-col-100 elementor-top-column elementor-element elementor-element-31985ad\" data-id=\"31985ad\" data-element_type=\"column\" data-e-type=\"column\">\n\t\t\t<div class=\"elementor-widget-wrap elementor-element-populated\">\n\t\t\t\t\t\t\t<\/div>\n\t\t<\/div>\n\t\t\t\t\t<\/div>\n\t\t<\/section>\n\t\t<div class=\"elementor-element elementor-element-9a97053 e-flex e-con-boxed e-con e-parent\" data-id=\"9a97053\" data-element_type=\"container\" data-e-type=\"container\">\n\t\t\t\t\t<div class=\"e-con-inner\">\n\t\t\t\t<div class=\"elementor-element elementor-element-85a6015 elementor-widget elementor-widget-heading\" data-id=\"85a6015\" data-element_type=\"widget\" data-e-type=\"widget\" data-widget_type=\"heading.default\">\n\t\t\t\t<div class=\"elementor-widget-container\">\n\t\t\t\t\t<h2 class=\"elementor-heading-title elementor-size-default\">Olot Meats Group avan\u00e7a pel benestar de les persones.<\/h2>\t\t\t\t<\/div>\n\t\t\t\t<\/div>\n\t\t\t\t<div class=\"elementor-element elementor-element-9e24cfb elementor-widget elementor-widget-text-editor\" data-id=\"9e24cfb\" data-element_type=\"widget\" data-e-type=\"widget\" data-widget_type=\"text-editor.default\">\n\t\t\t\t<div class=\"elementor-widget-container\">\n\t\t\t\t\t\t\t\t\t<p data-start=\"85\" data-end=\"453\"><strong data-start=\"85\" data-end=\"108\">Glicopepton Biotech<\/strong> \u00e9s un projecte biotecnol\u00f2gic estrat\u00e8gic que neix de la col\u00b7laboraci\u00f3 entre <strong data-start=\"184\" data-end=\"203\">C\u00e0rniques Celr\u00e0<\/strong>, <strong data-start=\"205\" data-end=\"225\">Costa Food Group<\/strong> i <strong data-start=\"228\" data-end=\"261\">Laboratoris Farmac\u00e8utics ROVI<\/strong>, amb l\u2019objectiu de desenvolupar solucions d\u2019<strong data-start=\"306\" data-end=\"354\">alt valor tecnol\u00f2gic, sanitari i nutricional<\/strong> a partir de subproductes del porc\u00ed, integrant innovaci\u00f3, sostenibilitat i excel\u00b7l\u00e8ncia industrial.<\/p><p data-start=\"455\" data-end=\"947\">La iniciativa representa un clar exemple d\u2019<strong data-start=\"498\" data-end=\"528\">economia circular aplicada<\/strong>, ja que permet la transformaci\u00f3 de la mucosa intestinal del porc en <strong data-start=\"597\" data-end=\"609\">heparina<\/strong>, un medicament anticoagulant essencial per a la prevenci\u00f3 i el tractament de malalties tromboemb\u00f2liques. Es tracta d\u2019un f\u00e0rmac d\u2019origen biol\u00f2gic, cr\u00edtic per als sistemes sanitaris, la producci\u00f3 del qual en territori nacional suposa un aven\u00e7 significatiu en termes de <strong data-start=\"877\" data-end=\"946\">seguretat sanit\u00e0ria, autonomia industrial i capacitat tecnol\u00f2gica<\/strong>.<\/p><p data-start=\"949\" data-end=\"1446\">Un dels principals objectius de Glicopepton Biotech \u00e9s contribuir a l\u2019<strong data-start=\"1019\" data-end=\"1059\">autoabastiment d\u2019heparines a Espanya<\/strong>, reduint la depend\u00e8ncia exterior i refor\u00e7ant la cadena de subministrament farmac\u00e8utica. <strong data-start=\"1148\" data-end=\"1268\">Ens enorgulleix poder obtenir aquest medicament amb les m\u00e0ximes garanties sanit\u00e0ries i amb una tra\u00e7abilitat completa<\/strong>, des de l\u2019origen de la mat\u00e8ria primera fins al producte final, complint amb els est\u00e0ndards m\u00e9s exigents de qualitat, control i seguretat requerits per la ind\u00fastria farmac\u00e8utica.<\/p><p data-start=\"1448\" data-end=\"1873\">Aix\u00ed mateix, el projecte impulsa la <strong data-start=\"1484\" data-end=\"1529\">revaloritzaci\u00f3 integral dels subproductes<\/strong> generats durant el proc\u00e9s productiu. Aquells materials que no es destinen a l\u2019obtenci\u00f3 d\u2019heparina es transformen en <strong data-start=\"1646\" data-end=\"1704\">pinsos d\u2019alt valor nutritiu per a l\u2019alimentaci\u00f3 animal<\/strong> i en <strong data-start=\"1710\" data-end=\"1727\">fertilitzants<\/strong>, contribuint a un aprofitament eficient dels recursos, a la reducci\u00f3 de residus i a un model productiu m\u00e9s sostenible i responsable amb l\u2019entorn.<\/p><p data-start=\"1875\" data-end=\"2425\">Glicopepton Biotech aplega l\u2019experi\u00e8ncia dels <strong data-start=\"1921\" data-end=\"1954\">Laboratoris Farmac\u00e8utics ROVI<\/strong>, referent internacional en recerca i desenvolupament d\u2019heparines de baix pes molecular, el lideratge de <strong data-start=\"2059\" data-end=\"2079\">Costa Food Group<\/strong> com un dels principals grups porc\u00edns d\u2019Europa, i el coneixement i l\u2019especialitzaci\u00f3 de <strong data-start=\"2167\" data-end=\"2186\">C\u00e0rniques Celr\u00e0<\/strong> en l\u2019\u00e0mbit carni. Aquesta uni\u00f3 de capacitats permet desenvolupar un projecte innovador que genera <strong data-start=\"2285\" data-end=\"2324\">valor econ\u00f2mic, tecnol\u00f2gic i social<\/strong>, alhora que impulsa l\u2019ocupaci\u00f3 qualificada, la recerca i el desenvolupament industrial al territori.<\/p><p data-start=\"2427\" data-end=\"2753\">Amb Glicopepton Biotech, <strong data-start=\"2452\" data-end=\"2471\">C\u00e0rniques Celr\u00e0<\/strong> reafirma el seu comprom\u00eds amb la <strong data-start=\"2505\" data-end=\"2578\">innovaci\u00f3, la sostenibilitat, la seguretat sanit\u00e0ria i l\u2019excel\u00b7l\u00e8ncia<\/strong>, participant activament en una iniciativa que situa la ind\u00fastria c\u00e0rnia com un actor clau en el desenvolupament de solucions biotecnol\u00f2giques d\u2019alt impacte per a la societat.<\/p>\t\t\t\t\t\t\t\t<\/div>\n\t\t\t\t<\/div>\n\t\t\t\t\t<\/div>\n\t\t\t\t<\/div>\n\t\t\t\t<section class=\"elementor-section elementor-top-section elementor-element elementor-element-bb464e9 elementor-section-full_width qodef-elementor-content-grid elementor-section-height-default elementor-section-height-default\" data-id=\"bb464e9\" data-element_type=\"section\" data-e-type=\"section\">\n\t\t\t\t\t\t<div class=\"elementor-container elementor-column-gap-default\">\n\t\t\t\t\t<div class=\"elementor-column elementor-col-100 elementor-top-column elementor-element elementor-element-363c222\" data-id=\"363c222\" data-element_type=\"column\" data-e-type=\"column\">\n\t\t\t<div class=\"elementor-widget-wrap elementor-element-populated\">\n\t\t\t\t<div class=\"elementor-element elementor-element-9c90df4 e-grid e-con-boxed e-con e-parent\" data-id=\"9c90df4\" data-element_type=\"container\" data-e-type=\"container\">\n\t\t\t\t\t<div class=\"e-con-inner\">\n\t\t\t\t<div class=\"elementor-element elementor-element-870ffdb elementor-widget elementor-widget-image\" data-id=\"870ffdb\" data-element_type=\"widget\" data-e-type=\"widget\" data-widget_type=\"image.default\">\n\t\t\t\t<div class=\"elementor-widget-container\">\n\t\t\t\t\t\t\t\t\t\t\t\t\t\t\t<img fetchpriority=\"high\" decoding=\"async\" width=\"472\" height=\"523\" src=\"https:\/\/ccelra.eu\/wp-content\/uploads\/2025\/12\/LOGO_CELRA.jpg\" class=\"attachment-large size-large wp-image-20745\" alt=\"\" srcset=\"https:\/\/ccelra.eu\/wp-content\/uploads\/2025\/12\/LOGO_CELRA.jpg 472w, https:\/\/ccelra.eu\/wp-content\/uploads\/2025\/12\/LOGO_CELRA-271x300.jpg 271w\" sizes=\"(max-width: 472px) 100vw, 472px\" \/>\t\t\t\t\t\t\t\t\t\t\t\t\t\t\t<\/div>\n\t\t\t\t<\/div>\n\t\t\t\t<div class=\"elementor-element elementor-element-5f82ca6 elementor-widget elementor-widget-image\" data-id=\"5f82ca6\" data-element_type=\"widget\" data-e-type=\"widget\" data-widget_type=\"image.default\">\n\t\t\t\t<div class=\"elementor-widget-container\">\n\t\t\t\t\t\t\t\t\t\t\t\t\t\t\t<img decoding=\"async\" width=\"472\" height=\"523\" src=\"https:\/\/ccelra.eu\/wp-content\/uploads\/2025\/12\/LOGO_COSTA_2.jpg\" class=\"attachment-large size-large wp-image-20746\" alt=\"\" srcset=\"https:\/\/ccelra.eu\/wp-content\/uploads\/2025\/12\/LOGO_COSTA_2.jpg 472w, https:\/\/ccelra.eu\/wp-content\/uploads\/2025\/12\/LOGO_COSTA_2-271x300.jpg 271w\" sizes=\"(max-width: 472px) 100vw, 472px\" \/>\t\t\t\t\t\t\t\t\t\t\t\t\t\t\t<\/div>\n\t\t\t\t<\/div>\n\t\t\t\t<div class=\"elementor-element elementor-element-3c7d5a0 elementor-widget elementor-widget-image\" data-id=\"3c7d5a0\" data-element_type=\"widget\" data-e-type=\"widget\" data-widget_type=\"image.default\">\n\t\t\t\t<div class=\"elementor-widget-container\">\n\t\t\t\t\t\t\t\t\t\t\t\t\t\t\t<img decoding=\"async\" width=\"472\" height=\"523\" src=\"https:\/\/ccelra.eu\/wp-content\/uploads\/2025\/12\/LOGO_ROVI_2.jpg\" class=\"attachment-large size-large wp-image-20747\" alt=\"\" srcset=\"https:\/\/ccelra.eu\/wp-content\/uploads\/2025\/12\/LOGO_ROVI_2.jpg 472w, https:\/\/ccelra.eu\/wp-content\/uploads\/2025\/12\/LOGO_ROVI_2-271x300.jpg 271w\" sizes=\"(max-width: 472px) 100vw, 472px\" \/>\t\t\t\t\t\t\t\t\t\t\t\t\t\t\t<\/div>\n\t\t\t\t<\/div>\n\t\t\t\t\t<\/div>\n\t\t\t\t<\/div>\n\t\t\t\t\t<\/div>\n\t\t<\/div>\n\t\t\t\t\t<\/div>\n\t\t<\/section>\n\t\t<div class=\"elementor-element elementor-element-bf2de00 e-flex e-con-boxed e-con e-parent\" data-id=\"bf2de00\" data-element_type=\"container\" data-e-type=\"container\" data-settings=\"{&quot;background_background&quot;:&quot;classic&quot;}\">\n\t\t\t\t\t<div class=\"e-con-inner\">\n\t\t\t\t<div class=\"elementor-element elementor-element-e6fa70e elementor-widget elementor-widget-heading\" data-id=\"e6fa70e\" data-element_type=\"widget\" data-e-type=\"widget\" data-widget_type=\"heading.default\">\n\t\t\t\t<div class=\"elementor-widget-container\">\n\t\t\t\t\t<h2 class=\"elementor-heading-title elementor-size-default\">- De l\u2019origen natural a la biotecnologia avan\u00e7ada -<\/h2>\t\t\t\t<\/div>\n\t\t\t\t<\/div>\n\t\t\t\t\t<\/div>\n\t\t\t\t<\/div>\n\t\t<div class=\"elementor-element elementor-element-4292847 e-con-full e-flex e-con e-parent\" data-id=\"4292847\" data-element_type=\"container\" data-e-type=\"container\">\n\t\t<div class=\"elementor-element elementor-element-de0c44a e-con-full e-flex e-con e-child\" data-id=\"de0c44a\" data-element_type=\"container\" data-e-type=\"container\">\n\t\t\t\t<div class=\"elementor-element elementor-element-000cf0c elementor-widget elementor-widget-image\" data-id=\"000cf0c\" data-element_type=\"widget\" data-e-type=\"widget\" data-widget_type=\"image.default\">\n\t\t\t\t<div class=\"elementor-widget-container\">\n\t\t\t\t\t\t\t\t\t\t\t\t\t\t\t<img loading=\"lazy\" decoding=\"async\" width=\"1024\" height=\"1024\" src=\"https:\/\/ccelra.eu\/wp-content\/uploads\/2025\/11\/01glico_web-1024x1024.jpg\" class=\"attachment-large size-large wp-image-20457\" alt=\"\" srcset=\"https:\/\/ccelra.eu\/wp-content\/uploads\/2025\/11\/01glico_web-1024x1024.jpg 1024w, https:\/\/ccelra.eu\/wp-content\/uploads\/2025\/11\/01glico_web-150x150.jpg 150w, https:\/\/ccelra.eu\/wp-content\/uploads\/2025\/11\/01glico_web-300x300.jpg 300w, https:\/\/ccelra.eu\/wp-content\/uploads\/2025\/11\/01glico_web-768x767.jpg 768w, https:\/\/ccelra.eu\/wp-content\/uploads\/2025\/11\/01glico_web-650x650.jpg 650w, https:\/\/ccelra.eu\/wp-content\/uploads\/2025\/11\/01glico_web-600x600.jpg 600w, https:\/\/ccelra.eu\/wp-content\/uploads\/2025\/11\/01glico_web-100x100.jpg 100w, https:\/\/ccelra.eu\/wp-content\/uploads\/2025\/11\/01glico_web.jpg 1231w\" sizes=\"(max-width: 1024px) 100vw, 1024px\" \/>\t\t\t\t\t\t\t\t\t\t\t\t\t\t\t<\/div>\n\t\t\t\t<\/div>\n\t\t\t\t<\/div>\n\t\t<div class=\"elementor-element elementor-element-aa697ee e-con-full e-flex e-con e-child\" data-id=\"aa697ee\" data-element_type=\"container\" data-e-type=\"container\">\n\t\t\t\t<div class=\"elementor-element elementor-element-a183323 elementor-widget elementor-widget-image\" data-id=\"a183323\" data-element_type=\"widget\" data-e-type=\"widget\" data-widget_type=\"image.default\">\n\t\t\t\t<div class=\"elementor-widget-container\">\n\t\t\t\t\t\t\t\t\t\t\t\t\t\t\t<img loading=\"lazy\" decoding=\"async\" width=\"768\" height=\"767\" src=\"https:\/\/ccelra.eu\/wp-content\/uploads\/2025\/12\/05glico_web-768x767.jpg\" class=\"attachment-medium_large size-medium_large wp-image-20719\" alt=\"\" srcset=\"https:\/\/ccelra.eu\/wp-content\/uploads\/2025\/12\/05glico_web-768x767.jpg 768w, https:\/\/ccelra.eu\/wp-content\/uploads\/2025\/12\/05glico_web-300x300.jpg 300w, https:\/\/ccelra.eu\/wp-content\/uploads\/2025\/12\/05glico_web-1024x1024.jpg 1024w, https:\/\/ccelra.eu\/wp-content\/uploads\/2025\/12\/05glico_web-150x150.jpg 150w, https:\/\/ccelra.eu\/wp-content\/uploads\/2025\/12\/05glico_web-650x650.jpg 650w, https:\/\/ccelra.eu\/wp-content\/uploads\/2025\/12\/05glico_web-600x600.jpg 600w, https:\/\/ccelra.eu\/wp-content\/uploads\/2025\/12\/05glico_web-100x100.jpg 100w, https:\/\/ccelra.eu\/wp-content\/uploads\/2025\/12\/05glico_web.jpg 1231w\" sizes=\"(max-width: 768px) 100vw, 768px\" \/>\t\t\t\t\t\t\t\t\t\t\t\t\t\t\t<\/div>\n\t\t\t\t<\/div>\n\t\t\t\t<\/div>\n\t\t<div class=\"elementor-element elementor-element-bc443b3 e-con-full e-flex e-con e-child\" data-id=\"bc443b3\" data-element_type=\"container\" data-e-type=\"container\">\n\t\t\t\t<div class=\"elementor-element elementor-element-c920922 elementor-widget elementor-widget-image\" data-id=\"c920922\" data-element_type=\"widget\" data-e-type=\"widget\" data-widget_type=\"image.default\">\n\t\t\t\t<div class=\"elementor-widget-container\">\n\t\t\t\t\t\t\t\t\t\t\t\t\t\t\t<img loading=\"lazy\" decoding=\"async\" width=\"1024\" height=\"1024\" src=\"https:\/\/ccelra.eu\/wp-content\/uploads\/2025\/11\/02glico_web-1024x1024.jpg\" class=\"attachment-large size-large wp-image-20458\" alt=\"\" srcset=\"https:\/\/ccelra.eu\/wp-content\/uploads\/2025\/11\/02glico_web-1024x1024.jpg 1024w, https:\/\/ccelra.eu\/wp-content\/uploads\/2025\/11\/02glico_web-150x150.jpg 150w, https:\/\/ccelra.eu\/wp-content\/uploads\/2025\/11\/02glico_web-300x300.jpg 300w, https:\/\/ccelra.eu\/wp-content\/uploads\/2025\/11\/02glico_web-768x767.jpg 768w, https:\/\/ccelra.eu\/wp-content\/uploads\/2025\/11\/02glico_web-650x650.jpg 650w, https:\/\/ccelra.eu\/wp-content\/uploads\/2025\/11\/02glico_web-600x600.jpg 600w, https:\/\/ccelra.eu\/wp-content\/uploads\/2025\/11\/02glico_web-100x100.jpg 100w, https:\/\/ccelra.eu\/wp-content\/uploads\/2025\/11\/02glico_web.jpg 1231w\" sizes=\"(max-width: 1024px) 100vw, 1024px\" \/>\t\t\t\t\t\t\t\t\t\t\t\t\t\t\t<\/div>\n\t\t\t\t<\/div>\n\t\t\t\t<\/div>\n\t\t\t\t<\/div>\n\t\t<div class=\"elementor-element elementor-element-5ed03d4 e-flex e-con-boxed e-con e-parent\" data-id=\"5ed03d4\" data-element_type=\"container\" data-e-type=\"container\" data-settings=\"{&quot;background_background&quot;:&quot;classic&quot;}\">\n\t\t\t\t\t<div class=\"e-con-inner\">\n\t\t\t\t\t<\/div>\n\t\t\t\t<\/div>\n\t\t<div class=\"elementor-element elementor-element-1392ff9 e-flex e-con-boxed e-con e-parent\" data-id=\"1392ff9\" data-element_type=\"container\" data-e-type=\"container\">\n\t\t\t\t\t<div class=\"e-con-inner\">\n\t\t\t\t\t<\/div>\n\t\t\t\t<\/div>\n\t\t\t\t<\/div>\n\t\t","protected":false},"excerpt":{"rendered":"<p>Olot Meats Group avan\u00e7a pel benestar de les persones. Glicopepton Biotech \u00e9s un projecte biotecnol\u00f2gic estrat\u00e8gic que neix de la col\u00b7laboraci\u00f3 entre C\u00e0rniques Celr\u00e0, Costa Food Group i Laboratoris Farmac\u00e8utics ROVI, amb l\u2019objectiu de desenvolupar solucions d\u2019alt valor tecnol\u00f2gic, sanitari i nutricional a partir de subproductes del porc\u00ed, integrant innovaci\u00f3, sostenibilitat i excel\u00b7l\u00e8ncia industrial. La [&hellip;]<\/p>\n","protected":false},"author":1,"featured_media":0,"parent":0,"menu_order":0,"comment_status":"closed","ping_status":"closed","template":"page-full-width.php","meta":{"footnotes":""},"class_list":["post-20762","page","type-page","status-publish","hentry"],"_links":{"self":[{"href":"https:\/\/ccelra.eu\/index.php\/wp-json\/wp\/v2\/pages\/20762","targetHints":{"allow":["GET"]}}],"collection":[{"href":"https:\/\/ccelra.eu\/index.php\/wp-json\/wp\/v2\/pages"}],"about":[{"href":"https:\/\/ccelra.eu\/index.php\/wp-json\/wp\/v2\/types\/page"}],"author":[{"embeddable":true,"href":"https:\/\/ccelra.eu\/index.php\/wp-json\/wp\/v2\/users\/1"}],"replies":[{"embeddable":true,"href":"https:\/\/ccelra.eu\/index.php\/wp-json\/wp\/v2\/comments?post=20762"}],"version-history":[{"count":7,"href":"https:\/\/ccelra.eu\/index.php\/wp-json\/wp\/v2\/pages\/20762\/revisions"}],"predecessor-version":[{"id":20772,"href":"https:\/\/ccelra.eu\/index.php\/wp-json\/wp\/v2\/pages\/20762\/revisions\/20772"}],"wp:attachment":[{"href":"https:\/\/ccelra.eu\/index.php\/wp-json\/wp\/v2\/media?parent=20762"}],"curies":[{"name":"wp","href":"https:\/\/api.w.org\/{rel}","templated":true}]}}