{"id":20409,"date":"2025-11-26T11:34:16","date_gmt":"2025-11-26T11:34:16","guid":{"rendered":"https:\/\/angry-euler.82-223-12-193.plesk.page\/?page_id=20409"},"modified":"2025-12-16T08:19:01","modified_gmt":"2025-12-16T08:19:01","slug":"glicopepton","status":"publish","type":"page","link":"https:\/\/ccelra.eu\/index.php\/glicopepton\/","title":{"rendered":"Glicopepton"},"content":{"rendered":"\t\t<div data-elementor-type=\"wp-page\" data-elementor-id=\"20409\" class=\"elementor elementor-20409\">\n\t\t\t\t\t\t<section class=\"elementor-section elementor-top-section elementor-element elementor-element-73d1c9a elementor-section-full_width qodef-elementor-content-grid elementor-section-height-default elementor-section-height-default\" data-id=\"73d1c9a\" data-element_type=\"section\" data-e-type=\"section\">\n\t\t\t\t\t\t<div class=\"elementor-container elementor-column-gap-no\">\n\t\t\t\t\t<div class=\"elementor-column elementor-col-100 elementor-top-column elementor-element elementor-element-31985ad\" data-id=\"31985ad\" data-element_type=\"column\" data-e-type=\"column\">\n\t\t\t<div class=\"elementor-widget-wrap elementor-element-populated\">\n\t\t\t\t\t\t\t<\/div>\n\t\t<\/div>\n\t\t\t\t\t<\/div>\n\t\t<\/section>\n\t\t<div class=\"elementor-element elementor-element-9a97053 e-flex e-con-boxed e-con e-parent\" data-id=\"9a97053\" data-element_type=\"container\" data-e-type=\"container\">\n\t\t\t\t\t<div class=\"e-con-inner\">\n\t\t\t\t<div class=\"elementor-element elementor-element-85a6015 elementor-widget elementor-widget-heading\" data-id=\"85a6015\" data-element_type=\"widget\" data-e-type=\"widget\" data-widget_type=\"heading.default\">\n\t\t\t\t<div class=\"elementor-widget-container\">\n\t\t\t\t\t<h2 class=\"elementor-heading-title elementor-size-default\">Olot Meats Group avanza por el bienestar de las personas.<\/h2>\t\t\t\t<\/div>\n\t\t\t\t<\/div>\n\t\t\t\t<div class=\"elementor-element elementor-element-9e24cfb elementor-widget elementor-widget-text-editor\" data-id=\"9e24cfb\" data-element_type=\"widget\" data-e-type=\"widget\" data-widget_type=\"text-editor.default\">\n\t\t\t\t<div class=\"elementor-widget-container\">\n\t\t\t\t\t\t\t\t\t<p data-start=\"342\" data-end=\"720\"><strong data-start=\"342\" data-end=\"365\">Glicopepton Biotech<\/strong> es un proyecto biotecnol\u00f3gico estrat\u00e9gico que nace de la colaboraci\u00f3n entre <strong data-start=\"442\" data-end=\"461\">C\u00e0rniques Celr\u00e0<\/strong>, <strong data-start=\"463\" data-end=\"483\">Costa Food Group<\/strong> y <strong data-start=\"486\" data-end=\"521\">Laboratorios Farmac\u00e9uticos ROVI<\/strong>, con el objetivo de desarrollar soluciones de <strong data-start=\"568\" data-end=\"619\">alto valor tecnol\u00f3gico, sanitario y nutricional<\/strong> a partir de subproductos del porcino, integrando innovaci\u00f3n, sostenibilidad y excelencia industrial.<\/p><p data-start=\"722\" data-end=\"1225\">La iniciativa representa un claro ejemplo de <strong data-start=\"767\" data-end=\"797\">econom\u00eda circular aplicada<\/strong>, al permitir la transformaci\u00f3n de la mucosa intestinal del cerdo en <strong data-start=\"866\" data-end=\"878\">heparina<\/strong>, un medicamento anticoagulante esencial para la prevenci\u00f3n y el tratamiento de enfermedades tromboemb\u00f3licas. Se trata de un f\u00e1rmaco de origen biol\u00f3gico, cr\u00edtico para los sistemas sanitarios, cuya producci\u00f3n en territorio nacional supone un avance significativo en t\u00e9rminos de <strong data-start=\"1155\" data-end=\"1224\">seguridad sanitaria, autonom\u00eda industrial y capacidad tecnol\u00f3gica<\/strong>.<\/p><p data-start=\"1227\" data-end=\"1729\">Uno de los principales objetivos de Glicopepton Biotech es contribuir al <strong data-start=\"1300\" data-end=\"1345\">autoabastecimiento de heparinas en Espa\u00f1a<\/strong>, reduciendo la dependencia exterior y fortaleciendo la cadena de suministro farmac\u00e9utica. <strong data-start=\"1436\" data-end=\"1555\">Nos enorgullece poder obtener este medicamento con las m\u00e1ximas garant\u00edas sanitarias y con una trazabilidad completa<\/strong>, desde el origen de la materia prima hasta el producto final, cumpliendo con los m\u00e1s altos est\u00e1ndares de calidad, control y seguridad exigidos por la industria farmac\u00e9utica.<\/p><p data-start=\"1731\" data-end=\"2186\">Asimismo, el proyecto impulsa la <strong data-start=\"1764\" data-end=\"1811\">revalorizaci\u00f3n integral de los subproductos<\/strong> generados durante el proceso productivo. Aquellos materiales que no se destinan a la obtenci\u00f3n de heparina son transformados en <strong data-start=\"1940\" data-end=\"2003\">piensos de alto valor nutritivo para la alimentaci\u00f3n animal<\/strong> y en <strong data-start=\"2009\" data-end=\"2026\">fertilizantes<\/strong>, contribuyendo a un aprovechamiento eficiente de los recursos, a la reducci\u00f3n de residuos y a un modelo productivo m\u00e1s sostenible y responsable con el entorno.<\/p><p data-start=\"2188\" data-end=\"2760\">Glicopepton Biotech a\u00fana la experiencia de <strong data-start=\"2231\" data-end=\"2266\">Laboratorios Farmac\u00e9uticos ROVI<\/strong>, referente internacional en investigaci\u00f3n y desarrollo de heparinas de bajo peso molecular, el liderazgo de <strong data-start=\"2375\" data-end=\"2395\">Costa Food Group<\/strong> como uno de los principales grupos porcinos de Europa, y el conocimiento y especializaci\u00f3n de <strong data-start=\"2490\" data-end=\"2509\">C\u00e0rniques Celr\u00e0<\/strong> en el \u00e1mbito c\u00e1rnico. Esta uni\u00f3n de capacidades permite desarrollar un proyecto innovador que genera <strong data-start=\"2611\" data-end=\"2652\">valor econ\u00f3mico, tecnol\u00f3gico y social<\/strong>, al tiempo que impulsa el empleo cualificado, la investigaci\u00f3n y el desarrollo industrial en el territorio.<\/p><p data-start=\"2762\" data-end=\"3084\">Con Glicopepton Biotech, C\u00e0rniques Celr\u00e0 reafirma su compromiso con la <strong data-start=\"2833\" data-end=\"2906\">innovaci\u00f3n, la sostenibilidad, la seguridad sanitaria y la excelencia<\/strong>, participando activamente en una iniciativa que sit\u00faa a la industria c\u00e1rnica como un actor clave en el desarrollo de soluciones biotecnol\u00f3gicas de alto impacto para la sociedad.<\/p>\t\t\t\t\t\t\t\t<\/div>\n\t\t\t\t<\/div>\n\t\t\t\t\t<\/div>\n\t\t\t\t<\/div>\n\t\t\t\t<section class=\"elementor-section elementor-top-section elementor-element elementor-element-bb464e9 elementor-section-full_width qodef-elementor-content-grid elementor-section-height-default elementor-section-height-default\" data-id=\"bb464e9\" data-element_type=\"section\" data-e-type=\"section\">\n\t\t\t\t\t\t<div class=\"elementor-container elementor-column-gap-default\">\n\t\t\t\t\t<div class=\"elementor-column elementor-col-100 elementor-top-column elementor-element elementor-element-363c222\" data-id=\"363c222\" data-element_type=\"column\" data-e-type=\"column\">\n\t\t\t<div class=\"elementor-widget-wrap elementor-element-populated\">\n\t\t\t\t<div class=\"elementor-element elementor-element-9c90df4 e-grid e-con-boxed e-con e-parent\" data-id=\"9c90df4\" data-element_type=\"container\" data-e-type=\"container\">\n\t\t\t\t\t<div class=\"e-con-inner\">\n\t\t\t\t<div class=\"elementor-element elementor-element-870ffdb elementor-widget elementor-widget-image\" data-id=\"870ffdb\" data-element_type=\"widget\" data-e-type=\"widget\" data-widget_type=\"image.default\">\n\t\t\t\t<div class=\"elementor-widget-container\">\n\t\t\t\t\t\t\t\t\t\t\t\t\t\t\t<img fetchpriority=\"high\" decoding=\"async\" width=\"472\" height=\"523\" src=\"https:\/\/ccelra.eu\/wp-content\/uploads\/2025\/12\/LOGO_CELRA.jpg\" class=\"attachment-large size-large wp-image-20745\" alt=\"\" srcset=\"https:\/\/ccelra.eu\/wp-content\/uploads\/2025\/12\/LOGO_CELRA.jpg 472w, https:\/\/ccelra.eu\/wp-content\/uploads\/2025\/12\/LOGO_CELRA-271x300.jpg 271w\" sizes=\"(max-width: 472px) 100vw, 472px\" \/>\t\t\t\t\t\t\t\t\t\t\t\t\t\t\t<\/div>\n\t\t\t\t<\/div>\n\t\t\t\t<div class=\"elementor-element elementor-element-5f82ca6 elementor-widget elementor-widget-image\" data-id=\"5f82ca6\" data-element_type=\"widget\" data-e-type=\"widget\" data-widget_type=\"image.default\">\n\t\t\t\t<div class=\"elementor-widget-container\">\n\t\t\t\t\t\t\t\t\t\t\t\t\t\t\t<img decoding=\"async\" width=\"472\" height=\"523\" src=\"https:\/\/ccelra.eu\/wp-content\/uploads\/2025\/12\/LOGO_COSTA_2.jpg\" class=\"attachment-large size-large wp-image-20746\" alt=\"\" srcset=\"https:\/\/ccelra.eu\/wp-content\/uploads\/2025\/12\/LOGO_COSTA_2.jpg 472w, https:\/\/ccelra.eu\/wp-content\/uploads\/2025\/12\/LOGO_COSTA_2-271x300.jpg 271w\" sizes=\"(max-width: 472px) 100vw, 472px\" \/>\t\t\t\t\t\t\t\t\t\t\t\t\t\t\t<\/div>\n\t\t\t\t<\/div>\n\t\t\t\t<div class=\"elementor-element elementor-element-3c7d5a0 elementor-widget elementor-widget-image\" data-id=\"3c7d5a0\" data-element_type=\"widget\" data-e-type=\"widget\" data-widget_type=\"image.default\">\n\t\t\t\t<div class=\"elementor-widget-container\">\n\t\t\t\t\t\t\t\t\t\t\t\t\t\t\t<img decoding=\"async\" width=\"472\" height=\"523\" src=\"https:\/\/ccelra.eu\/wp-content\/uploads\/2025\/12\/LOGO_ROVI_2.jpg\" class=\"attachment-large size-large wp-image-20747\" alt=\"\" srcset=\"https:\/\/ccelra.eu\/wp-content\/uploads\/2025\/12\/LOGO_ROVI_2.jpg 472w, https:\/\/ccelra.eu\/wp-content\/uploads\/2025\/12\/LOGO_ROVI_2-271x300.jpg 271w\" sizes=\"(max-width: 472px) 100vw, 472px\" \/>\t\t\t\t\t\t\t\t\t\t\t\t\t\t\t<\/div>\n\t\t\t\t<\/div>\n\t\t\t\t\t<\/div>\n\t\t\t\t<\/div>\n\t\t\t\t\t<\/div>\n\t\t<\/div>\n\t\t\t\t\t<\/div>\n\t\t<\/section>\n\t\t<div class=\"elementor-element elementor-element-bf2de00 e-flex e-con-boxed e-con e-parent\" data-id=\"bf2de00\" data-element_type=\"container\" data-e-type=\"container\" data-settings=\"{&quot;background_background&quot;:&quot;classic&quot;}\">\n\t\t\t\t\t<div class=\"e-con-inner\">\n\t\t\t\t<div class=\"elementor-element elementor-element-e6fa70e elementor-widget elementor-widget-heading\" data-id=\"e6fa70e\" data-element_type=\"widget\" data-e-type=\"widget\" data-widget_type=\"heading.default\">\n\t\t\t\t<div class=\"elementor-widget-container\">\n\t\t\t\t\t<h2 class=\"elementor-heading-title elementor-size-default\">- Del origen natural a la biotecnolog\u00eda avanzada -<\/h2>\t\t\t\t<\/div>\n\t\t\t\t<\/div>\n\t\t\t\t\t<\/div>\n\t\t\t\t<\/div>\n\t\t<div class=\"elementor-element elementor-element-4292847 e-con-full e-flex e-con e-parent\" data-id=\"4292847\" data-element_type=\"container\" data-e-type=\"container\">\n\t\t<div class=\"elementor-element elementor-element-de0c44a e-con-full e-flex e-con e-child\" data-id=\"de0c44a\" data-element_type=\"container\" data-e-type=\"container\">\n\t\t\t\t<div class=\"elementor-element elementor-element-000cf0c elementor-widget elementor-widget-image\" data-id=\"000cf0c\" data-element_type=\"widget\" data-e-type=\"widget\" data-widget_type=\"image.default\">\n\t\t\t\t<div class=\"elementor-widget-container\">\n\t\t\t\t\t\t\t\t\t\t\t\t\t\t\t<img loading=\"lazy\" decoding=\"async\" width=\"1024\" height=\"1024\" src=\"https:\/\/ccelra.eu\/wp-content\/uploads\/2025\/11\/01glico_web-1024x1024.jpg\" class=\"attachment-large size-large wp-image-20457\" alt=\"\" srcset=\"https:\/\/ccelra.eu\/wp-content\/uploads\/2025\/11\/01glico_web-1024x1024.jpg 1024w, https:\/\/ccelra.eu\/wp-content\/uploads\/2025\/11\/01glico_web-150x150.jpg 150w, https:\/\/ccelra.eu\/wp-content\/uploads\/2025\/11\/01glico_web-300x300.jpg 300w, https:\/\/ccelra.eu\/wp-content\/uploads\/2025\/11\/01glico_web-768x767.jpg 768w, https:\/\/ccelra.eu\/wp-content\/uploads\/2025\/11\/01glico_web-650x650.jpg 650w, https:\/\/ccelra.eu\/wp-content\/uploads\/2025\/11\/01glico_web-600x600.jpg 600w, https:\/\/ccelra.eu\/wp-content\/uploads\/2025\/11\/01glico_web-100x100.jpg 100w, https:\/\/ccelra.eu\/wp-content\/uploads\/2025\/11\/01glico_web.jpg 1231w\" sizes=\"(max-width: 1024px) 100vw, 1024px\" \/>\t\t\t\t\t\t\t\t\t\t\t\t\t\t\t<\/div>\n\t\t\t\t<\/div>\n\t\t\t\t<\/div>\n\t\t<div class=\"elementor-element elementor-element-aa697ee e-con-full e-flex e-con e-child\" data-id=\"aa697ee\" data-element_type=\"container\" data-e-type=\"container\">\n\t\t\t\t<div class=\"elementor-element elementor-element-a183323 elementor-widget elementor-widget-image\" data-id=\"a183323\" data-element_type=\"widget\" data-e-type=\"widget\" data-widget_type=\"image.default\">\n\t\t\t\t<div class=\"elementor-widget-container\">\n\t\t\t\t\t\t\t\t\t\t\t\t\t\t\t<img loading=\"lazy\" decoding=\"async\" width=\"768\" height=\"767\" src=\"https:\/\/ccelra.eu\/wp-content\/uploads\/2025\/12\/05glico_web-768x767.jpg\" class=\"attachment-medium_large size-medium_large wp-image-20719\" alt=\"\" srcset=\"https:\/\/ccelra.eu\/wp-content\/uploads\/2025\/12\/05glico_web-768x767.jpg 768w, https:\/\/ccelra.eu\/wp-content\/uploads\/2025\/12\/05glico_web-300x300.jpg 300w, https:\/\/ccelra.eu\/wp-content\/uploads\/2025\/12\/05glico_web-1024x1024.jpg 1024w, https:\/\/ccelra.eu\/wp-content\/uploads\/2025\/12\/05glico_web-150x150.jpg 150w, https:\/\/ccelra.eu\/wp-content\/uploads\/2025\/12\/05glico_web-650x650.jpg 650w, https:\/\/ccelra.eu\/wp-content\/uploads\/2025\/12\/05glico_web-600x600.jpg 600w, https:\/\/ccelra.eu\/wp-content\/uploads\/2025\/12\/05glico_web-100x100.jpg 100w, https:\/\/ccelra.eu\/wp-content\/uploads\/2025\/12\/05glico_web.jpg 1231w\" sizes=\"(max-width: 768px) 100vw, 768px\" \/>\t\t\t\t\t\t\t\t\t\t\t\t\t\t\t<\/div>\n\t\t\t\t<\/div>\n\t\t\t\t<\/div>\n\t\t<div class=\"elementor-element elementor-element-bc443b3 e-con-full e-flex e-con e-child\" data-id=\"bc443b3\" data-element_type=\"container\" data-e-type=\"container\">\n\t\t\t\t<div class=\"elementor-element elementor-element-c920922 elementor-widget elementor-widget-image\" data-id=\"c920922\" data-element_type=\"widget\" data-e-type=\"widget\" data-widget_type=\"image.default\">\n\t\t\t\t<div class=\"elementor-widget-container\">\n\t\t\t\t\t\t\t\t\t\t\t\t\t\t\t<img loading=\"lazy\" decoding=\"async\" width=\"1024\" height=\"1024\" src=\"https:\/\/ccelra.eu\/wp-content\/uploads\/2025\/11\/02glico_web-1024x1024.jpg\" class=\"attachment-large size-large wp-image-20458\" alt=\"\" srcset=\"https:\/\/ccelra.eu\/wp-content\/uploads\/2025\/11\/02glico_web-1024x1024.jpg 1024w, https:\/\/ccelra.eu\/wp-content\/uploads\/2025\/11\/02glico_web-150x150.jpg 150w, https:\/\/ccelra.eu\/wp-content\/uploads\/2025\/11\/02glico_web-300x300.jpg 300w, https:\/\/ccelra.eu\/wp-content\/uploads\/2025\/11\/02glico_web-768x767.jpg 768w, https:\/\/ccelra.eu\/wp-content\/uploads\/2025\/11\/02glico_web-650x650.jpg 650w, https:\/\/ccelra.eu\/wp-content\/uploads\/2025\/11\/02glico_web-600x600.jpg 600w, https:\/\/ccelra.eu\/wp-content\/uploads\/2025\/11\/02glico_web-100x100.jpg 100w, https:\/\/ccelra.eu\/wp-content\/uploads\/2025\/11\/02glico_web.jpg 1231w\" sizes=\"(max-width: 1024px) 100vw, 1024px\" \/>\t\t\t\t\t\t\t\t\t\t\t\t\t\t\t<\/div>\n\t\t\t\t<\/div>\n\t\t\t\t<\/div>\n\t\t\t\t<\/div>\n\t\t<div class=\"elementor-element elementor-element-5ed03d4 e-flex e-con-boxed e-con e-parent\" data-id=\"5ed03d4\" data-element_type=\"container\" data-e-type=\"container\" data-settings=\"{&quot;background_background&quot;:&quot;classic&quot;}\">\n\t\t\t\t\t<div class=\"e-con-inner\">\n\t\t\t\t\t<\/div>\n\t\t\t\t<\/div>\n\t\t<div class=\"elementor-element elementor-element-1392ff9 e-flex e-con-boxed e-con e-parent\" data-id=\"1392ff9\" data-element_type=\"container\" data-e-type=\"container\">\n\t\t\t\t\t<div class=\"e-con-inner\">\n\t\t\t\t\t<\/div>\n\t\t\t\t<\/div>\n\t\t\t\t<\/div>\n\t\t","protected":false},"excerpt":{"rendered":"<p>Olot Meats Group avanza por el bienestar de las personas. Glicopepton Biotech es un proyecto biotecnol\u00f3gico estrat\u00e9gico que nace de la colaboraci\u00f3n entre C\u00e0rniques Celr\u00e0, Costa Food Group y Laboratorios Farmac\u00e9uticos ROVI, con el objetivo de desarrollar soluciones de alto valor tecnol\u00f3gico, sanitario y nutricional a partir de subproductos del porcino, integrando innovaci\u00f3n, sostenibilidad y [&hellip;]<\/p>\n","protected":false},"author":1,"featured_media":0,"parent":0,"menu_order":0,"comment_status":"closed","ping_status":"closed","template":"page-full-width.php","meta":{"footnotes":""},"class_list":["post-20409","page","type-page","status-publish","hentry"],"_links":{"self":[{"href":"https:\/\/ccelra.eu\/index.php\/wp-json\/wp\/v2\/pages\/20409","targetHints":{"allow":["GET"]}}],"collection":[{"href":"https:\/\/ccelra.eu\/index.php\/wp-json\/wp\/v2\/pages"}],"about":[{"href":"https:\/\/ccelra.eu\/index.php\/wp-json\/wp\/v2\/types\/page"}],"author":[{"embeddable":true,"href":"https:\/\/ccelra.eu\/index.php\/wp-json\/wp\/v2\/users\/1"}],"replies":[{"embeddable":true,"href":"https:\/\/ccelra.eu\/index.php\/wp-json\/wp\/v2\/comments?post=20409"}],"version-history":[{"count":140,"href":"https:\/\/ccelra.eu\/index.php\/wp-json\/wp\/v2\/pages\/20409\/revisions"}],"predecessor-version":[{"id":20768,"href":"https:\/\/ccelra.eu\/index.php\/wp-json\/wp\/v2\/pages\/20409\/revisions\/20768"}],"wp:attachment":[{"href":"https:\/\/ccelra.eu\/index.php\/wp-json\/wp\/v2\/media?parent=20409"}],"curies":[{"name":"wp","href":"https:\/\/api.w.org\/{rel}","templated":true}]}}