{"id":19698,"date":"2025-06-16T12:36:09","date_gmt":"2025-06-16T12:36:09","guid":{"rendered":"https:\/\/angry-euler.82-223-12-193.plesk.page\/?page_id=19698"},"modified":"2025-06-20T11:03:39","modified_gmt":"2025-06-20T11:03:39","slug":"noticias_cat","status":"publish","type":"page","link":"https:\/\/ccelra.eu\/index.php\/ca\/noticias_cat\/","title":{"rendered":"Not\u00edcies"},"content":{"rendered":"\t\t<div data-elementor-type=\"wp-page\" data-elementor-id=\"19698\" class=\"elementor elementor-19698\">\n\t\t\t\t\t\t<section class=\"elementor-section elementor-top-section elementor-element elementor-element-c8469f8 elementor-section-boxed elementor-section-height-default elementor-section-height-default\" data-id=\"c8469f8\" data-element_type=\"section\" data-e-type=\"section\">\n\t\t\t\t\t\t<div class=\"elementor-container elementor-column-gap-default\">\n\t\t\t\t\t<div class=\"elementor-column elementor-col-100 elementor-top-column elementor-element elementor-element-dbca1f8\" data-id=\"dbca1f8\" data-element_type=\"column\" data-e-type=\"column\">\n\t\t\t<div class=\"elementor-widget-wrap elementor-element-populated\">\n\t\t\t\t\t\t<div class=\"elementor-element elementor-element-637056d elementor-widget elementor-widget-leroux_core_blog_list\" data-id=\"637056d\" data-element_type=\"widget\" data-e-type=\"widget\" data-widget_type=\"leroux_core_blog_list.default\">\n\t\t\t\t<div class=\"elementor-widget-container\">\n\t\t\t\t\t<div class=\"qodef-shortcode qodef-m  qodef-blog qodef-item-layout--compact   qodef-grid qodef-layout--columns  qodef-gutter--gigantic qodef-vertical-gutter--gigantic qodef-col-num--1 qodef-item-layout--compact qodef-pagination--off qodef-responsive--predefined\" data-options=\"{&quot;plugin&quot;:&quot;leroux_core&quot;,&quot;module&quot;:&quot;blog\\\/shortcodes&quot;,&quot;shortcode&quot;:&quot;blog-list&quot;,&quot;post_type&quot;:&quot;post&quot;,&quot;next_page&quot;:&quot;2&quot;,&quot;max_pages_num&quot;:7,&quot;behavior&quot;:&quot;columns&quot;,&quot;images_proportion&quot;:&quot;full&quot;,&quot;columns&quot;:&quot;1&quot;,&quot;columns_responsive&quot;:&quot;predefined&quot;,&quot;space&quot;:&quot;gigantic&quot;,&quot;vertical_space&quot;:&quot;gigantic&quot;,&quot;posts_per_page&quot;:&quot;5&quot;,&quot;orderby&quot;:&quot;date&quot;,&quot;order&quot;:&quot;DESC&quot;,&quot;additional_params&quot;:&quot;tax&quot;,&quot;tax&quot;:&quot;category&quot;,&quot;layout&quot;:&quot;compact&quot;,&quot;title_tag&quot;:&quot;h5&quot;,&quot;disable_button&quot;:&quot;yes&quot;,&quot;enable_borders&quot;:&quot;no&quot;,&quot;pagination_type&quot;:&quot;no-pagination&quot;,&quot;object_class_name&quot;:&quot;LerouxCore_Blog_List_Shortcode&quot;,&quot;taxonomy_filter&quot;:&quot;category&quot;,&quot;space_value&quot;:90}\">\n\t\t<div class=\"qodef-grid-inner\">\n\t\t<article class=\"qodef-e qodef-blog-item qodef-grid-item qodef-item--full post-20649 post type-post status-publish format-standard has-post-thumbnail hentry category-environment-en category-international\">\n\t<div class=\"qodef-e-inner\">\n\t\t<div class=\"qodef-e-media\">\n\t\t<div class=\"qodef-e-media-image\">\n\t\t<a itemprop=\"url\" href=\"https:\/\/ccelra.eu\/index.php\/en\/2025\/11\/10\/olot-meats-group-integrates-into-the-production-of-biofuels-from-pork-fat\/\">\n\t\t\t<img fetchpriority=\"high\" decoding=\"async\" width=\"1024\" height=\"876\" src=\"https:\/\/ccelra.eu\/wp-content\/uploads\/2025\/11\/medi_ambient_06.jpg\" class=\"attachment-full size-full\" alt=\"\" srcset=\"https:\/\/ccelra.eu\/wp-content\/uploads\/2025\/11\/medi_ambient_06.jpg 1024w, https:\/\/ccelra.eu\/wp-content\/uploads\/2025\/11\/medi_ambient_06-300x257.jpg 300w, https:\/\/ccelra.eu\/wp-content\/uploads\/2025\/11\/medi_ambient_06-768x657.jpg 768w, https:\/\/ccelra.eu\/wp-content\/uploads\/2025\/11\/medi_ambient_06-600x513.jpg 600w\" sizes=\"(max-width: 1024px) 100vw, 1024px\" \/>\t\t<\/a>\n\t<\/div>\n<\/div>\n\t<a itemprop=\"dateCreated\" href=\"https:\/\/ccelra.eu\/index.php\/2025\/11\/\" class=\"entry-date qodef-list-date \">\n\t\t<div class=\"qodef-day\">\n\t\t\t10\t\t<\/div>\n\t\t<div class=\"qodef-month\">\n\t\t\tNov\t\t<\/div>\n\t<\/a>\n\t\t<div class=\"qodef-e-content\">\n\t\t\t<div class=\"qodef-e-top-holder\">\n\t\t\t\t<div class=\"qodef-e-info\">\n\t\t\t\t\t<a href=\"https:\/\/ccelra.eu\/index.php\/en\/category\/environment-en\/\" rel=\"tag\">Environment<\/a><span class=\"qodef-info-category-separator-single\"><\/span><a href=\"https:\/\/ccelra.eu\/index.php\/en\/category\/international\/\" rel=\"tag\">International<\/a><div class=\"qodef-info-separator-end\"><\/div>\t\t\t\t<\/div>\n\t\t\t<\/div>\n\t\t\t<div class=\"qodef-e-text\">\n\t\t\t\t<h5 itemprop=\"name\" class=\"qodef-e-title entry-title\" >\n\t<a itemprop=\"url\" class=\"qodef-e-title-link\" href=\"https:\/\/ccelra.eu\/index.php\/en\/2025\/11\/10\/olot-meats-group-integrates-into-the-production-of-biofuels-from-pork-fat\/\">\n\t\tOLOT MEATS GROUP integrates into the production of biofuels from pork fat\t<\/a>\n<\/h5>\n\t\t\t<\/div>\n\t\t\t\t\t<\/div>\n\t<\/div>\n<\/article>\n<article class=\"qodef-e qodef-blog-item qodef-grid-item qodef-item--full post-20564 post type-post status-publish format-standard has-post-thumbnail hentry category-internacional_esp category-medio-ambiente_esp\">\n\t<div class=\"qodef-e-inner\">\n\t\t<div class=\"qodef-e-media\">\n\t\t<div class=\"qodef-e-media-image\">\n\t\t<a itemprop=\"url\" href=\"https:\/\/ccelra.eu\/index.php\/2025\/11\/10\/olot-meats-group-se-integra-en-la-produccion-de-biocombustibles-a-partir-de-la-grasa-del-cerdo\/\">\n\t\t\t<img fetchpriority=\"high\" decoding=\"async\" width=\"1024\" height=\"876\" src=\"https:\/\/ccelra.eu\/wp-content\/uploads\/2025\/11\/medi_ambient_06.jpg\" class=\"attachment-full size-full\" alt=\"\" srcset=\"https:\/\/ccelra.eu\/wp-content\/uploads\/2025\/11\/medi_ambient_06.jpg 1024w, https:\/\/ccelra.eu\/wp-content\/uploads\/2025\/11\/medi_ambient_06-300x257.jpg 300w, https:\/\/ccelra.eu\/wp-content\/uploads\/2025\/11\/medi_ambient_06-768x657.jpg 768w, https:\/\/ccelra.eu\/wp-content\/uploads\/2025\/11\/medi_ambient_06-600x513.jpg 600w\" sizes=\"(max-width: 1024px) 100vw, 1024px\" \/>\t\t<\/a>\n\t<\/div>\n<\/div>\n\t<a itemprop=\"dateCreated\" href=\"https:\/\/ccelra.eu\/index.php\/2025\/11\/\" class=\"entry-date qodef-list-date \">\n\t\t<div class=\"qodef-day\">\n\t\t\t10\t\t<\/div>\n\t\t<div class=\"qodef-month\">\n\t\t\tNov\t\t<\/div>\n\t<\/a>\n\t\t<div class=\"qodef-e-content\">\n\t\t\t<div class=\"qodef-e-top-holder\">\n\t\t\t\t<div class=\"qodef-e-info\">\n\t\t\t\t\t<a href=\"https:\/\/ccelra.eu\/index.php\/category\/internacional_esp\/\" rel=\"tag\">Internacional<\/a><span class=\"qodef-info-category-separator-single\"><\/span><a href=\"https:\/\/ccelra.eu\/index.php\/category\/medio-ambiente_esp\/\" rel=\"tag\">Medio Ambiente<\/a><div class=\"qodef-info-separator-end\"><\/div>\t\t\t\t<\/div>\n\t\t\t<\/div>\n\t\t\t<div class=\"qodef-e-text\">\n\t\t\t\t<h5 itemprop=\"name\" class=\"qodef-e-title entry-title\" >\n\t<a itemprop=\"url\" class=\"qodef-e-title-link\" href=\"https:\/\/ccelra.eu\/index.php\/2025\/11\/10\/olot-meats-group-se-integra-en-la-produccion-de-biocombustibles-a-partir-de-la-grasa-del-cerdo\/\">\n\t\tOLOT MEATS GROUP se integra en la producci\u00f3n de biocombustibles a partir de la grasa del cerdo\t<\/a>\n<\/h5>\n\t\t\t<\/div>\n\t\t\t\t\t<\/div>\n\t<\/div>\n<\/article>\n<article class=\"qodef-e qodef-blog-item qodef-grid-item qodef-item--full post-20531 post type-post status-publish format-standard has-post-thumbnail hentry category-internacional_cat category-medi-ambient_cat\">\n\t<div class=\"qodef-e-inner\">\n\t\t<div class=\"qodef-e-media\">\n\t\t<div class=\"qodef-e-media-image\">\n\t\t<a itemprop=\"url\" href=\"https:\/\/ccelra.eu\/index.php\/ca\/2025\/11\/10\/olot-meats-group-sintegra-en-la-produccio-de-biocombustibles-a-partir-del-greix-del-porc\/\">\n\t\t\t<img fetchpriority=\"high\" decoding=\"async\" width=\"1024\" height=\"876\" src=\"https:\/\/ccelra.eu\/wp-content\/uploads\/2025\/11\/medi_ambient_06.jpg\" class=\"attachment-full size-full\" alt=\"\" srcset=\"https:\/\/ccelra.eu\/wp-content\/uploads\/2025\/11\/medi_ambient_06.jpg 1024w, https:\/\/ccelra.eu\/wp-content\/uploads\/2025\/11\/medi_ambient_06-300x257.jpg 300w, https:\/\/ccelra.eu\/wp-content\/uploads\/2025\/11\/medi_ambient_06-768x657.jpg 768w, https:\/\/ccelra.eu\/wp-content\/uploads\/2025\/11\/medi_ambient_06-600x513.jpg 600w\" sizes=\"(max-width: 1024px) 100vw, 1024px\" \/>\t\t<\/a>\n\t<\/div>\n<\/div>\n\t<a itemprop=\"dateCreated\" href=\"https:\/\/ccelra.eu\/index.php\/2025\/11\/\" class=\"entry-date qodef-list-date \">\n\t\t<div class=\"qodef-day\">\n\t\t\t10\t\t<\/div>\n\t\t<div class=\"qodef-month\">\n\t\t\tNov\t\t<\/div>\n\t<\/a>\n\t\t<div class=\"qodef-e-content\">\n\t\t\t<div class=\"qodef-e-top-holder\">\n\t\t\t\t<div class=\"qodef-e-info\">\n\t\t\t\t\t<a href=\"https:\/\/ccelra.eu\/index.php\/ca\/category\/internacional_cat\/\" rel=\"tag\">Internacional<\/a><span class=\"qodef-info-category-separator-single\"><\/span><a href=\"https:\/\/ccelra.eu\/index.php\/ca\/category\/medi-ambient_cat\/\" rel=\"tag\">Medi Ambient<\/a><div class=\"qodef-info-separator-end\"><\/div>\t\t\t\t<\/div>\n\t\t\t<\/div>\n\t\t\t<div class=\"qodef-e-text\">\n\t\t\t\t<h5 itemprop=\"name\" class=\"qodef-e-title entry-title\" >\n\t<a itemprop=\"url\" class=\"qodef-e-title-link\" href=\"https:\/\/ccelra.eu\/index.php\/ca\/2025\/11\/10\/olot-meats-group-sintegra-en-la-produccio-de-biocombustibles-a-partir-del-greix-del-porc\/\">\n\t\tOLOT MEATS GROUP s&#8217;integra en la producci\u00f3 de biocombustibles a partir del greix del porc\t<\/a>\n<\/h5>\n\t\t\t<\/div>\n\t\t\t\t\t<\/div>\n\t<\/div>\n<\/article>\n<article class=\"qodef-e qodef-blog-item qodef-grid-item qodef-item--full post-20655 post type-post status-publish format-standard has-post-thumbnail hentry category-business-en category-international\">\n\t<div class=\"qodef-e-inner\">\n\t\t<div class=\"qodef-e-media\">\n\t\t<div class=\"qodef-e-media-image\">\n\t\t<a itemprop=\"url\" href=\"https:\/\/ccelra.eu\/index.php\/en\/2025\/10\/15\/anuga-2025-4-10-2025-olot-meats-group-was-present-at-the-anuga-fair-held-in-germany\/\">\n\t\t\t<img decoding=\"async\" width=\"1024\" height=\"876\" src=\"https:\/\/ccelra.eu\/wp-content\/uploads\/2025\/10\/medi_ambient_07.jpg\" class=\"attachment-full size-full\" alt=\"\" srcset=\"https:\/\/ccelra.eu\/wp-content\/uploads\/2025\/10\/medi_ambient_07.jpg 1024w, https:\/\/ccelra.eu\/wp-content\/uploads\/2025\/10\/medi_ambient_07-300x257.jpg 300w, https:\/\/ccelra.eu\/wp-content\/uploads\/2025\/10\/medi_ambient_07-768x657.jpg 768w, https:\/\/ccelra.eu\/wp-content\/uploads\/2025\/10\/medi_ambient_07-600x513.jpg 600w\" sizes=\"(max-width: 1024px) 100vw, 1024px\" \/>\t\t<\/a>\n\t<\/div>\n<\/div>\n\t<a itemprop=\"dateCreated\" href=\"https:\/\/ccelra.eu\/index.php\/2025\/10\/\" class=\"entry-date qodef-list-date \">\n\t\t<div class=\"qodef-day\">\n\t\t\t15\t\t<\/div>\n\t\t<div class=\"qodef-month\">\n\t\t\tOct\t\t<\/div>\n\t<\/a>\n\t\t<div class=\"qodef-e-content\">\n\t\t\t<div class=\"qodef-e-top-holder\">\n\t\t\t\t<div class=\"qodef-e-info\">\n\t\t\t\t\t<a href=\"https:\/\/ccelra.eu\/index.php\/en\/category\/business-en\/\" rel=\"tag\">Business<\/a><span class=\"qodef-info-category-separator-single\"><\/span><a href=\"https:\/\/ccelra.eu\/index.php\/en\/category\/international\/\" rel=\"tag\">International<\/a><div class=\"qodef-info-separator-end\"><\/div>\t\t\t\t<\/div>\n\t\t\t<\/div>\n\t\t\t<div class=\"qodef-e-text\">\n\t\t\t\t<h5 itemprop=\"name\" class=\"qodef-e-title entry-title\" >\n\t<a itemprop=\"url\" class=\"qodef-e-title-link\" href=\"https:\/\/ccelra.eu\/index.php\/en\/2025\/10\/15\/anuga-2025-4-10-2025-olot-meats-group-was-present-at-the-anuga-fair-held-in-germany\/\">\n\t\tANUGA 2025. \u2013 4.10.2025. OLOT MEATS GROUP was present at the Anuga fair, held in Germany.\t<\/a>\n<\/h5>\n\t\t\t<\/div>\n\t\t\t\t\t<\/div>\n\t<\/div>\n<\/article>\n<article class=\"qodef-e qodef-blog-item qodef-grid-item qodef-item--full post-20594 post type-post status-publish format-standard has-post-thumbnail hentry category-internacional_esp category-medio-ambiente_esp\">\n\t<div class=\"qodef-e-inner\">\n\t\t<div class=\"qodef-e-media\">\n\t\t<div class=\"qodef-e-media-image\">\n\t\t<a itemprop=\"url\" href=\"https:\/\/ccelra.eu\/index.php\/2025\/10\/15\/new-anuga-2025-4-10-2025-colonia-alemania\/\">\n\t\t\t<img decoding=\"async\" width=\"1024\" height=\"876\" src=\"https:\/\/ccelra.eu\/wp-content\/uploads\/2025\/10\/medi_ambient_07.jpg\" class=\"attachment-full size-full\" alt=\"\" srcset=\"https:\/\/ccelra.eu\/wp-content\/uploads\/2025\/10\/medi_ambient_07.jpg 1024w, https:\/\/ccelra.eu\/wp-content\/uploads\/2025\/10\/medi_ambient_07-300x257.jpg 300w, https:\/\/ccelra.eu\/wp-content\/uploads\/2025\/10\/medi_ambient_07-768x657.jpg 768w, https:\/\/ccelra.eu\/wp-content\/uploads\/2025\/10\/medi_ambient_07-600x513.jpg 600w\" sizes=\"(max-width: 1024px) 100vw, 1024px\" \/>\t\t<\/a>\n\t<\/div>\n<\/div>\n\t<a itemprop=\"dateCreated\" href=\"https:\/\/ccelra.eu\/index.php\/2025\/10\/\" class=\"entry-date qodef-list-date \">\n\t\t<div class=\"qodef-day\">\n\t\t\t15\t\t<\/div>\n\t\t<div class=\"qodef-month\">\n\t\t\tOct\t\t<\/div>\n\t<\/a>\n\t\t<div class=\"qodef-e-content\">\n\t\t\t<div class=\"qodef-e-top-holder\">\n\t\t\t\t<div class=\"qodef-e-info\">\n\t\t\t\t\t<a href=\"https:\/\/ccelra.eu\/index.php\/category\/internacional_esp\/\" rel=\"tag\">Internacional<\/a><span class=\"qodef-info-category-separator-single\"><\/span><a href=\"https:\/\/ccelra.eu\/index.php\/category\/medio-ambiente_esp\/\" rel=\"tag\">Medio Ambiente<\/a><div class=\"qodef-info-separator-end\"><\/div>\t\t\t\t<\/div>\n\t\t\t<\/div>\n\t\t\t<div class=\"qodef-e-text\">\n\t\t\t\t<h5 itemprop=\"name\" class=\"qodef-e-title entry-title\" >\n\t<a itemprop=\"url\" class=\"qodef-e-title-link\" href=\"https:\/\/ccelra.eu\/index.php\/2025\/10\/15\/new-anuga-2025-4-10-2025-colonia-alemania\/\">\n\t\tANUGA 2025. \u2013 4.10.2025. OLOT MEATS GROUP ha estado presente en la feria Anuga, que se celebra en Alemania\t<\/a>\n<\/h5>\n\t\t\t<\/div>\n\t\t\t\t\t<\/div>\n\t<\/div>\n<\/article>\n\t<\/div>\n\t<\/div>\n\t\t\t\t<\/div>\n\t\t\t\t<\/div>\n\t\t\t\t\t<\/div>\n\t\t<\/div>\n\t\t\t\t\t<\/div>\n\t\t<\/section>\n\t\t<div class=\"elementor-element elementor-element-4d59fbd e-flex e-con-boxed e-con e-parent\" data-id=\"4d59fbd\" data-element_type=\"container\" data-e-type=\"container\">\n\t\t\t\t\t<div class=\"e-con-inner\">\n\t\t\t\t\t<\/div>\n\t\t\t\t<\/div>\n\t\t<div class=\"elementor-element elementor-element-9cedc9b e-flex e-con-boxed e-con e-parent\" data-id=\"9cedc9b\" data-element_type=\"container\" data-e-type=\"container\">\n\t\t\t\t\t<div class=\"e-con-inner\">\n\t\t\t\t\t<\/div>\n\t\t\t\t<\/div>\n\t\t<div class=\"elementor-element elementor-element-1f9ef2d e-flex e-con-boxed e-con e-parent\" data-id=\"1f9ef2d\" data-element_type=\"container\" data-e-type=\"container\">\n\t\t\t\t\t<div class=\"e-con-inner\">\n\t\t\t\t\t<\/div>\n\t\t\t\t<\/div>\n\t\t\t\t<\/div>\n\t\t","protected":false},"excerpt":{"rendered":"<p>16 Jun Internacional ANUGA 2017. \u2013 11.10.2017 COL\u00d2NIA, ALEMANYA 16 Jun Medi AmbientProjectes OLOT MEATS OBT\u00c9 EL CERTIFICAT DE CR\u00c8DITS CLIM\u00c0TICS 24 Abr Medi AmbientProjectes ACABA LA INTERVENCI\u00d3 ALS BOSCOS DE LA VALL DE BIANYA PER A LA MITIGACI\u00d3 I ADAPTACI\u00d3 AL CANVI CLIM\u00c0TIC 23 Abr NegociProjectes C\u00c0RNIQUES CELR\u00c0 INVERTIR\u00c0 20 MILIONS D&#8217;EUROS EN UNA [&hellip;]<\/p>\n","protected":false},"author":1,"featured_media":0,"parent":0,"menu_order":0,"comment_status":"closed","ping_status":"closed","template":"","meta":{"footnotes":""},"class_list":["post-19698","page","type-page","status-publish","hentry"],"_links":{"self":[{"href":"https:\/\/ccelra.eu\/index.php\/wp-json\/wp\/v2\/pages\/19698","targetHints":{"allow":["GET"]}}],"collection":[{"href":"https:\/\/ccelra.eu\/index.php\/wp-json\/wp\/v2\/pages"}],"about":[{"href":"https:\/\/ccelra.eu\/index.php\/wp-json\/wp\/v2\/types\/page"}],"author":[{"embeddable":true,"href":"https:\/\/ccelra.eu\/index.php\/wp-json\/wp\/v2\/users\/1"}],"replies":[{"embeddable":true,"href":"https:\/\/ccelra.eu\/index.php\/wp-json\/wp\/v2\/comments?post=19698"}],"version-history":[{"count":6,"href":"https:\/\/ccelra.eu\/index.php\/wp-json\/wp\/v2\/pages\/19698\/revisions"}],"predecessor-version":[{"id":19902,"href":"https:\/\/ccelra.eu\/index.php\/wp-json\/wp\/v2\/pages\/19698\/revisions\/19902"}],"wp:attachment":[{"href":"https:\/\/ccelra.eu\/index.php\/wp-json\/wp\/v2\/media?parent=19698"}],"curies":[{"name":"wp","href":"https:\/\/api.w.org\/{rel}","templated":true}]}}