{"id":19635,"date":"2025-06-16T09:29:50","date_gmt":"2025-06-16T09:29:50","guid":{"rendered":"https:\/\/angry-euler.82-223-12-193.plesk.page\/?page_id=19635"},"modified":"2025-06-16T10:03:42","modified_gmt":"2025-06-16T10:03:42","slug":"valores_2","status":"publish","type":"page","link":"https:\/\/ccelra.eu\/index.php\/valores_2\/","title":{"rendered":"Valores"},"content":{"rendered":"\t\t<div data-elementor-type=\"wp-page\" data-elementor-id=\"19635\" class=\"elementor elementor-19635\">\n\t\t\t\t\t\t<section class=\"elementor-section elementor-top-section elementor-element elementor-element-73d1c9a elementor-section-full_width qodef-elementor-content-grid elementor-section-height-default elementor-section-height-default\" data-id=\"73d1c9a\" data-element_type=\"section\" data-e-type=\"section\">\n\t\t\t\t\t\t<div class=\"elementor-container elementor-column-gap-no\">\n\t\t\t\t\t<div class=\"elementor-column elementor-col-100 elementor-top-column elementor-element elementor-element-31985ad\" data-id=\"31985ad\" data-element_type=\"column\" data-e-type=\"column\">\n\t\t\t<div class=\"elementor-widget-wrap elementor-element-populated\">\n\t\t\t\t\t\t<div class=\"elementor-element elementor-element-831fec1 elementor-widget__width-initial elementor-widget elementor-widget-leroux_core_section_title\" data-id=\"831fec1\" data-element_type=\"widget\" data-e-type=\"widget\" data-widget_type=\"leroux_core_section_title.default\">\n\t\t\t\t<div class=\"elementor-widget-container\">\n\t\t\t\t\t<div class=\"qodef-shortcode qodef-m  qodef-section-title qodef-alignment--left qodef-title-break--disabled\">\n\t\t<h2 class=\"qodef-m-title\" >\n\t\t\t\t\tNuestros compromisos ante la sociedad\t\t\t<\/h2>\n\t<\/div>\n\t\t\t\t<\/div>\n\t\t\t\t<\/div>\n\t\t\t\t\t<\/div>\n\t\t<\/div>\n\t\t\t\t\t<\/div>\n\t\t<\/section>\n\t\t\t\t<section class=\"elementor-section elementor-top-section elementor-element elementor-element-bb464e9 elementor-section-full_width qodef-elementor-content-grid elementor-section-height-default elementor-section-height-default\" data-id=\"bb464e9\" data-element_type=\"section\" data-e-type=\"section\">\n\t\t\t\t\t\t<div class=\"elementor-container elementor-column-gap-default\">\n\t\t\t\t\t<div class=\"elementor-column elementor-col-100 elementor-top-column elementor-element elementor-element-0ffac6b\" data-id=\"0ffac6b\" data-element_type=\"column\" data-e-type=\"column\">\n\t\t\t<div class=\"elementor-widget-wrap elementor-element-populated\">\n\t\t\t\t\t\t<div class=\"elementor-element elementor-element-c49e7ee elementor-widget__width-initial elementor-widget elementor-widget-leroux_core_vertical_timeline\" data-id=\"c49e7ee\" data-element_type=\"widget\" data-e-type=\"widget\" data-widget_type=\"leroux_core_vertical_timeline.default\">\n\t\t\t\t<div class=\"elementor-widget-container\">\n\t\t\t\t\t<div class=\"qodef-shortcode qodef-m  qodef-vertical-timeline qodef-layout--standard\">\n\t<div class=\"qodef-m-inner\">\n\t\t\t\t\t\t<div class=\"qodef-m-timeline-item\">\n\t\t\t\t\t<div class=\"qodef-m-left\">\n\t\t\t\t\t\t<h6 class=\"qodef-m-left-title\">\n\t\t\t\t\t\t\t\t\t\t\t\t\t<\/h6>\n\t\t\t\t\t\t<p class=\"qodef-m-left-subtitle\">\n\t\t\t\t\t\t\t\t\t\t\t\t\t<\/p>\n\t\t\t\t\t<\/div>\n\t\t\t\t\t<div class=\"qodef-m-center\">\n\t\t\t\t\t\t<span class=\"qodef-m-dot\"><\/span>\n\t\t\t\t\t\t<span class=\"qodef-m-line\"><\/span>\n\t\t\t\t\t<\/div>\n\t\t\t\t\t<div class=\"qodef-m-right\">\n\t\t\t\t\t\t<h4 class=\"qodef-m-right-title\">\n\t\t\t\t\t\t\tCOMPROMISO CON LA CALIDAD Y LA SEGURIDAD\t\t\t\t\t\t<\/h4>\n\t\t\t\t\t\t<p class=\"qodef-m-right-text\">\n\t\t\t\t\t\t\tVelamos por la calidad y seguridad alimentaria de nuestros productos, con acciones planificadas y sistem\u00e1ticas de prevenci\u00f3n, detecci\u00f3n, correcci\u00f3n y mejora.\nEn nuestra empresa, la calidad y la seguridad son pilares fundamentales que gu\u00edan todas nuestras operaciones y decisiones. Nos comprometemos a ofrecer productos y servicios de la m\u00e1s alta calidad, cumpliendo con los est\u00e1ndares m\u00e1s exigentes de la industria y garantizando la seguridad y satisfacci\u00f3n de nuestros clientes en todo momento.\t\t\t\t\t\t<\/p>\n\t\t\t\t\t<\/div>\n\t\t\t\t<\/div>\n\t\t\t\t\t\t\t<div class=\"qodef-m-timeline-item\">\n\t\t\t\t\t<div class=\"qodef-m-left\">\n\t\t\t\t\t\t<h6 class=\"qodef-m-left-title\">\n\t\t\t\t\t\t\t\t\t\t\t\t\t<\/h6>\n\t\t\t\t\t\t<p class=\"qodef-m-left-subtitle\">\n\t\t\t\t\t\t\t\t\t\t\t\t\t<\/p>\n\t\t\t\t\t<\/div>\n\t\t\t\t\t<div class=\"qodef-m-center\">\n\t\t\t\t\t\t<span class=\"qodef-m-dot\"><\/span>\n\t\t\t\t\t\t<span class=\"qodef-m-line\"><\/span>\n\t\t\t\t\t<\/div>\n\t\t\t\t\t<div class=\"qodef-m-right\">\n\t\t\t\t\t\t<h4 class=\"qodef-m-right-title\">\n\t\t\t\t\t\t\tCOMPROMISO CON EL BIENESTAR ANIMAL\t\t\t\t\t\t<\/h4>\n\t\t\t\t\t\t<p class=\"qodef-m-right-text\">\n\t\t\t\t\t\t\tIdeamos constantemente proyectos para mejorar los procesos, producci\u00f3n y calidad de nuestros servicios y productos.\nComo parte de nuestro compromiso con el bienestar animal, tambi\u00e9n nos comprometemos a seguir aprendiendo y mejorando en esta \u00e1rea. Nos mantenemos informados sobre las \u00faltimas investigaciones y mejores pr\u00e1cticas en el cuidado animal, y estamos abiertos a implementar cambios y mejoras en nuestras operaciones para garantizar el bienestar \u00f3ptimo de los animales.\n\n\t\t\t\t\t\t<\/p>\n\t\t\t\t\t<\/div>\n\t\t\t\t<\/div>\n\t\t\t\t\t\t\t<div class=\"qodef-m-timeline-item\">\n\t\t\t\t\t<div class=\"qodef-m-left\">\n\t\t\t\t\t\t<h6 class=\"qodef-m-left-title\">\n\t\t\t\t\t\t\t\t\t\t\t\t\t<\/h6>\n\t\t\t\t\t\t<p class=\"qodef-m-left-subtitle\">\n\t\t\t\t\t\t\t\t\t\t\t\t\t<\/p>\n\t\t\t\t\t<\/div>\n\t\t\t\t\t<div class=\"qodef-m-center\">\n\t\t\t\t\t\t<span class=\"qodef-m-dot\"><\/span>\n\t\t\t\t\t\t<span class=\"qodef-m-line\"><\/span>\n\t\t\t\t\t<\/div>\n\t\t\t\t\t<div class=\"qodef-m-right\">\n\t\t\t\t\t\t<h4 class=\"qodef-m-right-title\">\n\t\t\t\t\t\t\tCOMPROMISO CON LA INNOVACI\u00d3N\t\t\t\t\t\t<\/h4>\n\t\t\t\t\t\t<p class=\"qodef-m-right-text\">\n\t\t\t\t\t\t\tIdeamos constantemente proyectos para mejorar los procesos, producci\u00f3n y calidad de nuestros servicios y productos.\nAdem\u00e1s, el compromiso con la innovaci\u00f3n implica una visi\u00f3n a largo plazo y una mentalidad de adaptaci\u00f3n. Las empresas que priorizan la innovaci\u00f3n est\u00e1n siempre mirando hacia el futuro, anticipando las tendencias emergentes y prepar\u00e1ndose para los desaf\u00edos y oportunidades que se avecinan. Son flexibles y \u00e1giles, capaces de adaptarse r\u00e1pidamente a un entorno empresarial en constante evoluci\u00f3n.\n\t\t\t\t\t\t<\/p>\n\t\t\t\t\t<\/div>\n\t\t\t\t<\/div>\n\t\t\t\t\t\t\t<div class=\"qodef-m-timeline-item\">\n\t\t\t\t\t<div class=\"qodef-m-left\">\n\t\t\t\t\t\t<h6 class=\"qodef-m-left-title\">\n\t\t\t\t\t\t\t\t\t\t\t\t\t<\/h6>\n\t\t\t\t\t\t<p class=\"qodef-m-left-subtitle\">\n\t\t\t\t\t\t\t\t\t\t\t\t\t<\/p>\n\t\t\t\t\t<\/div>\n\t\t\t\t\t<div class=\"qodef-m-center\">\n\t\t\t\t\t\t<span class=\"qodef-m-dot\"><\/span>\n\t\t\t\t\t\t<span class=\"qodef-m-line\"><\/span>\n\t\t\t\t\t<\/div>\n\t\t\t\t\t<div class=\"qodef-m-right\">\n\t\t\t\t\t\t<h4 class=\"qodef-m-right-title\">\n\t\t\t\t\t\t\tCOMPROMISO \u00c9TICO Y LABORAL\t\t\t\t\t\t<\/h4>\n\t\t\t\t\t\t<p class=\"qodef-m-right-text\">\n\t\t\t\t\t\t\tEvaluamos nuestras pr\u00e1cticas en todas las \u00e1reas de la empresa a trav\u00e9s de auditor\u00edas peri\u00f3dicas, para que sean consecuentes, responsables, honestas y aut\u00e9nticas.\nAdem\u00e1s, nos comprometemos a cumplir con todas las leyes y regulaciones laborales aplicables, as\u00ed como a promover pr\u00e1cticas justas y equitativas en todas nuestras operaciones. La transparencia y la integridad son fundamentales en nuestras relaciones comerciales, y nos esforzamos por mantener una comunicaci\u00f3n abierta y honesta con todos nuestros stakeholders.\n\nFuera de nuestras puertas, tambi\u00e9n nos comprometemos a contribuir positivamente a la sociedad y al medio ambiente. Participamos activamente en iniciativas de responsabilidad social corporativa y nos esforzamos por ser buenos ciudadanos corporativos en todas las comunidades donde operamos.\n\t\t\t\t\t\t<\/p>\n\t\t\t\t\t<\/div>\n\t\t\t\t<\/div>\n\t\t\t\t\t\t\t<div class=\"qodef-m-timeline-item\">\n\t\t\t\t\t<div class=\"qodef-m-left\">\n\t\t\t\t\t\t<h6 class=\"qodef-m-left-title\">\n\t\t\t\t\t\t\t\t\t\t\t\t\t<\/h6>\n\t\t\t\t\t\t<p class=\"qodef-m-left-subtitle\">\n\t\t\t\t\t\t\t\t\t\t\t\t\t<\/p>\n\t\t\t\t\t<\/div>\n\t\t\t\t\t<div class=\"qodef-m-center\">\n\t\t\t\t\t\t<span class=\"qodef-m-dot\"><\/span>\n\t\t\t\t\t\t<span class=\"qodef-m-line\"><\/span>\n\t\t\t\t\t<\/div>\n\t\t\t\t\t<div class=\"qodef-m-right\">\n\t\t\t\t\t\t<h4 class=\"qodef-m-right-title\">\n\t\t\t\t\t\t\tCOMPROMISO CON LA SOSTENIBILIDAD\t\t\t\t\t\t<\/h4>\n\t\t\t\t\t\t<p class=\"qodef-m-right-text\">\n\t\t\t\t\t\t\tSomos una empresa comprometida con el medio ambiente.\nTodos los integrantes de la empresa contribuimos a la protecci\u00f3n del medio ambiente y una correcta gesti\u00f3n de los residuos que generamos.\nAdem\u00e1s, promovemos una cultura empresarial que valora y respeta el bienestar de las personas y las comunidades. Nos comprometemos a crear un entorno laboral seguro, inclusivo y diverso, donde se fomente el desarrollo personal y profesional de nuestros empleados, y se promueva el respeto por los derechos humanos y laborales en toda nuestra cadena de valor.\n\nComo parte de nuestro compromiso con la sostenibilidad, tambi\u00e9n nos involucramos activamente en iniciativas de responsabilidad social corporativa, apoyando causas y proyectos que contribuyen al desarrollo sostenible de las comunidades locales y al bienestar de las generaciones futuras.\n\t\t\t\t\t\t<\/p>\n\t\t\t\t\t<\/div>\n\t\t\t\t<\/div>\n\t\t\t\t\t\t\t<div class=\"qodef-m-timeline-item\">\n\t\t\t\t\t<div class=\"qodef-m-left\">\n\t\t\t\t\t\t<h6 class=\"qodef-m-left-title\">\n\t\t\t\t\t\t\t\t\t\t\t\t\t<\/h6>\n\t\t\t\t\t\t<p class=\"qodef-m-left-subtitle\">\n\t\t\t\t\t\t\t\t\t\t\t\t\t<\/p>\n\t\t\t\t\t<\/div>\n\t\t\t\t\t<div class=\"qodef-m-center\">\n\t\t\t\t\t\t<span class=\"qodef-m-dot\"><\/span>\n\t\t\t\t\t\t<span class=\"qodef-m-line\"><\/span>\n\t\t\t\t\t<\/div>\n\t\t\t\t\t<div class=\"qodef-m-right\">\n\t\t\t\t\t\t<h4 class=\"qodef-m-right-title\">\n\t\t\t\t\t\t\tCOMPROMISO SOCIAL\t\t\t\t\t\t<\/h4>\n\t\t\t\t\t\t<p class=\"qodef-m-right-text\">\n\t\t\t\t\t\t\tCon el planeta, a trav\u00e9s de la mejora de los bosques de la Garrotxa, para contribuir a los retos globales de la crisis ambiental.\nCon las personas a trav\u00e9s de fundaciones y entidades que trabajan por el progreso social.\nComo empresa socialmente responsable, tambi\u00e9n nos preocupamos por el impacto ambiental de nuestras operaciones y nos esforzamos por minimizar nuestro huella ecol\u00f3gica. Adoptamos pr\u00e1cticas sostenibles en todas nuestras actividades, desde la gesti\u00f3n de residuos hasta el uso eficiente de los recursos naturales, con el objetivo de preservar y proteger nuestro entorno para las generaciones futuras.\t\t\t\t\t\t<\/p>\n\t\t\t\t\t<\/div>\n\t\t\t\t<\/div>\n\t\t\t\t<\/div>\n    <\/div>\n\t\t\t\t<\/div>\n\t\t\t\t<\/div>\n\t\t\t\t\t<\/div>\n\t\t<\/div>\n\t\t\t\t\t<\/div>\n\t\t<\/section>\n\t\t<div class=\"elementor-element elementor-element-4292847 e-con-full e-flex e-con e-parent\" data-id=\"4292847\" data-element_type=\"container\" data-e-type=\"container\">\n\t\t<div class=\"elementor-element elementor-element-de0c44a e-con-full e-flex e-con e-child\" data-id=\"de0c44a\" data-element_type=\"container\" data-e-type=\"container\">\n\t\t\t\t<div class=\"elementor-element elementor-element-000cf0c elementor-widget elementor-widget-image\" data-id=\"000cf0c\" data-element_type=\"widget\" data-e-type=\"widget\" data-widget_type=\"image.default\">\n\t\t\t\t<div class=\"elementor-widget-container\">\n\t\t\t\t\t\t\t\t\t\t\t\t\t\t\t<img fetchpriority=\"high\" decoding=\"async\" width=\"814\" height=\"809\" src=\"https:\/\/ccelra.eu\/wp-content\/uploads\/2024\/05\/0194_2024_CELRA.jpg\" class=\"attachment-large size-large wp-image-16289\" alt=\"\" srcset=\"https:\/\/ccelra.eu\/wp-content\/uploads\/2024\/05\/0194_2024_CELRA.jpg 814w, https:\/\/ccelra.eu\/wp-content\/uploads\/2024\/05\/0194_2024_CELRA-150x150.jpg 150w, https:\/\/ccelra.eu\/wp-content\/uploads\/2024\/05\/0194_2024_CELRA-300x298.jpg 300w, https:\/\/ccelra.eu\/wp-content\/uploads\/2024\/05\/0194_2024_CELRA-768x763.jpg 768w, https:\/\/ccelra.eu\/wp-content\/uploads\/2024\/05\/0194_2024_CELRA-600x596.jpg 600w, https:\/\/ccelra.eu\/wp-content\/uploads\/2024\/05\/0194_2024_CELRA-100x100.jpg 100w\" sizes=\"(max-width: 814px) 100vw, 814px\" \/>\t\t\t\t\t\t\t\t\t\t\t\t\t\t\t<\/div>\n\t\t\t\t<\/div>\n\t\t\t\t<div class=\"elementor-element elementor-element-a64ee86 elementor-widget elementor-widget-image\" data-id=\"a64ee86\" data-element_type=\"widget\" data-e-type=\"widget\" data-widget_type=\"image.default\">\n\t\t\t\t<div class=\"elementor-widget-container\">\n\t\t\t\t\t\t\t\t\t\t\t\t\t\t\t<img decoding=\"async\" width=\"814\" height=\"809\" src=\"https:\/\/ccelra.eu\/wp-content\/uploads\/2024\/05\/0197_2024_CELRA.jpg\" class=\"attachment-large size-large wp-image-16305\" alt=\"\" srcset=\"https:\/\/ccelra.eu\/wp-content\/uploads\/2024\/05\/0197_2024_CELRA.jpg 814w, https:\/\/ccelra.eu\/wp-content\/uploads\/2024\/05\/0197_2024_CELRA-150x150.jpg 150w, https:\/\/ccelra.eu\/wp-content\/uploads\/2024\/05\/0197_2024_CELRA-300x298.jpg 300w, https:\/\/ccelra.eu\/wp-content\/uploads\/2024\/05\/0197_2024_CELRA-768x763.jpg 768w, https:\/\/ccelra.eu\/wp-content\/uploads\/2024\/05\/0197_2024_CELRA-600x596.jpg 600w, https:\/\/ccelra.eu\/wp-content\/uploads\/2024\/05\/0197_2024_CELRA-100x100.jpg 100w\" sizes=\"(max-width: 814px) 100vw, 814px\" \/>\t\t\t\t\t\t\t\t\t\t\t\t\t\t\t<\/div>\n\t\t\t\t<\/div>\n\t\t\t\t<\/div>\n\t\t<div class=\"elementor-element elementor-element-aa697ee e-con-full e-flex e-con e-child\" data-id=\"aa697ee\" data-element_type=\"container\" data-e-type=\"container\">\n\t\t\t\t<div class=\"elementor-element elementor-element-a183323 elementor-widget elementor-widget-image\" data-id=\"a183323\" data-element_type=\"widget\" data-e-type=\"widget\" data-widget_type=\"image.default\">\n\t\t\t\t<div class=\"elementor-widget-container\">\n\t\t\t\t\t\t\t\t\t\t\t\t\t\t\t<img decoding=\"async\" width=\"814\" height=\"809\" src=\"https:\/\/ccelra.eu\/wp-content\/uploads\/2024\/05\/0195_2024_CELRA.jpg\" class=\"attachment-large size-large wp-image-16296\" alt=\"\" srcset=\"https:\/\/ccelra.eu\/wp-content\/uploads\/2024\/05\/0195_2024_CELRA.jpg 814w, https:\/\/ccelra.eu\/wp-content\/uploads\/2024\/05\/0195_2024_CELRA-150x150.jpg 150w, https:\/\/ccelra.eu\/wp-content\/uploads\/2024\/05\/0195_2024_CELRA-300x298.jpg 300w, https:\/\/ccelra.eu\/wp-content\/uploads\/2024\/05\/0195_2024_CELRA-768x763.jpg 768w, https:\/\/ccelra.eu\/wp-content\/uploads\/2024\/05\/0195_2024_CELRA-600x596.jpg 600w, https:\/\/ccelra.eu\/wp-content\/uploads\/2024\/05\/0195_2024_CELRA-100x100.jpg 100w\" sizes=\"(max-width: 814px) 100vw, 814px\" \/>\t\t\t\t\t\t\t\t\t\t\t\t\t\t\t<\/div>\n\t\t\t\t<\/div>\n\t\t\t\t<div class=\"elementor-element elementor-element-a042259 elementor-widget elementor-widget-image\" data-id=\"a042259\" data-element_type=\"widget\" data-e-type=\"widget\" data-widget_type=\"image.default\">\n\t\t\t\t<div class=\"elementor-widget-container\">\n\t\t\t\t\t\t\t\t\t\t\t\t\t\t\t<img loading=\"lazy\" decoding=\"async\" width=\"814\" height=\"809\" src=\"https:\/\/ccelra.eu\/wp-content\/uploads\/2024\/05\/0200_2024_CELRA.jpg\" class=\"attachment-large size-large wp-image-16406\" alt=\"\" srcset=\"https:\/\/ccelra.eu\/wp-content\/uploads\/2024\/05\/0200_2024_CELRA.jpg 814w, https:\/\/ccelra.eu\/wp-content\/uploads\/2024\/05\/0200_2024_CELRA-150x150.jpg 150w, https:\/\/ccelra.eu\/wp-content\/uploads\/2024\/05\/0200_2024_CELRA-300x298.jpg 300w, https:\/\/ccelra.eu\/wp-content\/uploads\/2024\/05\/0200_2024_CELRA-768x763.jpg 768w, https:\/\/ccelra.eu\/wp-content\/uploads\/2024\/05\/0200_2024_CELRA-600x596.jpg 600w, https:\/\/ccelra.eu\/wp-content\/uploads\/2024\/05\/0200_2024_CELRA-100x100.jpg 100w\" sizes=\"(max-width: 814px) 100vw, 814px\" \/>\t\t\t\t\t\t\t\t\t\t\t\t\t\t\t<\/div>\n\t\t\t\t<\/div>\n\t\t\t\t<\/div>\n\t\t<div class=\"elementor-element elementor-element-bc443b3 e-con-full e-flex e-con e-child\" data-id=\"bc443b3\" data-element_type=\"container\" data-e-type=\"container\">\n\t\t\t\t<div class=\"elementor-element elementor-element-c920922 elementor-widget elementor-widget-image\" data-id=\"c920922\" data-element_type=\"widget\" data-e-type=\"widget\" data-widget_type=\"image.default\">\n\t\t\t\t<div class=\"elementor-widget-container\">\n\t\t\t\t\t\t\t\t\t\t\t\t\t\t\t<img loading=\"lazy\" decoding=\"async\" width=\"814\" height=\"809\" src=\"https:\/\/ccelra.eu\/wp-content\/uploads\/2024\/05\/0196_2024_CELRA.jpg\" class=\"attachment-large size-large wp-image-16300\" alt=\"\" srcset=\"https:\/\/ccelra.eu\/wp-content\/uploads\/2024\/05\/0196_2024_CELRA.jpg 814w, https:\/\/ccelra.eu\/wp-content\/uploads\/2024\/05\/0196_2024_CELRA-150x150.jpg 150w, https:\/\/ccelra.eu\/wp-content\/uploads\/2024\/05\/0196_2024_CELRA-300x298.jpg 300w, https:\/\/ccelra.eu\/wp-content\/uploads\/2024\/05\/0196_2024_CELRA-768x763.jpg 768w, https:\/\/ccelra.eu\/wp-content\/uploads\/2024\/05\/0196_2024_CELRA-600x596.jpg 600w, https:\/\/ccelra.eu\/wp-content\/uploads\/2024\/05\/0196_2024_CELRA-100x100.jpg 100w\" sizes=\"(max-width: 814px) 100vw, 814px\" \/>\t\t\t\t\t\t\t\t\t\t\t\t\t\t\t<\/div>\n\t\t\t\t<\/div>\n\t\t\t\t<div class=\"elementor-element elementor-element-66894bc elementor-widget elementor-widget-image\" data-id=\"66894bc\" data-element_type=\"widget\" data-e-type=\"widget\" data-widget_type=\"image.default\">\n\t\t\t\t<div class=\"elementor-widget-container\">\n\t\t\t\t\t\t\t\t\t\t\t\t\t\t\t<img loading=\"lazy\" decoding=\"async\" width=\"814\" height=\"809\" src=\"https:\/\/ccelra.eu\/wp-content\/uploads\/2024\/05\/0199_2024_CELRA.jpg\" class=\"attachment-large size-large wp-image-16313\" alt=\"\" srcset=\"https:\/\/ccelra.eu\/wp-content\/uploads\/2024\/05\/0199_2024_CELRA.jpg 814w, https:\/\/ccelra.eu\/wp-content\/uploads\/2024\/05\/0199_2024_CELRA-150x150.jpg 150w, https:\/\/ccelra.eu\/wp-content\/uploads\/2024\/05\/0199_2024_CELRA-300x298.jpg 300w, https:\/\/ccelra.eu\/wp-content\/uploads\/2024\/05\/0199_2024_CELRA-768x763.jpg 768w, https:\/\/ccelra.eu\/wp-content\/uploads\/2024\/05\/0199_2024_CELRA-600x596.jpg 600w, https:\/\/ccelra.eu\/wp-content\/uploads\/2024\/05\/0199_2024_CELRA-100x100.jpg 100w\" sizes=\"(max-width: 814px) 100vw, 814px\" \/>\t\t\t\t\t\t\t\t\t\t\t\t\t\t\t<\/div>\n\t\t\t\t<\/div>\n\t\t\t\t<\/div>\n\t\t\t\t<\/div>\n\t\t\t\t<\/div>\n\t\t","protected":false},"excerpt":{"rendered":"<p>Nuestros compromisos ante la sociedad COMPROMISO CON LA CALIDAD Y LA SEGURIDAD Velamos por la calidad y seguridad alimentaria de nuestros productos, con acciones planificadas y sistem\u00e1ticas de prevenci\u00f3n, detecci\u00f3n, correcci\u00f3n y mejora. En nuestra empresa, la calidad y la seguridad son pilares fundamentales que gu\u00edan todas nuestras operaciones y decisiones. Nos comprometemos a ofrecer [&hellip;]<\/p>\n","protected":false},"author":1,"featured_media":0,"parent":0,"menu_order":0,"comment_status":"closed","ping_status":"closed","template":"page-full-width.php","meta":{"footnotes":""},"class_list":["post-19635","page","type-page","status-publish","hentry"],"_links":{"self":[{"href":"https:\/\/ccelra.eu\/index.php\/wp-json\/wp\/v2\/pages\/19635","targetHints":{"allow":["GET"]}}],"collection":[{"href":"https:\/\/ccelra.eu\/index.php\/wp-json\/wp\/v2\/pages"}],"about":[{"href":"https:\/\/ccelra.eu\/index.php\/wp-json\/wp\/v2\/types\/page"}],"author":[{"embeddable":true,"href":"https:\/\/ccelra.eu\/index.php\/wp-json\/wp\/v2\/users\/1"}],"replies":[{"embeddable":true,"href":"https:\/\/ccelra.eu\/index.php\/wp-json\/wp\/v2\/comments?post=19635"}],"version-history":[{"count":9,"href":"https:\/\/ccelra.eu\/index.php\/wp-json\/wp\/v2\/pages\/19635\/revisions"}],"predecessor-version":[{"id":19645,"href":"https:\/\/ccelra.eu\/index.php\/wp-json\/wp\/v2\/pages\/19635\/revisions\/19645"}],"wp:attachment":[{"href":"https:\/\/ccelra.eu\/index.php\/wp-json\/wp\/v2\/media?parent=19635"}],"curies":[{"name":"wp","href":"https:\/\/api.w.org\/{rel}","templated":true}]}}