{"id":19596,"date":"2025-04-24T13:59:51","date_gmt":"2025-04-24T13:59:51","guid":{"rendered":"https:\/\/angry-euler.82-223-12-193.plesk.page\/?page_id=19596"},"modified":"2025-04-24T14:18:26","modified_gmt":"2025-04-24T14:18:26","slug":"innovacio","status":"publish","type":"page","link":"https:\/\/ccelra.eu\/index.php\/ca\/innovacio\/","title":{"rendered":"INNOVACI\u00d3"},"content":{"rendered":"\t\t<div data-elementor-type=\"wp-page\" data-elementor-id=\"19596\" class=\"elementor elementor-19596\">\n\t\t\t\t\t\t<section class=\"elementor-section elementor-top-section elementor-element elementor-element-581158a elementor-section-boxed elementor-section-height-default elementor-section-height-default\" data-id=\"581158a\" data-element_type=\"section\" data-e-type=\"section\">\n\t\t\t\t\t\t<div class=\"elementor-container elementor-column-gap-default\">\n\t\t\t\t\t<div class=\"elementor-column elementor-col-50 elementor-top-column elementor-element elementor-element-e7d4576\" data-id=\"e7d4576\" data-element_type=\"column\" data-e-type=\"column\">\n\t\t\t<div class=\"elementor-widget-wrap elementor-element-populated\">\n\t\t\t\t\t\t<div class=\"elementor-element elementor-element-22ed74d elementor-widget__width-initial elementor-widget elementor-widget-leroux_core_section_title\" data-id=\"22ed74d\" data-element_type=\"widget\" data-e-type=\"widget\" data-widget_type=\"leroux_core_section_title.default\">\n\t\t\t\t<div class=\"elementor-widget-container\">\n\t\t\t\t\t<div class=\"qodef-shortcode qodef-m  qodef-section-title qodef-alignment--left \">\n\t\t<h3 class=\"qodef-m-title\" >\n\t\t\t\t\tINNOVACIONES C\u00c0RNIQUES CELR\u00c0 S.L.\t\t\t<\/h3>\n\t<\/div>\n\t\t\t\t<\/div>\n\t\t\t\t<\/div>\n\t\t\t\t<div class=\"elementor-element elementor-element-4aed1b1 elementor-widget__width-initial elementor-widget elementor-widget-text-editor\" data-id=\"4aed1b1\" data-element_type=\"widget\" data-e-type=\"widget\" data-widget_type=\"text-editor.default\">\n\t\t\t\t<div class=\"elementor-widget-container\">\n\t\t\t\t\t\t\t\t\t<p>La innovaci\u00f3 \u00e9s un pilar fonamental per a l&#8217;\u00e8xit i la sostenibilitat de qualsevol empresa al sector carni, ia C\u00e0rniques Celr\u00e0, s.l., reconeixem la seva import\u00e0ncia crucial per mantenir-nos a l&#8217;avantguarda del mercat global. Ubicats estrat\u00e8gicament a Celr\u00e0, Girona, a prop de la frontera amb Fran\u00e7a ia una dist\u00e0ncia accessible d&#8217;importants molls de c\u00e0rrega mar\u00edtims, entenem que la innovaci\u00f3 \u00e9s essencial per optimitzar els nostres processos i oferir productes de la m\u00e9s alta qualitat als nostres clients internacionals.<\/p>\t\t\t\t\t\t\t\t<\/div>\n\t\t\t\t<\/div>\n\t\t\t\t\t<\/div>\n\t\t<\/div>\n\t\t\t\t<div class=\"elementor-column elementor-col-50 elementor-top-column elementor-element elementor-element-3564889\" data-id=\"3564889\" data-element_type=\"column\" data-e-type=\"column\">\n\t\t\t<div class=\"elementor-widget-wrap elementor-element-populated\">\n\t\t\t\t\t\t<div class=\"elementor-element elementor-element-0ef5821 elementor-widget elementor-widget-leroux_core_accordion\" data-id=\"0ef5821\" data-element_type=\"widget\" data-e-type=\"widget\" data-widget_type=\"leroux_core_accordion.default\">\n\t\t\t\t<div class=\"elementor-widget-container\">\n\t\t\t\t\t<div class=\"qodef-shortcode qodef-m  qodef-accordion clear qodef-behavior--accordion qodef-layout--simple qodef-icon--layout-1\" style=\"--qodef-accordion-content-color: #7A7A7A\">\n\t<h4 class=\"qodef-accordion-title\">\n\t<span class=\"qodef-tab-title\">Millora Cont\u00ednua de la Qualitat del Producte<\/span>\n\t<span class=\"qodef-accordion-mark\">\n                    <span class=\"qodef-icon--plus qodef-icon-layout--1\">\n                <svg class=\"qodef-svg--arrow-down\" xmlns=\"http:\/\/www.w3.org\/2000\/svg\" width=\"16.112\" height=\"16.112\" viewBox=\"0 0 16.112 16.112\"><g transform=\"translate(15.612 8.056) rotate(135)\"><line x2=\"10.686\" y2=\"10.686\" transform=\"translate(0 10.686) rotate(-90)\" fill=\"none\" stroke=\"currentColor\" stroke-width=\"1\"\/><line y2=\"10.565\" transform=\"translate(0.052 0.121) rotate(-90)\" fill=\"none\" stroke=\"currentColor\" stroke-width=\"1\"\/><line x2=\"10.565\" transform=\"translate(10.617 10.686) rotate(-90)\" fill=\"none\" stroke=\"currentColor\" stroke-width=\"1\"\/><\/g><\/svg>            <\/span>\n        \t\t<span class=\"qodef-icon--minus\"><\/span>\n\t<\/span>\n<\/h4>\n<div class=\"qodef-accordion-content\">\n\t<div class=\"qodef-accordion-content-inner\">\n\t\t<p>La implementaci\u00f3n de nuevas tecnolog\u00edas y m\u00e9todos de procesamiento nos permite ofrecer carne de cerdo con niveles inigualables de homogeneidad y salubridad. Utilizando estudios gen\u00e9ticos y nutricionales avanzados, as\u00ed como respondiendo a las demandas del mercado, garantizamos que cada pieza de carne cumpla con los m\u00e1s estrictos est\u00e1ndares de calidad.<\/p>\t<\/div>\n<\/div>\n<h4 class=\"qodef-accordion-title\">\n\t<span class=\"qodef-tab-title\">Efici\u00e8ncia en els Processos<\/span>\n\t<span class=\"qodef-accordion-mark\">\n                    <span class=\"qodef-icon--plus qodef-icon-layout--1\">\n                <svg class=\"qodef-svg--arrow-down\" xmlns=\"http:\/\/www.w3.org\/2000\/svg\" width=\"16.112\" height=\"16.112\" viewBox=\"0 0 16.112 16.112\"><g transform=\"translate(15.612 8.056) rotate(135)\"><line x2=\"10.686\" y2=\"10.686\" transform=\"translate(0 10.686) rotate(-90)\" fill=\"none\" stroke=\"currentColor\" stroke-width=\"1\"\/><line y2=\"10.565\" transform=\"translate(0.052 0.121) rotate(-90)\" fill=\"none\" stroke=\"currentColor\" stroke-width=\"1\"\/><line x2=\"10.565\" transform=\"translate(10.617 10.686) rotate(-90)\" fill=\"none\" stroke=\"currentColor\" stroke-width=\"1\"\/><\/g><\/svg>            <\/span>\n        \t\t<span class=\"qodef-icon--minus\"><\/span>\n\t<\/span>\n<\/h4>\n<div class=\"qodef-accordion-content\">\n\t<div class=\"qodef-accordion-content-inner\">\n\t\t<p>Adoptar tecnologies d'avantguarda i sistemes automatitzats optimitza els nostres fluxos de treball, des de la descomposici\u00f3 fins a l'envasament i la distribuci\u00f3.<\/p>\t<\/div>\n<\/div>\n<h4 class=\"qodef-accordion-title\">\n\t<span class=\"qodef-tab-title\">Seguretat Aliment\u00e0ria<\/span>\n\t<span class=\"qodef-accordion-mark\">\n                    <span class=\"qodef-icon--plus qodef-icon-layout--1\">\n                <svg class=\"qodef-svg--arrow-down\" xmlns=\"http:\/\/www.w3.org\/2000\/svg\" width=\"16.112\" height=\"16.112\" viewBox=\"0 0 16.112 16.112\"><g transform=\"translate(15.612 8.056) rotate(135)\"><line x2=\"10.686\" y2=\"10.686\" transform=\"translate(0 10.686) rotate(-90)\" fill=\"none\" stroke=\"currentColor\" stroke-width=\"1\"\/><line y2=\"10.565\" transform=\"translate(0.052 0.121) rotate(-90)\" fill=\"none\" stroke=\"currentColor\" stroke-width=\"1\"\/><line x2=\"10.565\" transform=\"translate(10.617 10.686) rotate(-90)\" fill=\"none\" stroke=\"currentColor\" stroke-width=\"1\"\/><\/g><\/svg>            <\/span>\n        \t\t<span class=\"qodef-icon--minus\"><\/span>\n\t<\/span>\n<\/h4>\n<div class=\"qodef-accordion-content\">\n\t<div class=\"qodef-accordion-content-inner\">\n\t\t<p>La innovaci\u00f3 en controls de qualitat i seguretat aliment\u00e0ria \u00e9s essencial per a nosaltres. La implementaci\u00f3 del sistema HACCP i l'adhesi\u00f3 a normatives ISO ens permet monitoritzar i controlar cada fase del proc\u00e9s de producci\u00f3, garantint que els nostres productes no nom\u00e9s siguin segurs, sin\u00f3 que tamb\u00e9 compleixin els est\u00e0ndards m\u00e9s alts internacionals de sanitat.<\/p>\t<\/div>\n<\/div>\n<h4 class=\"qodef-accordion-title\">\n\t<span class=\"qodef-tab-title\">Sostenibilitat Ambiental<\/span>\n\t<span class=\"qodef-accordion-mark\">\n                    <span class=\"qodef-icon--plus qodef-icon-layout--1\">\n                <svg class=\"qodef-svg--arrow-down\" xmlns=\"http:\/\/www.w3.org\/2000\/svg\" width=\"16.112\" height=\"16.112\" viewBox=\"0 0 16.112 16.112\"><g transform=\"translate(15.612 8.056) rotate(135)\"><line x2=\"10.686\" y2=\"10.686\" transform=\"translate(0 10.686) rotate(-90)\" fill=\"none\" stroke=\"currentColor\" stroke-width=\"1\"\/><line y2=\"10.565\" transform=\"translate(0.052 0.121) rotate(-90)\" fill=\"none\" stroke=\"currentColor\" stroke-width=\"1\"\/><line x2=\"10.565\" transform=\"translate(10.617 10.686) rotate(-90)\" fill=\"none\" stroke=\"currentColor\" stroke-width=\"1\"\/><\/g><\/svg>            <\/span>\n        \t\t<span class=\"qodef-icon--minus\"><\/span>\n\t<\/span>\n<\/h4>\n<div class=\"qodef-accordion-content\">\n\t<div class=\"qodef-accordion-content-inner\">\n\t\t<p>Desenvolupar m\u00e8todes m\u00e9s sostenibles i eficients de maneig de residus i consum energ\u00e8tic \u00e9s una prioritat a C\u00e0rniques Celr\u00e0. Les innovacions en sostenibilitat no nom\u00e9s redueixen el nostre impacte ambiental, sin\u00f3 que tamb\u00e9 optimitzen els nostres costos operatius, beneficiant tant l'empresa com el planeta.<\/p>\t<\/div>\n<\/div>\n<h4 class=\"qodef-accordion-title\">\n\t<span class=\"qodef-tab-title\">Adaptaci\u00f3 al Mercat Global<\/span>\n\t<span class=\"qodef-accordion-mark\">\n                    <span class=\"qodef-icon--plus qodef-icon-layout--1\">\n                <svg class=\"qodef-svg--arrow-down\" xmlns=\"http:\/\/www.w3.org\/2000\/svg\" width=\"16.112\" height=\"16.112\" viewBox=\"0 0 16.112 16.112\"><g transform=\"translate(15.612 8.056) rotate(135)\"><line x2=\"10.686\" y2=\"10.686\" transform=\"translate(0 10.686) rotate(-90)\" fill=\"none\" stroke=\"currentColor\" stroke-width=\"1\"\/><line y2=\"10.565\" transform=\"translate(0.052 0.121) rotate(-90)\" fill=\"none\" stroke=\"currentColor\" stroke-width=\"1\"\/><line x2=\"10.565\" transform=\"translate(10.617 10.686) rotate(-90)\" fill=\"none\" stroke=\"currentColor\" stroke-width=\"1\"\/><\/g><\/svg>            <\/span>\n        \t\t<span class=\"qodef-icon--minus\"><\/span>\n\t<\/span>\n<\/h4>\n<div class=\"qodef-accordion-content\">\n\t<div class=\"qodef-accordion-content-inner\">\n\t\t<p>En un entorn global din\u00e0mic i competitiu, la capacitat d'innovar ens permet adaptar-nos r\u00e0pidament a les tend\u00e8ncies i demandes canviants dels consumidors. Aix\u00f2 inclou el desenvolupament de nous productes i talls de carn que s'ajustin a les prefer\u00e8ncies de diferents regions del m\u00f3n, assegurant la nostra rellev\u00e0ncia i competitivitat al mercat internacional.<\/p><p>A C\u00e0rniques Celr\u00e0, S.L., la innovaci\u00f3 no \u00e9s nom\u00e9s una estrat\u00e8gia, sin\u00f3 una filosofia de negoci. Des de la nostra fundaci\u00f3 a l'octubre del 2011, hem dissenyat els nostres processos i sistemes amb una visi\u00f3 exportadora clara i un comprom\u00eds infrangible amb la qualitat. El nostre equip d'experts treballa incansablement per garantir que cada producte que surt de les nostres instal\u00b7lacions compleixi i superi les expectatives dels nostres clients, assegurant que tothom pugui gaudir d'aliments de la m\u00e9s alta qualitat, des del camp fins a la taula.<\/p><p>La innovaci\u00f3 \u00e9s, i continuar\u00e0 sent, el motor que impulsa el nostre creixement i \u00e8xit a la ind\u00fastria c\u00e0rnia. Ens esforcem per superar constantment els est\u00e0ndards de la ind\u00fastria i satisfer les necessitats i expectatives dels nostres clients, conven\u00e7uts que l'excel\u00b7l\u00e8ncia en qualitat i seguretat aliment\u00e0ria \u00e9s la clau per a un futur pr\u00f2sper i sostenible.<\/p>\t<\/div>\n<\/div>\n<\/div>\n\t\t\t\t<\/div>\n\t\t\t\t<\/div>\n\t\t\t\t\t<\/div>\n\t\t<\/div>\n\t\t\t\t\t<\/div>\n\t\t<\/section>\n\t\t\t\t<section class=\"elementor-section elementor-top-section elementor-element elementor-element-9b7b352 elementor-section-full_width elementor-section-height-min-height elementor-section-stretched elementor-section-height-default elementor-section-items-middle\" data-id=\"9b7b352\" data-element_type=\"section\" data-e-type=\"section\" data-settings=\"{&quot;background_background&quot;:&quot;classic&quot;,&quot;stretch_section&quot;:&quot;section-stretched&quot;}\">\n\t\t\t\t\t\t\t<div class=\"elementor-background-overlay\"><\/div>\n\t\t\t\t\t\t\t<div class=\"elementor-container elementor-column-gap-no\">\n\t\t\t\t\t<div class=\"elementor-column elementor-col-100 elementor-top-column elementor-element elementor-element-0fa9bd2\" data-id=\"0fa9bd2\" data-element_type=\"column\" data-e-type=\"column\">\n\t\t\t<div class=\"elementor-widget-wrap\">\n\t\t\t\t\t\t\t<\/div>\n\t\t<\/div>\n\t\t\t\t\t<\/div>\n\t\t<\/section>\n\t\t\t\t<\/div>\n\t\t","protected":false},"excerpt":{"rendered":"<p>INNOVACIONES C\u00c0RNIQUES CELR\u00c0 S.L. La innovaci\u00f3 \u00e9s un pilar fonamental per a l&#8217;\u00e8xit i la sostenibilitat de qualsevol empresa al sector carni, ia C\u00e0rniques Celr\u00e0, s.l., reconeixem la seva import\u00e0ncia crucial per mantenir-nos a l&#8217;avantguarda del mercat global. Ubicats estrat\u00e8gicament a Celr\u00e0, Girona, a prop de la frontera amb Fran\u00e7a ia una dist\u00e0ncia accessible d&#8217;importants [&hellip;]<\/p>\n","protected":false},"author":1,"featured_media":0,"parent":0,"menu_order":0,"comment_status":"closed","ping_status":"closed","template":"","meta":{"footnotes":""},"class_list":["post-19596","page","type-page","status-publish","hentry"],"_links":{"self":[{"href":"https:\/\/ccelra.eu\/index.php\/wp-json\/wp\/v2\/pages\/19596","targetHints":{"allow":["GET"]}}],"collection":[{"href":"https:\/\/ccelra.eu\/index.php\/wp-json\/wp\/v2\/pages"}],"about":[{"href":"https:\/\/ccelra.eu\/index.php\/wp-json\/wp\/v2\/types\/page"}],"author":[{"embeddable":true,"href":"https:\/\/ccelra.eu\/index.php\/wp-json\/wp\/v2\/users\/1"}],"replies":[{"embeddable":true,"href":"https:\/\/ccelra.eu\/index.php\/wp-json\/wp\/v2\/comments?post=19596"}],"version-history":[{"count":11,"href":"https:\/\/ccelra.eu\/index.php\/wp-json\/wp\/v2\/pages\/19596\/revisions"}],"predecessor-version":[{"id":19612,"href":"https:\/\/ccelra.eu\/index.php\/wp-json\/wp\/v2\/pages\/19596\/revisions\/19612"}],"wp:attachment":[{"href":"https:\/\/ccelra.eu\/index.php\/wp-json\/wp\/v2\/media?parent=19596"}],"curies":[{"name":"wp","href":"https:\/\/api.w.org\/{rel}","templated":true}]}}