{"id":19586,"date":"2025-04-24T13:44:27","date_gmt":"2025-04-24T13:44:27","guid":{"rendered":"https:\/\/angry-euler.82-223-12-193.plesk.page\/?page_id=19586"},"modified":"2025-04-24T21:44:46","modified_gmt":"2025-04-24T21:44:46","slug":"valors","status":"publish","type":"page","link":"https:\/\/ccelra.eu\/index.php\/ca\/valors\/","title":{"rendered":"Valors"},"content":{"rendered":"\t\t<div data-elementor-type=\"wp-page\" data-elementor-id=\"19586\" class=\"elementor elementor-19586\">\n\t\t\t\t\t\t<section class=\"elementor-section elementor-top-section elementor-element elementor-element-73d1c9a elementor-section-full_width qodef-elementor-content-grid elementor-section-height-default elementor-section-height-default\" data-id=\"73d1c9a\" data-element_type=\"section\" data-e-type=\"section\">\n\t\t\t\t\t\t<div class=\"elementor-container elementor-column-gap-no\">\n\t\t\t\t\t<div class=\"elementor-column elementor-col-100 elementor-top-column elementor-element elementor-element-31985ad\" data-id=\"31985ad\" data-element_type=\"column\" data-e-type=\"column\">\n\t\t\t<div class=\"elementor-widget-wrap elementor-element-populated\">\n\t\t\t\t\t\t<div class=\"elementor-element elementor-element-831fec1 elementor-widget__width-initial elementor-widget elementor-widget-leroux_core_section_title\" data-id=\"831fec1\" data-element_type=\"widget\" data-e-type=\"widget\" data-widget_type=\"leroux_core_section_title.default\">\n\t\t\t\t<div class=\"elementor-widget-container\">\n\t\t\t\t\t<div class=\"qodef-shortcode qodef-m  qodef-section-title qodef-alignment--left qodef-title-break--disabled\">\n\t\t<h2 class=\"qodef-m-title\" >\n\t\t\t\t\tEls nostres compromisos davant la societat\t\t\t<\/h2>\n\t<\/div>\n\t\t\t\t<\/div>\n\t\t\t\t<\/div>\n\t\t\t\t\t<\/div>\n\t\t<\/div>\n\t\t\t\t\t<\/div>\n\t\t<\/section>\n\t\t\t\t<section class=\"elementor-section elementor-top-section elementor-element elementor-element-bb464e9 elementor-section-full_width qodef-elementor-content-grid elementor-section-height-default elementor-section-height-default\" data-id=\"bb464e9\" data-element_type=\"section\" data-e-type=\"section\">\n\t\t\t\t\t\t<div class=\"elementor-container elementor-column-gap-default\">\n\t\t\t\t\t<div class=\"elementor-column elementor-col-100 elementor-top-column elementor-element elementor-element-0ffac6b\" data-id=\"0ffac6b\" data-element_type=\"column\" data-e-type=\"column\">\n\t\t\t<div class=\"elementor-widget-wrap elementor-element-populated\">\n\t\t\t\t\t\t<div class=\"elementor-element elementor-element-c49e7ee elementor-widget__width-initial elementor-widget elementor-widget-leroux_core_vertical_timeline\" data-id=\"c49e7ee\" data-element_type=\"widget\" data-e-type=\"widget\" data-widget_type=\"leroux_core_vertical_timeline.default\">\n\t\t\t\t<div class=\"elementor-widget-container\">\n\t\t\t\t\t<div class=\"qodef-shortcode qodef-m  qodef-vertical-timeline qodef-layout--standard\">\n\t<div class=\"qodef-m-inner\">\n\t\t\t\t\t\t<div class=\"qodef-m-timeline-item\">\n\t\t\t\t\t<div class=\"qodef-m-left\">\n\t\t\t\t\t\t<h6 class=\"qodef-m-left-title\">\n\t\t\t\t\t\t\t\t\t\t\t\t\t<\/h6>\n\t\t\t\t\t\t<p class=\"qodef-m-left-subtitle\">\n\t\t\t\t\t\t\t\t\t\t\t\t\t<\/p>\n\t\t\t\t\t<\/div>\n\t\t\t\t\t<div class=\"qodef-m-center\">\n\t\t\t\t\t\t<span class=\"qodef-m-dot\"><\/span>\n\t\t\t\t\t\t<span class=\"qodef-m-line\"><\/span>\n\t\t\t\t\t<\/div>\n\t\t\t\t\t<div class=\"qodef-m-right\">\n\t\t\t\t\t\t<h4 class=\"qodef-m-right-title\">\n\t\t\t\t\t\t\tCOMPROM\u00cdS AMB LA QUALITAT I LA SEGURETAT\t\t\t\t\t\t<\/h4>\n\t\t\t\t\t\t<p class=\"qodef-m-right-text\">\n\t\t\t\t\t\t\tVetllem per la qualitat i seguretat aliment\u00e0ria dels nostres productes, amb accions planificades i sistem\u00e0tiques de prevenci\u00f3, detecci\u00f3, correcci\u00f3 i millora.\n\nA la nostra empresa, la qualitat i la seguretat s\u00f3n pilars fonamentals que guien totes les nostres operacions i decisions. Ens comprometem a oferir productes i serveis de la m\u00e9s alta qualitat, complint els est\u00e0ndards m\u00e9s exigents de la ind\u00fastria i garantint la seguretat i satisfacci\u00f3 dels nostres clients en tot moment.\t\t\t\t\t\t<\/p>\n\t\t\t\t\t<\/div>\n\t\t\t\t<\/div>\n\t\t\t\t\t\t\t<div class=\"qodef-m-timeline-item\">\n\t\t\t\t\t<div class=\"qodef-m-left\">\n\t\t\t\t\t\t<h6 class=\"qodef-m-left-title\">\n\t\t\t\t\t\t\t\t\t\t\t\t\t<\/h6>\n\t\t\t\t\t\t<p class=\"qodef-m-left-subtitle\">\n\t\t\t\t\t\t\t\t\t\t\t\t\t<\/p>\n\t\t\t\t\t<\/div>\n\t\t\t\t\t<div class=\"qodef-m-center\">\n\t\t\t\t\t\t<span class=\"qodef-m-dot\"><\/span>\n\t\t\t\t\t\t<span class=\"qodef-m-line\"><\/span>\n\t\t\t\t\t<\/div>\n\t\t\t\t\t<div class=\"qodef-m-right\">\n\t\t\t\t\t\t<h4 class=\"qodef-m-right-title\">\n\t\t\t\t\t\t\tCOMPROM\u00cdS AMB EL BENESTAR ANIMAL\t\t\t\t\t\t<\/h4>\n\t\t\t\t\t\t<p class=\"qodef-m-right-text\">\n\t\t\t\t\t\t\tIdeem constantment projectes per millorar els processos, producci\u00f3 i qualitat dels nostres serveis i productes.\n\nCom a part del nostre comprom\u00eds amb el benestar animal, tamb\u00e9 ens comprometem a continuar aprenent i millorant en aquesta \u00e0rea. Ens mantenim informats sobre les darreres investigacions i millors pr\u00e0ctiques en la cura animal, i estem oberts a implementar canvis i millores en les nostres operacions per garantir el benestar \u00f2ptim dels animals.\n\t\t\t\t\t\t<\/p>\n\t\t\t\t\t<\/div>\n\t\t\t\t<\/div>\n\t\t\t\t\t\t\t<div class=\"qodef-m-timeline-item\">\n\t\t\t\t\t<div class=\"qodef-m-left\">\n\t\t\t\t\t\t<h6 class=\"qodef-m-left-title\">\n\t\t\t\t\t\t\t\t\t\t\t\t\t<\/h6>\n\t\t\t\t\t\t<p class=\"qodef-m-left-subtitle\">\n\t\t\t\t\t\t\t\t\t\t\t\t\t<\/p>\n\t\t\t\t\t<\/div>\n\t\t\t\t\t<div class=\"qodef-m-center\">\n\t\t\t\t\t\t<span class=\"qodef-m-dot\"><\/span>\n\t\t\t\t\t\t<span class=\"qodef-m-line\"><\/span>\n\t\t\t\t\t<\/div>\n\t\t\t\t\t<div class=\"qodef-m-right\">\n\t\t\t\t\t\t<h4 class=\"qodef-m-right-title\">\n\t\t\t\t\t\t\tCOMPROM\u00cdS AMB LA INNOVACI\u00d3\t\t\t\t\t\t<\/h4>\n\t\t\t\t\t\t<p class=\"qodef-m-right-text\">\n\t\t\t\t\t\t\tIdeem constantment projectes per millorar els processos, producci\u00f3 i qualitat dels nostres serveis i productes.\n\nA m\u00e9s, el comprom\u00eds amb la innovaci\u00f3 implica una visi\u00f3 a llarg termini i una mentalitat d'adaptaci\u00f3. Les empreses que prioritzen la innovaci\u00f3 estan sempre mirant cap al futur, anticipant les tend\u00e8ncies emergents i preparant-se per als desafiaments i les oportunitats que s'acosten. S\u00f3n flexibles i \u00e0gils, capa\u00e7os d'adaptar-se r\u00e0pidament a un entorn empresarial en evoluci\u00f3 constant.\t\t\t\t\t\t<\/p>\n\t\t\t\t\t<\/div>\n\t\t\t\t<\/div>\n\t\t\t\t\t\t\t<div class=\"qodef-m-timeline-item\">\n\t\t\t\t\t<div class=\"qodef-m-left\">\n\t\t\t\t\t\t<h6 class=\"qodef-m-left-title\">\n\t\t\t\t\t\t\t\t\t\t\t\t\t<\/h6>\n\t\t\t\t\t\t<p class=\"qodef-m-left-subtitle\">\n\t\t\t\t\t\t\t\t\t\t\t\t\t<\/p>\n\t\t\t\t\t<\/div>\n\t\t\t\t\t<div class=\"qodef-m-center\">\n\t\t\t\t\t\t<span class=\"qodef-m-dot\"><\/span>\n\t\t\t\t\t\t<span class=\"qodef-m-line\"><\/span>\n\t\t\t\t\t<\/div>\n\t\t\t\t\t<div class=\"qodef-m-right\">\n\t\t\t\t\t\t<h4 class=\"qodef-m-right-title\">\n\t\t\t\t\t\t\tCOMPROM\u00cdS \u00c8TIC I LABORAL\t\t\t\t\t\t<\/h4>\n\t\t\t\t\t\t<p class=\"qodef-m-right-text\">\n\t\t\t\t\t\t\tAvaluem les nostres pr\u00e0ctiques a totes les \u00e0rees de l'empresa a trav\u00e9s d'auditories peri\u00f2diques, perqu\u00e8 siguin conseq\u00fcents, responsables, honestes i aut\u00e8ntiques.\n\nA m\u00e9s, ens comprometem a complir totes les lleis i regulacions laborals aplicables, aix\u00ed com a promoure pr\u00e0ctiques justes i equitatives en totes les nostres operacions. La transpar\u00e8ncia i la integritat s\u00f3n fonamentals en les nostres relacions comercials, i ens esforcem per mantenir una comunicaci\u00f3 oberta i honesta amb tots els nostres stakeholders.\n\nFora de les nostres portes, tamb\u00e9 ens comprometem a contribuir positivament a la societat i al medi ambient. Participem activament en iniciatives de responsabilitat social corporativa i ens esforcem per ser bons ciutadans corporatius a totes les comunitats on operem.\t\t\t\t\t\t<\/p>\n\t\t\t\t\t<\/div>\n\t\t\t\t<\/div>\n\t\t\t\t\t\t\t<div class=\"qodef-m-timeline-item\">\n\t\t\t\t\t<div class=\"qodef-m-left\">\n\t\t\t\t\t\t<h6 class=\"qodef-m-left-title\">\n\t\t\t\t\t\t\t\t\t\t\t\t\t<\/h6>\n\t\t\t\t\t\t<p class=\"qodef-m-left-subtitle\">\n\t\t\t\t\t\t\t\t\t\t\t\t\t<\/p>\n\t\t\t\t\t<\/div>\n\t\t\t\t\t<div class=\"qodef-m-center\">\n\t\t\t\t\t\t<span class=\"qodef-m-dot\"><\/span>\n\t\t\t\t\t\t<span class=\"qodef-m-line\"><\/span>\n\t\t\t\t\t<\/div>\n\t\t\t\t\t<div class=\"qodef-m-right\">\n\t\t\t\t\t\t<h4 class=\"qodef-m-right-title\">\n\t\t\t\t\t\t\tCOMPROM\u00cdS AMB LA SOSTENIBILITAT\t\t\t\t\t\t<\/h4>\n\t\t\t\t\t\t<p class=\"qodef-m-right-text\">\n\t\t\t\t\t\t\tSom una empresa compromesa amb el medi ambient.\n\nTots els integrants de l'empresa contribu\u00efm a la protecci\u00f3 del medi ambient i una gesti\u00f3 correcta dels residus que generem.\n\nA m\u00e9s, promovem una cultura empresarial que valora i respecta el benestar de les persones i les comunitats. Ens comprometem a crear un entorn laboral segur, inclusiu i divers, on es fomenti el desenvolupament personal i professional dels nostres empleats, i es promogui el respecte pels drets humans i laborals a tota la nostra cadena de valor.\n\nCom a part del nostre comprom\u00eds amb la sostenibilitat, tamb\u00e9 ens involucrem activament en iniciatives de responsabilitat social corporativa, donant suport a causes i projectes que contribueixen al desenvolupament sostenible de les comunitats locals i al benestar de les generacions futures.\t\t\t\t\t\t<\/p>\n\t\t\t\t\t<\/div>\n\t\t\t\t<\/div>\n\t\t\t\t\t\t\t<div class=\"qodef-m-timeline-item\">\n\t\t\t\t\t<div class=\"qodef-m-left\">\n\t\t\t\t\t\t<h6 class=\"qodef-m-left-title\">\n\t\t\t\t\t\t\t\t\t\t\t\t\t<\/h6>\n\t\t\t\t\t\t<p class=\"qodef-m-left-subtitle\">\n\t\t\t\t\t\t\t\t\t\t\t\t\t<\/p>\n\t\t\t\t\t<\/div>\n\t\t\t\t\t<div class=\"qodef-m-center\">\n\t\t\t\t\t\t<span class=\"qodef-m-dot\"><\/span>\n\t\t\t\t\t\t<span class=\"qodef-m-line\"><\/span>\n\t\t\t\t\t<\/div>\n\t\t\t\t\t<div class=\"qodef-m-right\">\n\t\t\t\t\t\t<h4 class=\"qodef-m-right-title\">\n\t\t\t\t\t\t\tCOMPROM\u00cdS SOCIAL\t\t\t\t\t\t<\/h4>\n\t\t\t\t\t\t<p class=\"qodef-m-right-text\">\n\t\t\t\t\t\t\tAmb el planeta, mitjan\u00e7ant la millora dels boscos de la Garrotxa, per contribuir als reptes globals de la crisi ambiental.\n\nAmb les persones a trav\u00e9s de fundacions i entitats que treballen pel progr\u00e9s social.\n\nCom a empresa socialment responsable, tamb\u00e9 ens preocupem per l'impacte ambiental de les nostres operacions i ens esforcem per minimitzar la nostra empremta ecol\u00f2gica.\t\t\t\t\t\t<\/p>\n\t\t\t\t\t<\/div>\n\t\t\t\t<\/div>\n\t\t\t\t<\/div>\n    <\/div>\n\t\t\t\t<\/div>\n\t\t\t\t<\/div>\n\t\t\t\t\t<\/div>\n\t\t<\/div>\n\t\t\t\t\t<\/div>\n\t\t<\/section>\n\t\t<div class=\"elementor-element elementor-element-4292847 e-con-full e-flex e-con e-parent\" data-id=\"4292847\" data-element_type=\"container\" data-e-type=\"container\">\n\t\t<div class=\"elementor-element elementor-element-de0c44a e-con-full e-flex e-con e-child\" data-id=\"de0c44a\" data-element_type=\"container\" data-e-type=\"container\">\n\t\t\t\t<div class=\"elementor-element elementor-element-000cf0c elementor-widget elementor-widget-image\" data-id=\"000cf0c\" data-element_type=\"widget\" data-e-type=\"widget\" data-widget_type=\"image.default\">\n\t\t\t\t<div class=\"elementor-widget-container\">\n\t\t\t\t\t\t\t\t\t\t\t\t\t\t\t<img fetchpriority=\"high\" decoding=\"async\" width=\"814\" height=\"809\" src=\"https:\/\/ccelra.eu\/wp-content\/uploads\/2024\/05\/0194_2024_CELRA.jpg\" class=\"attachment-large size-large wp-image-16289\" alt=\"\" srcset=\"https:\/\/ccelra.eu\/wp-content\/uploads\/2024\/05\/0194_2024_CELRA.jpg 814w, https:\/\/ccelra.eu\/wp-content\/uploads\/2024\/05\/0194_2024_CELRA-150x150.jpg 150w, https:\/\/ccelra.eu\/wp-content\/uploads\/2024\/05\/0194_2024_CELRA-300x298.jpg 300w, https:\/\/ccelra.eu\/wp-content\/uploads\/2024\/05\/0194_2024_CELRA-768x763.jpg 768w, https:\/\/ccelra.eu\/wp-content\/uploads\/2024\/05\/0194_2024_CELRA-600x596.jpg 600w, https:\/\/ccelra.eu\/wp-content\/uploads\/2024\/05\/0194_2024_CELRA-100x100.jpg 100w\" sizes=\"(max-width: 814px) 100vw, 814px\" \/>\t\t\t\t\t\t\t\t\t\t\t\t\t\t\t<\/div>\n\t\t\t\t<\/div>\n\t\t\t\t<div class=\"elementor-element elementor-element-a64ee86 elementor-widget elementor-widget-image\" data-id=\"a64ee86\" data-element_type=\"widget\" data-e-type=\"widget\" data-widget_type=\"image.default\">\n\t\t\t\t<div class=\"elementor-widget-container\">\n\t\t\t\t\t\t\t\t\t\t\t\t\t\t\t<img decoding=\"async\" width=\"814\" height=\"809\" src=\"https:\/\/ccelra.eu\/wp-content\/uploads\/2024\/05\/0197_2024_CELRA.jpg\" class=\"attachment-large size-large wp-image-16305\" alt=\"\" srcset=\"https:\/\/ccelra.eu\/wp-content\/uploads\/2024\/05\/0197_2024_CELRA.jpg 814w, https:\/\/ccelra.eu\/wp-content\/uploads\/2024\/05\/0197_2024_CELRA-150x150.jpg 150w, https:\/\/ccelra.eu\/wp-content\/uploads\/2024\/05\/0197_2024_CELRA-300x298.jpg 300w, https:\/\/ccelra.eu\/wp-content\/uploads\/2024\/05\/0197_2024_CELRA-768x763.jpg 768w, https:\/\/ccelra.eu\/wp-content\/uploads\/2024\/05\/0197_2024_CELRA-600x596.jpg 600w, https:\/\/ccelra.eu\/wp-content\/uploads\/2024\/05\/0197_2024_CELRA-100x100.jpg 100w\" sizes=\"(max-width: 814px) 100vw, 814px\" \/>\t\t\t\t\t\t\t\t\t\t\t\t\t\t\t<\/div>\n\t\t\t\t<\/div>\n\t\t\t\t<\/div>\n\t\t<div class=\"elementor-element elementor-element-aa697ee e-con-full e-flex e-con e-child\" data-id=\"aa697ee\" data-element_type=\"container\" data-e-type=\"container\">\n\t\t\t\t<div class=\"elementor-element elementor-element-a183323 elementor-widget elementor-widget-image\" data-id=\"a183323\" data-element_type=\"widget\" data-e-type=\"widget\" data-widget_type=\"image.default\">\n\t\t\t\t<div class=\"elementor-widget-container\">\n\t\t\t\t\t\t\t\t\t\t\t\t\t\t\t<img decoding=\"async\" width=\"814\" height=\"809\" src=\"https:\/\/ccelra.eu\/wp-content\/uploads\/2024\/05\/0195_2024_CELRA.jpg\" class=\"attachment-large size-large wp-image-16296\" alt=\"\" srcset=\"https:\/\/ccelra.eu\/wp-content\/uploads\/2024\/05\/0195_2024_CELRA.jpg 814w, https:\/\/ccelra.eu\/wp-content\/uploads\/2024\/05\/0195_2024_CELRA-150x150.jpg 150w, https:\/\/ccelra.eu\/wp-content\/uploads\/2024\/05\/0195_2024_CELRA-300x298.jpg 300w, https:\/\/ccelra.eu\/wp-content\/uploads\/2024\/05\/0195_2024_CELRA-768x763.jpg 768w, https:\/\/ccelra.eu\/wp-content\/uploads\/2024\/05\/0195_2024_CELRA-600x596.jpg 600w, https:\/\/ccelra.eu\/wp-content\/uploads\/2024\/05\/0195_2024_CELRA-100x100.jpg 100w\" sizes=\"(max-width: 814px) 100vw, 814px\" \/>\t\t\t\t\t\t\t\t\t\t\t\t\t\t\t<\/div>\n\t\t\t\t<\/div>\n\t\t\t\t<div class=\"elementor-element elementor-element-a042259 elementor-widget elementor-widget-image\" data-id=\"a042259\" data-element_type=\"widget\" data-e-type=\"widget\" data-widget_type=\"image.default\">\n\t\t\t\t<div class=\"elementor-widget-container\">\n\t\t\t\t\t\t\t\t\t\t\t\t\t\t\t<img loading=\"lazy\" decoding=\"async\" width=\"814\" height=\"809\" src=\"https:\/\/ccelra.eu\/wp-content\/uploads\/2024\/05\/0200_2024_CELRA.jpg\" class=\"attachment-large size-large wp-image-16406\" alt=\"\" srcset=\"https:\/\/ccelra.eu\/wp-content\/uploads\/2024\/05\/0200_2024_CELRA.jpg 814w, https:\/\/ccelra.eu\/wp-content\/uploads\/2024\/05\/0200_2024_CELRA-150x150.jpg 150w, https:\/\/ccelra.eu\/wp-content\/uploads\/2024\/05\/0200_2024_CELRA-300x298.jpg 300w, https:\/\/ccelra.eu\/wp-content\/uploads\/2024\/05\/0200_2024_CELRA-768x763.jpg 768w, https:\/\/ccelra.eu\/wp-content\/uploads\/2024\/05\/0200_2024_CELRA-600x596.jpg 600w, https:\/\/ccelra.eu\/wp-content\/uploads\/2024\/05\/0200_2024_CELRA-100x100.jpg 100w\" sizes=\"(max-width: 814px) 100vw, 814px\" \/>\t\t\t\t\t\t\t\t\t\t\t\t\t\t\t<\/div>\n\t\t\t\t<\/div>\n\t\t\t\t<\/div>\n\t\t<div class=\"elementor-element elementor-element-bc443b3 e-con-full e-flex e-con e-child\" data-id=\"bc443b3\" data-element_type=\"container\" data-e-type=\"container\">\n\t\t\t\t<div class=\"elementor-element elementor-element-c920922 elementor-widget elementor-widget-image\" data-id=\"c920922\" data-element_type=\"widget\" data-e-type=\"widget\" data-widget_type=\"image.default\">\n\t\t\t\t<div class=\"elementor-widget-container\">\n\t\t\t\t\t\t\t\t\t\t\t\t\t\t\t<img loading=\"lazy\" decoding=\"async\" width=\"814\" height=\"809\" src=\"https:\/\/ccelra.eu\/wp-content\/uploads\/2024\/05\/0196_2024_CELRA.jpg\" class=\"attachment-large size-large wp-image-16300\" alt=\"\" srcset=\"https:\/\/ccelra.eu\/wp-content\/uploads\/2024\/05\/0196_2024_CELRA.jpg 814w, https:\/\/ccelra.eu\/wp-content\/uploads\/2024\/05\/0196_2024_CELRA-150x150.jpg 150w, https:\/\/ccelra.eu\/wp-content\/uploads\/2024\/05\/0196_2024_CELRA-300x298.jpg 300w, https:\/\/ccelra.eu\/wp-content\/uploads\/2024\/05\/0196_2024_CELRA-768x763.jpg 768w, https:\/\/ccelra.eu\/wp-content\/uploads\/2024\/05\/0196_2024_CELRA-600x596.jpg 600w, https:\/\/ccelra.eu\/wp-content\/uploads\/2024\/05\/0196_2024_CELRA-100x100.jpg 100w\" sizes=\"(max-width: 814px) 100vw, 814px\" \/>\t\t\t\t\t\t\t\t\t\t\t\t\t\t\t<\/div>\n\t\t\t\t<\/div>\n\t\t\t\t<div class=\"elementor-element elementor-element-66894bc elementor-widget elementor-widget-image\" data-id=\"66894bc\" data-element_type=\"widget\" data-e-type=\"widget\" data-widget_type=\"image.default\">\n\t\t\t\t<div class=\"elementor-widget-container\">\n\t\t\t\t\t\t\t\t\t\t\t\t\t\t\t<img loading=\"lazy\" decoding=\"async\" width=\"814\" height=\"809\" src=\"https:\/\/ccelra.eu\/wp-content\/uploads\/2024\/05\/0199_2024_CELRA.jpg\" class=\"attachment-large size-large wp-image-16313\" alt=\"\" srcset=\"https:\/\/ccelra.eu\/wp-content\/uploads\/2024\/05\/0199_2024_CELRA.jpg 814w, https:\/\/ccelra.eu\/wp-content\/uploads\/2024\/05\/0199_2024_CELRA-150x150.jpg 150w, https:\/\/ccelra.eu\/wp-content\/uploads\/2024\/05\/0199_2024_CELRA-300x298.jpg 300w, https:\/\/ccelra.eu\/wp-content\/uploads\/2024\/05\/0199_2024_CELRA-768x763.jpg 768w, https:\/\/ccelra.eu\/wp-content\/uploads\/2024\/05\/0199_2024_CELRA-600x596.jpg 600w, https:\/\/ccelra.eu\/wp-content\/uploads\/2024\/05\/0199_2024_CELRA-100x100.jpg 100w\" sizes=\"(max-width: 814px) 100vw, 814px\" \/>\t\t\t\t\t\t\t\t\t\t\t\t\t\t\t<\/div>\n\t\t\t\t<\/div>\n\t\t\t\t<\/div>\n\t\t\t\t<\/div>\n\t\t\t\t<\/div>\n\t\t","protected":false},"excerpt":{"rendered":"<p>Els nostres compromisos davant la societat COMPROM\u00cdS AMB LA QUALITAT I LA SEGURETAT Vetllem per la qualitat i seguretat aliment\u00e0ria dels nostres productes, amb accions planificades i sistem\u00e0tiques de prevenci\u00f3, detecci\u00f3, correcci\u00f3 i millora. A la nostra empresa, la qualitat i la seguretat s\u00f3n pilars fonamentals que guien totes les nostres operacions i decisions. Ens [&hellip;]<\/p>\n","protected":false},"author":1,"featured_media":0,"parent":0,"menu_order":0,"comment_status":"closed","ping_status":"closed","template":"page-full-width.php","meta":{"footnotes":""},"class_list":["post-19586","page","type-page","status-publish","hentry"],"_links":{"self":[{"href":"https:\/\/ccelra.eu\/index.php\/wp-json\/wp\/v2\/pages\/19586","targetHints":{"allow":["GET"]}}],"collection":[{"href":"https:\/\/ccelra.eu\/index.php\/wp-json\/wp\/v2\/pages"}],"about":[{"href":"https:\/\/ccelra.eu\/index.php\/wp-json\/wp\/v2\/types\/page"}],"author":[{"embeddable":true,"href":"https:\/\/ccelra.eu\/index.php\/wp-json\/wp\/v2\/users\/1"}],"replies":[{"embeddable":true,"href":"https:\/\/ccelra.eu\/index.php\/wp-json\/wp\/v2\/comments?post=19586"}],"version-history":[{"count":7,"href":"https:\/\/ccelra.eu\/index.php\/wp-json\/wp\/v2\/pages\/19586\/revisions"}],"predecessor-version":[{"id":19595,"href":"https:\/\/ccelra.eu\/index.php\/wp-json\/wp\/v2\/pages\/19586\/revisions\/19595"}],"wp:attachment":[{"href":"https:\/\/ccelra.eu\/index.php\/wp-json\/wp\/v2\/media?parent=19586"}],"curies":[{"name":"wp","href":"https:\/\/api.w.org\/{rel}","templated":true}]}}