{"id":18995,"date":"2025-02-20T11:55:40","date_gmt":"2025-02-20T11:55:40","guid":{"rendered":"https:\/\/angry-euler.82-223-12-193.plesk.page\/?page_id=18995"},"modified":"2025-12-22T15:25:43","modified_gmt":"2025-12-22T15:25:43","slug":"contacte","status":"publish","type":"page","link":"https:\/\/ccelra.eu\/index.php\/ca\/contacte\/","title":{"rendered":"Contacte"},"content":{"rendered":"\t\t<div data-elementor-type=\"wp-page\" data-elementor-id=\"18995\" class=\"elementor elementor-18995\">\n\t\t\t\t\t\t<section class=\"elementor-section elementor-top-section elementor-element elementor-element-da2e96d elementor-section-full_width elementor-section-height-default elementor-section-height-default\" data-id=\"da2e96d\" data-element_type=\"section\" data-e-type=\"section\">\n\t\t\t\t\t\t<div class=\"elementor-container elementor-column-gap-no\">\n\t\t\t\t\t<div class=\"elementor-column elementor-col-50 elementor-top-column elementor-element elementor-element-74663ba\" data-id=\"74663ba\" data-element_type=\"column\" data-e-type=\"column\">\n\t\t\t<div class=\"elementor-widget-wrap elementor-element-populated\">\n\t\t\t\t\t\t<section class=\"elementor-section elementor-inner-section elementor-element elementor-element-962bb47 elementor-section-full_width elementor-section-height-default elementor-section-height-default\" data-id=\"962bb47\" data-element_type=\"section\" data-e-type=\"section\">\n\t\t\t\t\t\t<div class=\"elementor-container elementor-column-gap-wide\">\n\t\t\t\t\t<div class=\"elementor-column elementor-col-100 elementor-inner-column elementor-element elementor-element-4a87df5\" data-id=\"4a87df5\" data-element_type=\"column\" data-e-type=\"column\">\n\t\t\t<div class=\"elementor-widget-wrap elementor-element-populated\">\n\t\t\t\t\t\t<div class=\"elementor-element elementor-element-f9c9084 elementor-widget__width-initial elementor-widget elementor-widget-leroux_core_section_title\" data-id=\"f9c9084\" data-element_type=\"widget\" data-e-type=\"widget\" data-widget_type=\"leroux_core_section_title.default\">\n\t\t\t\t<div class=\"elementor-widget-container\">\n\t\t\t\t\t<div class=\"qodef-shortcode qodef-m  qodef-section-title qodef-alignment--left \">\n\t\t<h2 class=\"qodef-m-title\" >\n\t\t\t\t\tContacteu amb nosaltres\t\t\t<\/h2>\n\t<\/div>\n\t\t\t\t<\/div>\n\t\t\t\t<\/div>\n\t\t\t\t\t<\/div>\n\t\t<\/div>\n\t\t\t\t\t<\/div>\n\t\t<\/section>\n\t\t\t\t<section class=\"elementor-section elementor-inner-section elementor-element elementor-element-6bdee3b elementor-section-full_width elementor-section-height-default elementor-section-height-default\" data-id=\"6bdee3b\" data-element_type=\"section\" data-e-type=\"section\">\n\t\t\t\t\t\t<div class=\"elementor-container elementor-column-gap-no\">\n\t\t\t\t\t<div class=\"elementor-column elementor-col-100 elementor-inner-column elementor-element elementor-element-8bda243\" data-id=\"8bda243\" data-element_type=\"column\" data-e-type=\"column\">\n\t\t\t<div class=\"elementor-widget-wrap elementor-element-populated\">\n\t\t\t\t\t\t<div class=\"elementor-element elementor-element-c5e9f04 elementor-widget elementor-widget-text-editor\" data-id=\"c5e9f04\" data-element_type=\"widget\" data-e-type=\"widget\" data-widget_type=\"text-editor.default\">\n\t\t\t\t<div class=\"elementor-widget-container\">\n\t\t\t\t\t\t\t\t\t<p>\u00a0<\/p><p>\u00a0<\/p>\t\t\t\t\t\t\t\t<\/div>\n\t\t\t\t<\/div>\n\t\t\t\t<div class=\"elementor-element elementor-element-62e8185 elementor-widget__width-initial elementor-widget elementor-widget-leroux_core_section_title\" data-id=\"62e8185\" data-element_type=\"widget\" data-e-type=\"widget\" data-widget_type=\"leroux_core_section_title.default\">\n\t\t\t\t<div class=\"elementor-widget-container\">\n\t\t\t\t\t<div class=\"qodef-shortcode qodef-m  qodef-section-title qodef-alignment--left \">\n\t\t\t<p class=\"qodef-m-text\" >Volem oferir-te la millor experi\u00e8ncia possible, i per aix\u00f2 valorem molt els teus comentaris i preguntes. Si tens qualsevol dubte o suggeriment, posa\u2019t en contacte amb el nostre equip d\u2019atenci\u00f3 al client. Estem aqu\u00ed per ajudar-te!\n\n<\/p>\n<\/div>\n\t\t\t\t<\/div>\n\t\t\t\t<\/div>\n\t\t\t\t<div class=\"elementor-element elementor-element-de63dd4 elementor-widget__width-initial elementor-widget elementor-widget-leroux_core_section_title\" data-id=\"de63dd4\" data-element_type=\"widget\" data-e-type=\"widget\" data-widget_type=\"leroux_core_section_title.default\">\n\t\t\t\t<div class=\"elementor-widget-container\">\n\t\t\t\t\t<div class=\"qodef-shortcode qodef-m  qodef-section-title qodef-alignment--left \">\n\t\t\t<p class=\"qodef-m-text\" >\n\nAtenci\u00f3! Evita fraus i estafes\n\nPer garantir la seguretat de les nostres transaccions i protegir els nostres clients:\nAbans de realitzar qualsevol operaci\u00f3 o pagament, si us plau, contacta&#039;ns directament al nostre tel\u00e8fon oficial:<\/p>\n<\/div>\n\t\t\t\t<\/div>\n\t\t\t\t<\/div>\n\t\t\t\t<div class=\"elementor-element elementor-element-8b7dcaa elementor-widget__width-initial elementor-widget elementor-widget-leroux_core_section_title\" data-id=\"8b7dcaa\" data-element_type=\"widget\" data-e-type=\"widget\" data-widget_type=\"leroux_core_section_title.default\">\n\t\t\t\t<div class=\"elementor-widget-container\">\n\t\t\t\t\t<div class=\"qodef-shortcode qodef-m  qodef-section-title qodef-alignment--left \">\n\t\t\t<p class=\"qodef-m-text\" >\ud83d\udcde   [Tel: + 34 972 49 43 73]\n\n<\/p>\n<\/div>\n\t\t\t\t<\/div>\n\t\t\t\t<\/div>\n\t\t\t\t<div class=\"elementor-element elementor-element-e9a25b3 elementor-widget__width-initial elementor-widget elementor-widget-leroux_core_section_title\" data-id=\"e9a25b3\" data-element_type=\"widget\" data-e-type=\"widget\" data-widget_type=\"leroux_core_section_title.default\">\n\t\t\t\t<div class=\"elementor-widget-container\">\n\t\t\t\t\t<div class=\"qodef-shortcode qodef-m  qodef-section-title qodef-alignment--left \">\n\t\t\t<p class=\"qodef-m-text\" >Aix\u00f2 ens permetr\u00e0 verificar tots els detalls i assegurar-nos que est\u00e0s interactuant amb la nostra empresa de manera segura.\nRecorda: Mai confi\u00efs en missatges, correus electr\u00f2nics o enlla\u00e7os sospitosos que no provinguin dels nostres canals oficials.<\/p>\n<\/div>\n\t\t\t\t<\/div>\n\t\t\t\t<\/div>\n\t\t\t\t<div class=\"elementor-element elementor-element-d69036e elementor-widget elementor-widget-leroux_core_section_title\" data-id=\"d69036e\" data-element_type=\"widget\" data-e-type=\"widget\" data-widget_type=\"leroux_core_section_title.default\">\n\t\t\t\t<div class=\"elementor-widget-container\">\n\t\t\t\t\t<div class=\"qodef-shortcode qodef-m  qodef-section-title qodef-alignment--left \">\n\t\t<h3 class=\"qodef-m-title\" >\n\t\t\t\t\tC\u00e0rniques Celr\u00e0 S.L.\t\t\t<\/h3>\n\t<\/div>\n\t\t\t\t<\/div>\n\t\t\t\t<\/div>\n\t\t\t\t<div class=\"elementor-element elementor-element-d2b238c elementor-widget elementor-widget-text-editor\" data-id=\"d2b238c\" data-element_type=\"widget\" data-e-type=\"widget\" data-widget_type=\"text-editor.default\">\n\t\t\t\t<div class=\"elementor-widget-container\">\n\t\t\t\t\t\t\t\t\t<p>Pol\u00edgono Industrial Celr\u00e0, Carrer del Ter, s\/n, 17460 Celr\u00e0, (Girona).<\/p>\t\t\t\t\t\t\t\t<\/div>\n\t\t\t\t<\/div>\n\t\t\t\t<div class=\"elementor-element elementor-element-650f08c elementor-widget elementor-widget-text-editor\" data-id=\"650f08c\" data-element_type=\"widget\" data-e-type=\"widget\" data-widget_type=\"text-editor.default\">\n\t\t\t\t<div class=\"elementor-widget-container\">\n\t\t\t\t\t\t\t\t\t<div class=\"elementor-element elementor-element-422416c elementor-widget elementor-widget-text-editor\" data-id=\"422416c\" data-element_type=\"widget\" data-widget_type=\"text-editor.default\"><div class=\"elementor-widget-container\"><p>ccelra@ccelra.com<\/p><\/div><\/div>\t\t\t\t\t\t\t\t<\/div>\n\t\t\t\t<\/div>\n\t\t\t\t<div class=\"elementor-element elementor-element-837ef06 elementor-widget elementor-widget-text-editor\" data-id=\"837ef06\" data-element_type=\"widget\" data-e-type=\"widget\" data-widget_type=\"text-editor.default\">\n\t\t\t\t<div class=\"elementor-widget-container\">\n\t\t\t\t\t\t\t\t\t<h5><strong>www.ccelra.com<\/strong><\/h5><p><img fetchpriority=\"high\" decoding=\"async\" class=\"alignnone wp-image-16411\" src=\"https:\/\/angry-euler.82-223-12-193.plesk.page\/wp-content\/uploads\/2024\/05\/shutterstock_1657031260________-300x201.png\" alt=\"\" width=\"440\" height=\"295\" srcset=\"https:\/\/ccelra.eu\/wp-content\/uploads\/2024\/05\/shutterstock_1657031260________-300x201.png 300w, https:\/\/ccelra.eu\/wp-content\/uploads\/2024\/05\/shutterstock_1657031260________-768x515.png 768w, https:\/\/ccelra.eu\/wp-content\/uploads\/2024\/05\/shutterstock_1657031260________-1024x686.png 1024w, https:\/\/ccelra.eu\/wp-content\/uploads\/2024\/05\/shutterstock_1657031260________-1536x1029.png 1536w, https:\/\/ccelra.eu\/wp-content\/uploads\/2024\/05\/shutterstock_1657031260________-2048x1372.png 2048w, https:\/\/ccelra.eu\/wp-content\/uploads\/2024\/05\/shutterstock_1657031260________-600x402.png 600w\" sizes=\"(max-width: 440px) 100vw, 440px\" \/><\/p>\t\t\t\t\t\t\t\t<\/div>\n\t\t\t\t<\/div>\n\t\t\t\t\t<\/div>\n\t\t<\/div>\n\t\t\t\t\t<\/div>\n\t\t<\/section>\n\t\t\t\t\t<\/div>\n\t\t<\/div>\n\t\t\t\t<div class=\"elementor-column elementor-col-50 elementor-top-column elementor-element elementor-element-f59d662\" data-id=\"f59d662\" data-element_type=\"column\" data-e-type=\"column\">\n\t\t\t<div class=\"elementor-widget-wrap elementor-element-populated\">\n\t\t\t\t\t\t<div class=\"elementor-element elementor-element-d2dfb74 elementor-widget elementor-widget-leroux_core_section_title\" data-id=\"d2dfb74\" data-element_type=\"widget\" data-e-type=\"widget\" data-widget_type=\"leroux_core_section_title.default\">\n\t\t\t\t<div class=\"elementor-widget-container\">\n\t\t\t\t\t<div class=\"qodef-shortcode qodef-m  qodef-section-title qodef-alignment--left \">\n\t\t<h4 class=\"qodef-m-title\" >\n\t\t\t\t\tDeixa un comentari\t\t\t<\/h4>\n\t<\/div>\n\t\t\t\t<\/div>\n\t\t\t\t<\/div>\n\t\t\t\t<div class=\"elementor-element elementor-element-8f55fd5 elementor-widget elementor-widget-wp-widget-leroux_core_contact_form_7\" data-id=\"8f55fd5\" data-element_type=\"widget\" data-e-type=\"widget\" data-widget_type=\"wp-widget-leroux_core_contact_form_7.default\">\n\t\t\t\t<div class=\"elementor-widget-container\">\n\t\t\t\t\t\t\t\t<div class=\"qodef-contact-form-7\">\n\t\t\t\t\n<div class=\"wpcf7 no-js\" id=\"wpcf7-f19008-o1\" lang=\"en-US\" dir=\"ltr\" data-wpcf7-id=\"19008\">\n<div class=\"screen-reader-response\"><p role=\"status\" aria-live=\"polite\" aria-atomic=\"true\"><\/p> <ul><\/ul><\/div>\n<form action=\"\/index.php\/wp-json\/wp\/v2\/pages\/18995#wpcf7-f19008-o1\" method=\"post\" class=\"wpcf7-form init demo\" aria-label=\"Contact form\" novalidate=\"novalidate\" data-status=\"init\">\n<fieldset class=\"hidden-fields-container\"><input type=\"hidden\" name=\"_wpcf7\" value=\"19008\" \/><input type=\"hidden\" name=\"_wpcf7_version\" value=\"6.1.4\" \/><input type=\"hidden\" name=\"_wpcf7_locale\" value=\"en_US\" \/><input type=\"hidden\" name=\"_wpcf7_unit_tag\" value=\"wpcf7-f19008-o1\" \/><input type=\"hidden\" name=\"_wpcf7_container_post\" value=\"0\" \/><input type=\"hidden\" name=\"_wpcf7_posted_data_hash\" value=\"\" \/>\n<\/fieldset>\n<div class=\"qodef-main-form qodef-layout--columns\">\n\n<div class=\"qodef-cf7-columns\">\n\n<div class=\"qodef-input-holder\">\n\n<span class=\"wpcf7-form-control-wrap\" data-name=\"your-name\"><input size=\"40\" maxlength=\"400\" class=\"wpcf7-form-control wpcf7-text wpcf7-validates-as-required\" aria-required=\"true\" aria-invalid=\"false\" placeholder=\"Nom\" value=\"\" type=\"text\" name=\"your-name\" \/><\/span>\n\n<\/div>\n\n<div class=\"qodef-input-holder\">\n\n<span class=\"wpcf7-form-control-wrap\" data-name=\"your-email\"><input size=\"40\" maxlength=\"400\" class=\"wpcf7-form-control wpcf7-email wpcf7-validates-as-required wpcf7-text wpcf7-validates-as-email\" aria-required=\"true\" aria-invalid=\"false\" placeholder=\"Adre\u00e7a de correu electr\u00f2nic\" value=\"\" type=\"email\" name=\"your-email\" \/><\/span>\n\n<\/div>\n\n<\/div>\n\n<div class=\"qodef-input-holder\">\n\n<span class=\"wpcf7-form-control-wrap\" data-name=\"your-message\"><textarea cols=\"40\" rows=\"5\" maxlength=\"2000\" class=\"wpcf7-form-control wpcf7-textarea\" aria-invalid=\"false\" placeholder=\"Missatge\" name=\"your-message\"><\/textarea><\/span>\n\n<span class=\"wpcf7-form-control-wrap\" data-name=\"checkbox-719\"><span class=\"wpcf7-form-control wpcf7-checkbox wpcf7-validates-as-required\"><span class=\"wpcf7-list-item first last\"><label><input type=\"checkbox\" name=\"checkbox-719[]\" value=\"He llegit l&#039;av\u00eds legal i accepto la pol\u00edtica de privadesa i de protecci\u00f3 de dades.\" \/><span class=\"wpcf7-list-item-label\">He llegit l&#039;av\u00eds legal i accepto la pol\u00edtica de privadesa i de protecci\u00f3 de dades.<\/span><\/label><\/span><\/span><\/span>\n\n<\/div>\n\n<button class=\"wpcf7-form-control wpcf7-submit qodef-button qodef-size--normal qodef-layout--filled qodef-m\" type=\"submit\"><span class=\"qodef-m-text\">Enviar<\/span><span class=\"qodef-m-arrow\"><svg class=\"qodef-svg--button-arrow\" xmlns=\"http:\/\/www.w3.org\/2000\/svg\" width=\"10\" height=\"10\" viewBox=\"0 0 9.8 9.8\"><g><path d=\"m.4 9.4 9-9\"\/><path d=\"M.4.5h8.9\"\/><path d=\"M9.3 9.4V.5\"\/><\/g><g><path d=\"m.4 9.4 9-9\"\/><path d=\"M.4.5h8.9\"\/><path d=\"M9.3 9.4V.5\"\/><\/g><\/svg><\/span><\/button>\n\n<\/div><p style=\"display: none !important;\" class=\"akismet-fields-container\" data-prefix=\"_wpcf7_ak_\"><label>&#916;<textarea name=\"_wpcf7_ak_hp_textarea\" cols=\"45\" rows=\"8\" maxlength=\"100\"><\/textarea><\/label><input type=\"hidden\" id=\"ak_js_1\" name=\"_wpcf7_ak_js\" value=\"218\"\/><script>document.getElementById( \"ak_js_1\" ).setAttribute( \"value\", ( new Date() ).getTime() );<\/script><\/p><div class=\"wpcf7-response-output\" aria-hidden=\"true\"><\/div>\n<\/form>\n<\/div>\n\t\t\t<\/div>\n\t\t\t\t\t\t\t<\/div>\n\t\t\t\t<\/div>\n\t\t\t\t\t<\/div>\n\t\t<\/div>\n\t\t\t\t\t<\/div>\n\t\t<\/section>\n\t\t<div class=\"elementor-element elementor-element-0a8e8ed e-con-full e-flex e-con e-parent\" data-id=\"0a8e8ed\" data-element_type=\"container\" data-e-type=\"container\">\n\t\t<div class=\"elementor-element elementor-element-6e5800e e-con-full e-flex e-con e-child\" data-id=\"6e5800e\" data-element_type=\"container\" data-e-type=\"container\">\n\t\t\t\t<div class=\"elementor-element elementor-element-6b416c2 elementor-widget__width-inherit elementor-widget elementor-widget-image\" data-id=\"6b416c2\" data-element_type=\"widget\" data-e-type=\"widget\" data-widget_type=\"image.default\">\n\t\t\t\t<div class=\"elementor-widget-container\">\n\t\t\t\t\t\t\t\t\t\t\t\t\t\t\t<img decoding=\"async\" width=\"1421\" height=\"611\" src=\"https:\/\/ccelra.eu\/wp-content\/uploads\/2024\/02\/mapa_google_2.jpg\" class=\"attachment-full size-full wp-image-13769\" alt=\"\" srcset=\"https:\/\/ccelra.eu\/wp-content\/uploads\/2024\/02\/mapa_google_2.jpg 1421w, https:\/\/ccelra.eu\/wp-content\/uploads\/2024\/02\/mapa_google_2-300x129.jpg 300w, https:\/\/ccelra.eu\/wp-content\/uploads\/2024\/02\/mapa_google_2-768x330.jpg 768w, https:\/\/ccelra.eu\/wp-content\/uploads\/2024\/02\/mapa_google_2-1024x440.jpg 1024w, https:\/\/ccelra.eu\/wp-content\/uploads\/2024\/02\/mapa_google_2-600x258.jpg 600w\" sizes=\"(max-width: 1421px) 100vw, 1421px\" \/>\t\t\t\t\t\t\t\t\t\t\t\t\t\t\t<\/div>\n\t\t\t\t<\/div>\n\t\t\t\t<\/div>\n\t\t\t\t<\/div>\n\t\t\t\t<\/div>\n\t\t","protected":false},"excerpt":{"rendered":"<p>Contacteu amb nosaltres \u00a0 \u00a0 Volem oferir-te la millor experi\u00e8ncia possible, i per aix\u00f2 valorem molt els teus comentaris i preguntes. Si tens qualsevol dubte o suggeriment, posa\u2019t en contacte amb el nostre equip d\u2019atenci\u00f3 al client. Estem aqu\u00ed per ajudar-te! Atenci\u00f3! Evita fraus i estafes Per garantir la seguretat de les nostres transaccions i [&hellip;]<\/p>\n","protected":false},"author":1,"featured_media":0,"parent":0,"menu_order":0,"comment_status":"closed","ping_status":"closed","template":"page-full-width.php","meta":{"footnotes":""},"class_list":["post-18995","page","type-page","status-publish","hentry"],"_links":{"self":[{"href":"https:\/\/ccelra.eu\/index.php\/wp-json\/wp\/v2\/pages\/18995","targetHints":{"allow":["GET"]}}],"collection":[{"href":"https:\/\/ccelra.eu\/index.php\/wp-json\/wp\/v2\/pages"}],"about":[{"href":"https:\/\/ccelra.eu\/index.php\/wp-json\/wp\/v2\/types\/page"}],"author":[{"embeddable":true,"href":"https:\/\/ccelra.eu\/index.php\/wp-json\/wp\/v2\/users\/1"}],"replies":[{"embeddable":true,"href":"https:\/\/ccelra.eu\/index.php\/wp-json\/wp\/v2\/comments?post=18995"}],"version-history":[{"count":41,"href":"https:\/\/ccelra.eu\/index.php\/wp-json\/wp\/v2\/pages\/18995\/revisions"}],"predecessor-version":[{"id":21137,"href":"https:\/\/ccelra.eu\/index.php\/wp-json\/wp\/v2\/pages\/18995\/revisions\/21137"}],"wp:attachment":[{"href":"https:\/\/ccelra.eu\/index.php\/wp-json\/wp\/v2\/media?parent=18995"}],"curies":[{"name":"wp","href":"https:\/\/api.w.org\/{rel}","templated":true}]}}