{"id":18986,"date":"2025-02-20T11:39:21","date_gmt":"2025-02-20T11:39:21","guid":{"rendered":"https:\/\/angry-euler.82-223-12-193.plesk.page\/?page_id=18986"},"modified":"2025-02-20T11:49:03","modified_gmt":"2025-02-20T11:49:03","slug":"politica-de-cookies-ue-2","status":"publish","type":"page","link":"https:\/\/ccelra.eu\/index.php\/ca\/politica-de-cookies-ue-2\/","title":{"rendered":"Pol\u00edtica de cookies (UE)"},"content":{"rendered":"\t\t<div data-elementor-type=\"wp-page\" data-elementor-id=\"18986\" class=\"elementor elementor-18986\">\n\t\t\t\t<div class=\"elementor-element elementor-element-8614d56 e-flex e-con-boxed e-con e-parent\" data-id=\"8614d56\" data-element_type=\"container\" data-e-type=\"container\">\n\t\t\t\t\t<div class=\"e-con-inner\">\n\t\t<div class=\"elementor-element elementor-element-6d07dfd e-con-full e-flex e-con e-child\" data-id=\"6d07dfd\" data-element_type=\"container\" data-e-type=\"container\">\n\t\t\t\t<div class=\"elementor-element elementor-element-70244a3 elementor-widget elementor-widget-text-editor\" data-id=\"70244a3\" data-element_type=\"widget\" data-e-type=\"widget\" data-widget_type=\"text-editor.default\">\n\t\t\t\t<div class=\"elementor-widget-container\">\n\t\t\t\t\t\t\t\t\t<h5><strong>A Aquesta pol\u00edtica de cookies es va actualitzar per darrera vegada el 12 juny, 2023 i s&#8217;aplica als ciutadans i residents legals permanents de l&#8217;\u00e0rea econ\u00f2mica europea.<\/strong><\/h5><p><!-- \/wp:paragraph --><!-- wp:buttons --><\/p><div><p><!-- wp:button --><\/p><div>\u00a0<\/div><div><h4>1. Introducci\u00f3<\/h4><p>La nostra web,\u00a0https:\/\/ccelra.eu\u00a0(d&#8217;ara endavant: \u00abla web\u00bb) utilitza cookies i altres tecnologies relacionades (per a m\u00e9s comoditat, totes les tecnologies s&#8217;anomenen \u00abcookies\u00bb). Les cookies tamb\u00e9 s\u00f3n col\u00b7locades per tercers als que hem contractat. Al seg\u00fcent document t&#8217;informem sobre l&#8217;\u00fas de cookies a la nostra web.<\/p><h4>2. Qu\u00e8 s\u00f3n les cookies?<\/h4><p>Una cookie \u00e9s un petit fitxer que s&#8217;envia juntament amb les p\u00e0gines d&#8217;aquesta web i que el vostre navegador emmagatzema al disc dur del vostre ordinador o un altre dispositiu. La informaci\u00f3 emmagatzemada pot ser tornada als nostres servidors o als servidors de tercers apropiats durant una visita posterior.<\/p><h4>3. Qu\u00e8 s\u00f3n els scripts?<\/h4><p>Un script \u00e9s un fragment de codi de programa que s&#8217;utilitza per fer que la nostra web funcioni correctament i de manera interactiva. Aquest codi s&#8217;executa al nostre servidor o al dispositiu.<\/p><h4>4. Qu\u00e8 \u00e9s un web beacon?<\/h4><p>Una balisa web (o una etiqueta de p\u00edxel) \u00e9s una petita i invisible pe\u00e7a de text o imatge en una web que sutilitza per monitoritzar el tr\u00e0nsit en una web. Per aix\u00f2, s&#8217;emmagatzemen diverses dades sobre vost\u00e8 mitjan\u00e7ant aquestes balises web.<\/p><h4>5. Cookies<\/h4><p class=\"cmplz-subtitle\"><strong>5.1 Cookies t\u00e8cniques o funcionals<\/strong><\/p><p>Algunes galetes asseguren que certes parts del web funcionin correctament i que les teves prefer\u00e8ncies d&#8217;usuari es continu\u00efn recordant. En col\u00b7locar cookies funcionals, et facilitem la visita a la nostra web. D&#8217;aquesta manera, no necessites introduir repetidament la mateixa informaci\u00f3 quan visites la nostra web i, per exemple, els articles romanen a la cistella de la compra fins que hagis pagat. Podem col\u00b7locar aquestes galetes sense el teu consentiment.<\/p><p class=\"cmplz-subtitle\"><strong>5.2 Cookies de M\u00e0rqueting\/Seguiment<\/strong><\/p><p>Les cookies de m\u00e0rqueting\/seguiment s\u00f3n galetes, o qualsevol altra forma d&#8217;emmagatzematge local, usades per crear perfils d&#8217;usuari per mostrar publicitat o per fer el seguiment de l&#8217;usuari en aquesta web o en diverses webs amb finalitats de m\u00e0rqueting similars.<\/p><p class=\"cmplz-subtitle\"><strong>5.3 Botons de mitjans socials<\/strong><\/p><p>A la nostra web hem inclosos botons per promocionar p\u00e0gines (p. ex. \u00abm&#8217;agrada\u00bb, \u00abpin\u00bb) o compartir-les (p. ex. \u00abtuitejar\u00bb) a xarxes socials com . Aquests botons funcionen usant codi d&#8217;ells mateixos. Aquest codi incrusta galetes. Aquests botons de xarxes socials poden emmagatzemar i processar certa informaci\u00f3, de manera que es pot mostrar un anunci personalitzat.<\/p><p>Si us plau llegiu la pol\u00edtica de privadesa d&#8217;aquestes xarxes socials (que pot canviar freq\u00fcentment) per saber qu\u00e8 fan amb les seves dades (personals) que processen usant aquestes cookies. Les dades que reben s\u00f3n anonimitzades el m\u00e0xim possible. estan ubicats als Estats Units.<\/p><h4>6. Cookies usades<\/h4><div id=\"cmplz-cookies-overview\"><details class=\"cmplz-dropdown cmplz-service-desc cmplz-dropdown-cookiepolicy \" open=\"open\"><div><h3>Diversos<\/h3><p>Prop\u00f2sit pendent de recerca<\/p><\/div><div class=\"cmplz-service-description\"><h4>\u00a0<\/h4><\/div><div class=\"cmplz-sharing-data\"><h4>\u00a0<\/h4><\/div><div class=\"cookies-per-purpose\"><div class=\"purpose\"><h4>\u00a0<\/h4><\/div><div class=\"name-header\"><h5>\u00a0<\/h5><\/div><div class=\"name\">\u00a0<\/div><div class=\"retention-header\"><h5>\u00a0<\/h5><\/div><div class=\"retention\">\u00a0<\/div><div class=\"function-header\"><h5>\u00a0<\/h5><\/div><div class=\"function\">\u00a0<\/div><div class=\"name-header\"><h5>\u00a0<\/h5><\/div><div class=\"name\">\u00a0<\/div><div class=\"retention-header\"><h5>\u00a0<\/h5><\/div><div class=\"retention\">\u00a0<\/div><div class=\"function-header\"><h5>\u00a0<\/h5><\/div><div class=\"function\">\u00a0<\/div><div class=\"name-header\"><h5>\u00a0<\/h5><\/div><div class=\"name\">\u00a0<\/div><div class=\"retention-header\"><h5>\u00a0<\/h5><\/div><div class=\"retention\">\u00a0<\/div><div class=\"function-header\"><h5>\u00a0<\/h5><\/div><div class=\"function\">\u00a0<\/div><div class=\"name-header\"><h5>\u00a0<\/h5><\/div><div class=\"name\">\u00a0<\/div><div class=\"retention-header\"><h5>\u00a0<\/h5><\/div><div class=\"retention\">\u00a0<\/div><div class=\"function-header\"><h5>\u00a0<\/h5><\/div><div class=\"function\">\u00a0<\/div><div class=\"name-header\"><h5>\u00a0<\/h5><\/div><div class=\"name\">\u00a0<\/div><div class=\"retention-header\"><h5>\u00a0<\/h5><\/div><div class=\"retention\">\u00a0<\/div><div class=\"function-header\"><h5>\u00a0<\/h5><\/div><div class=\"function\">\u00a0<\/div><div class=\"name-header\"><h5>\u00a0<\/h5><\/div><div class=\"name\">\u00a0<\/div><div class=\"retention-header\"><h5>\u00a0<\/h5><\/div><div class=\"retention\">\u00a0<\/div><div class=\"function-header\"><h5>\u00a0<\/h5><\/div><div class=\"function\">\u00a0<\/div><div class=\"name-header\"><h5>\u00a0<\/h5><\/div><div class=\"name\">\u00a0<\/div><div class=\"retention-header\"><h5>\u00a0<\/h5><\/div><div class=\"retention\">\u00a0<\/div><div class=\"function-header\"><h5>\u00a0<\/h5><\/div><div class=\"function\">\u00a0<\/div><div class=\"name-header\"><h5>\u00a0<\/h5><\/div><div class=\"name\">\u00a0<\/div><div class=\"retention-header\"><h5>\u00a0<\/h5><\/div><div class=\"retention\">\u00a0<\/div><div class=\"function-header\"><h5>\u00a0<\/h5><\/div><div class=\"function\">\u00a0<\/div><div class=\"name-header\"><h5>\u00a0<\/h5><\/div><div class=\"name\">\u00a0<\/div><div class=\"retention-header\"><h5>\u00a0<\/h5><\/div><div class=\"retention\">\u00a0<\/div><div class=\"function-header\"><h5>\u00a0<\/h5><\/div><div class=\"function\">\u00a0<\/div><div class=\"name-header\"><h5>\u00a0<\/h5><\/div><div class=\"name\">\u00a0<\/div><div class=\"retention-header\"><h5>\u00a0<\/h5><\/div><div class=\"retention\">\u00a0<\/div><div class=\"function-header\"><h5>\u00a0<\/h5><\/div><div class=\"function\">\u00a0<\/div><div class=\"name-header\"><h5>\u00a0<\/h5><\/div><div class=\"name\">\u00a0<\/div><div class=\"retention-header\"><h5>\u00a0<\/h5><\/div><div class=\"retention\">\u00a0<\/div><div class=\"function-header\"><h5>\u00a0<\/h5><\/div><div class=\"function\">\u00a0<\/div><div class=\"name-header\"><h5>\u00a0<\/h5><\/div><div class=\"name\">\u00a0<\/div><div class=\"retention-header\"><h5>\u00a0<\/h5><\/div><div class=\"retention\">\u00a0<\/div><div class=\"function-header\"><h5>\u00a0<\/h5><\/div><div class=\"function\">\u00a0<\/div><div class=\"name-header\"><h5>\u00a0<\/h5><\/div><div class=\"name\">\u00a0<\/div><div class=\"retention-header\"><h5>\u00a0<\/h5><\/div><div class=\"retention\">\u00a0<\/div><div class=\"function-header\"><h5>\u00a0<\/h5><\/div><div class=\"function\">\u00a0<\/div><div class=\"name-header\"><h5>\u00a0<\/h5><\/div><div class=\"name\">\u00a0<\/div><div class=\"retention-header\"><h5>\u00a0<\/h5><\/div><div class=\"retention\">\u00a0<\/div><div class=\"function-header\"><h5>\u00a0<\/h5><\/div><div class=\"function\">\u00a0<\/div><div class=\"name-header\"><h5>\u00a0<\/h5><\/div><div class=\"name\">\u00a0<\/div><div class=\"retention-header\"><h5>\u00a0<\/h5><\/div><div class=\"retention\">\u00a0<\/div><div class=\"function-header\"><h5>\u00a0<\/h5><\/div><div class=\"function\">\u00a0<\/div><div class=\"name-header\"><h5>\u00a0<\/h5><\/div><div class=\"name\">\u00a0<\/div><div class=\"retention-header\"><h5>\u00a0<\/h5><\/div><div class=\"retention\">\u00a0<\/div><div class=\"function-header\"><h5>\u00a0<\/h5><\/div><div class=\"function\">\u00a0<\/div><div class=\"name-header\"><h5>\u00a0<\/h5><\/div><div class=\"name\">\u00a0<\/div><div class=\"retention-header\"><h5>\u00a0<\/h5><\/div><div class=\"retention\">\u00a0<\/div><div class=\"function-header\"><h5>\u00a0<\/h5><\/div><div class=\"function\">\u00a0<\/div><div class=\"name-header\"><h5>\u00a0<\/h5><\/div><div class=\"name\">\u00a0<\/div><div class=\"retention-header\"><h5>\u00a0<\/h5><\/div><div class=\"retention\">\u00a0<\/div><div class=\"function-header\"><h5>\u00a0<\/h5><\/div><div class=\"function\">\u00a0<\/div><div class=\"name-header\"><h5>\u00a0<\/h5><\/div><div class=\"name\">\u00a0<\/div><div class=\"retention-header\"><h5>\u00a0<\/h5><\/div><div class=\"retention\">\u00a0<\/div><div class=\"function-header\"><h5>\u00a0<\/h5><\/div><div class=\"function\">\u00a0<\/div><div class=\"name-header\"><h5>\u00a0<\/h5><\/div><div class=\"name\">\u00a0<\/div><div class=\"retention-header\"><h5>\u00a0<\/h5><\/div><div class=\"retention\">\u00a0<\/div><div class=\"function-header\"><h5>\u00a0<\/h5><\/div><div class=\"function\">\u00a0<\/div><div class=\"name-header\"><h5>\u00a0<\/h5><\/div><div class=\"name\">\u00a0<\/div><div class=\"retention-header\"><h5>\u00a0<\/h5><\/div><div class=\"retention\">\u00a0<\/div><div class=\"function-header\"><h5>\u00a0<\/h5><\/div><div class=\"function\">\u00a0<\/div><div class=\"name-header\"><h5>\u00a0<\/h5><\/div><div class=\"name\">\u00a0<\/div><div class=\"retention-header\"><h5>\u00a0<\/h5><\/div><div class=\"retention\">\u00a0<\/div><div class=\"function-header\"><h5>\u00a0<\/h5><\/div><div class=\"function\">\u00a0<\/div><div class=\"name-header\"><h5>\u00a0<\/h5><\/div><div class=\"name\">\u00a0<\/div><div class=\"retention-header\"><h5>\u00a0<\/h5><\/div><div class=\"retention\">\u00a0<\/div><div class=\"function-header\"><h5>\u00a0<\/h5><\/div><div class=\"function\">\u00a0<\/div><div class=\"name-header\"><h5>\u00a0<\/h5><\/div><div class=\"name\">\u00a0<\/div><div class=\"retention-header\"><h5>\u00a0<\/h5><\/div><div class=\"retention\">\u00a0<\/div><div class=\"function-header\"><h5>\u00a0<\/h5><\/div><div class=\"function\">\u00a0<\/div><div class=\"name-header\"><h5>\u00a0<\/h5><\/div><div class=\"name\">\u00a0<\/div><div class=\"retention-header\"><h5>\u00a0<\/h5><\/div><div class=\"retention\">\u00a0<\/div><div class=\"function-header\"><h5>\u00a0<\/h5><\/div><div class=\"function\">\u00a0<\/div><div class=\"name-header\"><h5>\u00a0<\/h5><\/div><div class=\"name\">\u00a0<\/div><div class=\"retention-header\"><h5>\u00a0<\/h5><\/div><div class=\"retention\">\u00a0<\/div><div class=\"function-header\"><h5>\u00a0<\/h5><\/div><div class=\"function\">\u00a0<\/div><div class=\"name-header\"><h5>\u00a0<\/h5><\/div><div class=\"name\">\u00a0<\/div><div class=\"retention-header\"><h5>\u00a0<\/h5><\/div><div class=\"retention\">\u00a0<\/div><div class=\"function-header\"><h5>\u00a0<\/h5><\/div><div class=\"function\">\u00a0<\/div><div class=\"name-header\"><h5>\u00a0<\/h5><\/div><div class=\"name\">\u00a0<\/div><div class=\"retention-header\"><h5>\u00a0<\/h5><\/div><div class=\"retention\">\u00a0<\/div><div class=\"function-header\"><h5>\u00a0<\/h5><\/div><div class=\"function\">\u00a0<\/div><div class=\"name-header\"><h5>\u00a0<\/h5><\/div><div class=\"name\">\u00a0<\/div><div class=\"retention-header\"><h5>\u00a0<\/h5><\/div><div class=\"retention\">\u00a0<\/div><div class=\"function-header\"><h5>\u00a0<\/h5><\/div><div class=\"function\">\u00a0<\/div><div class=\"name-header\"><h5>\u00a0<\/h5><\/div><div class=\"name\">\u00a0<\/div><div class=\"retention-header\"><h5>\u00a0<\/h5><\/div><div class=\"retention\">\u00a0<\/div><div class=\"function-header\"><h5>\u00a0<\/h5><\/div><div class=\"function\">\u00a0<\/div><div class=\"name-header\"><h5>\u00a0<\/h5><\/div><div class=\"name\">\u00a0<\/div><div class=\"retention-header\"><h5>\u00a0<\/h5><\/div><div class=\"retention\">\u00a0<\/div><div class=\"function-header\"><h5>\u00a0<\/h5><\/div><div class=\"function\">\u00a0<\/div><div class=\"name-header\"><h5>\u00a0<\/h5><\/div><div class=\"name\">\u00a0<\/div><div class=\"retention-header\"><h5>\u00a0<\/h5><\/div><div class=\"retention\">\u00a0<\/div><div class=\"function-header\"><h5>\u00a0<\/h5><\/div><div class=\"function\">\u00a0<\/div><div class=\"name-header\"><h5>\u00a0<\/h5><\/div><div class=\"name\">\u00a0<\/div><div class=\"retention-header\"><h5>\u00a0<\/h5><\/div><div class=\"retention\">\u00a0<\/div><div class=\"function-header\"><h5>\u00a0<\/h5><\/div><div class=\"function\">\u00a0<\/div><div class=\"name-header\"><h5>\u00a0<\/h5><\/div><div class=\"name\">\u00a0<\/div><div class=\"retention-header\"><h5>\u00a0<\/h5><\/div><div class=\"retention\">\u00a0<\/div><div class=\"function-header\"><h5>\u00a0<\/h5><\/div><div class=\"function\">\u00a0<\/div><div class=\"name-header\"><h5>\u00a0<\/h5><\/div><div class=\"name\">\u00a0<\/div><div class=\"retention-header\"><h5>\u00a0<\/h5><\/div><div class=\"retention\">\u00a0<\/div><div class=\"function-header\"><h5>\u00a0<\/h5><\/div><div class=\"function\">\u00a0<\/div><div class=\"name-header\"><h5>\u00a0<\/h5><\/div><div class=\"name\">\u00a0<\/div><div class=\"retention-header\"><h5>\u00a0<\/h5><\/div><div class=\"retention\">\u00a0<\/div><div class=\"function-header\"><h5>\u00a0<\/h5><\/div><div class=\"function\">\u00a0<\/div><div class=\"name-header\"><h5>\u00a0<\/h5><\/div><div class=\"name\">\u00a0<\/div><div class=\"retention-header\"><h5>\u00a0<\/h5><\/div><div class=\"retention\">\u00a0<\/div><div class=\"function-header\"><h5>\u00a0<\/h5><\/div><div class=\"function\">\u00a0<\/div><div class=\"name-header\"><h5>\u00a0<\/h5><\/div><div class=\"name\">\u00a0<\/div><div class=\"retention-header\"><h5>\u00a0<\/h5><\/div><div class=\"retention\">\u00a0<\/div><div class=\"function-header\"><h5>\u00a0<\/h5><\/div><div class=\"function\">\u00a0<\/div><div class=\"name-header\"><h5>\u00a0<\/h5><\/div><div class=\"name\">\u00a0<\/div><div class=\"retention-header\"><h5>\u00a0<\/h5><\/div><div class=\"retention\">\u00a0<\/div><div class=\"function-header\"><h5>\u00a0<\/h5><\/div><div class=\"function\">\u00a0<\/div><div class=\"name-header\"><h5>\u00a0<\/h5><\/div><div class=\"name\">\u00a0<\/div><div class=\"retention-header\"><h5>\u00a0<\/h5><\/div><div class=\"retention\">\u00a0<\/div><div class=\"function-header\"><h5>\u00a0<\/h5><\/div><div class=\"function\">\u00a0<\/div><div class=\"name-header\"><h5>\u00a0<\/h5><\/div><div class=\"name\">\u00a0<\/div><div class=\"retention-header\"><h5>\u00a0<\/h5><\/div><div class=\"retention\">\u00a0<\/div><div class=\"function-header\"><h5>\u00a0<\/h5><\/div><div class=\"function\">\u00a0<\/div><div class=\"name-header\"><h5>\u00a0<\/h5><\/div><div class=\"name\">\u00a0<\/div><div class=\"retention-header\"><h5>\u00a0<\/h5><\/div><div class=\"retention\">\u00a0<\/div><div class=\"function-header\"><h5>\u00a0<\/h5><\/div><div class=\"function\">\u00a0<\/div><div class=\"name-header\"><h5>\u00a0<\/h5><\/div><div class=\"name\">\u00a0<\/div><div class=\"retention-header\"><h5>\u00a0<\/h5><\/div><div class=\"retention\">\u00a0<\/div><div class=\"function-header\"><h5>\u00a0<\/h5><\/div><div class=\"function\">\u00a0<\/div><div class=\"name-header\"><h5>\u00a0<\/h5><\/div><div class=\"name\">\u00a0<\/div><div class=\"retention-header\"><h5>\u00a0<\/h5><\/div><div class=\"retention\">\u00a0<\/div><div class=\"function-header\"><h5>\u00a0<\/h5><\/div><div class=\"function\">\u00a0<\/div><div class=\"name-header\"><h5>\u00a0<\/h5><\/div><div class=\"name\">\u00a0<\/div><div class=\"retention-header\"><h5>\u00a0<\/h5><\/div><div class=\"retention\">\u00a0<\/div><div class=\"function-header\"><h5>\u00a0<\/h5><\/div><div class=\"function\">\u00a0<\/div><div class=\"name-header\"><h5>\u00a0<\/h5><\/div><div class=\"name\">\u00a0<\/div><div class=\"retention-header\"><h5>\u00a0<\/h5><\/div><div class=\"retention\">\u00a0<\/div><div class=\"function-header\"><h5>\u00a0<\/h5><\/div><div class=\"function\">\u00a0<\/div><\/div><\/details><\/div><h4>7. Consentimiento<\/h4><p>Cuando visites nuestra web por primera vez, te mostraremos una ventana emergente con una explicaci\u00f3n sobre las cookies. Tan pronto como hagas clic en \u00abGuardar preferencias\u00bb, aceptas que usemos las categor\u00edas de cookies y plugins que has seleccionado en la ventana emergente, tal y como se describe en esta pol\u00edtica de cookies. Puedes desactivar el uso de cookies a trav\u00e9s de tu navegador, pero, por favor, ten en cuenta que nuestra web puede dejar de funcionar correctamente.<\/p><p class=\"cmplz-subtitle\"><strong>7.1 Gestiona tus ajustes de consentimiento<\/strong><\/p><div id=\"cmplz-manage-consent-container\" class=\"cmplz-manage-consent-container\"><div class=\"cmplz-categories\"><details class=\"cmplz-category cmplz-functional\" open=\"open\"><div class=\"cmplz-category-header\"><div class=\"cmplz-category-title\">Funcional<\/div><div class=\"cmplz-always-active\"><div class=\"cmplz-banner-checkbox\">\u00a0<\/div><p>Siempre activo<\/p><\/div><div class=\"cmplz-icon cmplz-open\">\u00a0<\/div><\/div><div class=\"cmplz-description\">\u00a0<\/div><\/details><details class=\"cmplz-category cmplz-marketing\" open=\"open\"><div class=\"cmplz-category-header\"><div class=\"cmplz-category-title\">Marketing<\/div><div class=\"cmplz-banner-checkbox\"><input id=\"cmplz-marketing-optin\" class=\"cmplz-consent-checkbox cmplz-marketing\" size=\"40\" type=\"checkbox\" value=\"1\" data-category=\"cmplz_marketing\" \/><label class=\"cmplz-label\" tabindex=\"0\" for=\"cmplz-marketing-optin\"><\/label><\/div><div class=\"cmplz-icon cmplz-open\">\u00a0<\/div><\/div><div class=\"cmplz-description\">\u00a0<\/div><\/details><\/div><\/div><h4>8. Tus derechos con respecto a los datos personales<\/h4><p>Tienes los siguientes derechos con respecto a tus datos personales:<\/p><ul><li>Tiene derecho a saber por qu\u00e9 se necesitan tus datos personales, qu\u00e9 suceder\u00e1 con ellos y durante cu\u00e1nto tiempo se conservar\u00e1n.<\/li><li>Derecho de acceso: tienes derecho a acceder a tus datos personales que conocemos.<\/li><li>Derecho de rectificaci\u00f3n: tienes derecho a completar, rectificar, borrar o bloquear tus datos personales cuando lo desees.<\/li><li>Si nos das tu consentimiento para procesar tus datos, tienes derecho a revocar dicho consentimiento y a que se eliminen tus datos personales.<\/li><li>Derecho de cesi\u00f3n de tus datos: tienes derecho a solicitar todos tus datos personales al responsable del tratamiento y a transferirlos \u00edntegramente a otro responsable del tratamiento.<\/li><li>Derecho de oposici\u00f3n: puedes oponerte al tratamiento de tus datos. Nosotros cumplimos con esto, a menos que existan motivos justificados para el procesamiento.<\/li><\/ul><p>Para ejercer estos derechos, por favor, contacta con nosotros. Por favor, consulta los detalles de contacto en la parte inferior de esta pol\u00edtica de cookies. Si tienes alguna queja sobre c\u00f3mo gestionamos tus datos, nos gustar\u00eda que nos la hicieras saber, pero tambi\u00e9n tienes derecho a enviar una queja a la autoridad supervisora (la autoridad de protecci\u00f3n de datos).<\/p><h4>9. Activaci\u00f3n\/desactivaci\u00f3n y eliminaci\u00f3n de cookies<\/h4><p>Puedes utilizar tu navegador de Internet para eliminar las cookies de forma autom\u00e1tica o manual. Tambi\u00e9n puedes especificar que ciertas cookies no pueden ser colocadas. Otra opci\u00f3n es cambiar los ajustes de tu navegador de Internet para que recibas un mensaje cada vez que se coloca una cookie. Para obtener m\u00e1s informaci\u00f3n sobre estas opciones, consulta las instrucciones de la secci\u00f3n \u00abAyuda\u00bb de tu navegador.<\/p><p>Ten en cuenta que nuestra web puede no funcionar correctamente si todas las cookies est\u00e1n desactivadas. Si borras las cookies de tu navegador, se volver\u00e1n a colocar despu\u00e9s de tu consentimiento cuando vuelvas a visitar nuestras webs.<\/p><h4>10. Datos de contacto<\/h4><p>Para preguntas y\/o comentarios sobre nuestra pol\u00edtica de cookies y esta declaraci\u00f3n, por favor, contacta con nosotros usando los siguientes datos de contacto:<\/p><p>C\u00e0rniques Celr\u00e0, s.l.<br \/>Pol. Ind. Celr\u00e0 \u2013 C. Ter s\/n &#8211; 17460 CELR\u00c0 (Girona, Spain)<br \/>Espa\u00f1a<br \/>Web:\u00a0<a href=\"https:\/\/ccelra.eu\/\">https:\/\/ccelra.eu<\/a><br \/>Correo electr\u00f3nico:\u00a0<a href=\"mailto:ccelra@ccelra.com\">ccelra@ccelra.com<\/a><br \/>N\u00famero de tel\u00e9fono: + 34 972 49 43 73<\/p><p>Esta pol\u00edtica de cookies ha sido sincronizada con\u00a0<a href=\"https:\/\/cookiedatabase.org\/\" target=\"_blank\" rel=\"noopener\">cookiedatabase.org<\/a>\u00a0el (no est\u00e1 sincronizado a\u00fan)<\/p><\/div><\/div><p><!-- \/wp:paragraph --><\/p>\t\t\t\t\t\t\t\t<\/div>\n\t\t\t\t<\/div>\n\t\t\t\t<\/div>\n\t\t\t\t\t<\/div>\n\t\t\t\t<\/div>\n\t\t\t\t<\/div>\n\t\t","protected":false},"excerpt":{"rendered":"<p>A Aquesta pol\u00edtica de cookies es va actualitzar per darrera vegada el 12 juny, 2023 i s&#8217;aplica als ciutadans i residents legals permanents de l&#8217;\u00e0rea econ\u00f2mica europea. \u00a0 1. Introducci\u00f3 La nostra web,\u00a0https:\/\/ccelra.eu\u00a0(d&#8217;ara endavant: \u00abla web\u00bb) utilitza cookies i altres tecnologies relacionades (per a m\u00e9s comoditat, totes les tecnologies s&#8217;anomenen \u00abcookies\u00bb). Les cookies tamb\u00e9 s\u00f3n [&hellip;]<\/p>\n","protected":false},"author":1,"featured_media":0,"parent":0,"menu_order":0,"comment_status":"closed","ping_status":"closed","template":"","meta":{"footnotes":""},"class_list":["post-18986","page","type-page","status-publish","hentry"],"_links":{"self":[{"href":"https:\/\/ccelra.eu\/index.php\/wp-json\/wp\/v2\/pages\/18986","targetHints":{"allow":["GET"]}}],"collection":[{"href":"https:\/\/ccelra.eu\/index.php\/wp-json\/wp\/v2\/pages"}],"about":[{"href":"https:\/\/ccelra.eu\/index.php\/wp-json\/wp\/v2\/types\/page"}],"author":[{"embeddable":true,"href":"https:\/\/ccelra.eu\/index.php\/wp-json\/wp\/v2\/users\/1"}],"replies":[{"embeddable":true,"href":"https:\/\/ccelra.eu\/index.php\/wp-json\/wp\/v2\/comments?post=18986"}],"version-history":[{"count":7,"href":"https:\/\/ccelra.eu\/index.php\/wp-json\/wp\/v2\/pages\/18986\/revisions"}],"predecessor-version":[{"id":18993,"href":"https:\/\/ccelra.eu\/index.php\/wp-json\/wp\/v2\/pages\/18986\/revisions\/18993"}],"wp:attachment":[{"href":"https:\/\/ccelra.eu\/index.php\/wp-json\/wp\/v2\/media?parent=18986"}],"curies":[{"name":"wp","href":"https:\/\/api.w.org\/{rel}","templated":true}]}}