{"id":18979,"date":"2025-02-20T09:34:37","date_gmt":"2025-02-20T09:34:37","guid":{"rendered":"https:\/\/angry-euler.82-223-12-193.plesk.page\/?page_id=18979"},"modified":"2025-02-20T09:50:53","modified_gmt":"2025-02-20T09:50:53","slug":"avis-legal","status":"publish","type":"page","link":"https:\/\/ccelra.eu\/index.php\/ca\/avis-legal\/","title":{"rendered":"Av\u00eds legal"},"content":{"rendered":"\t\t<div data-elementor-type=\"wp-page\" data-elementor-id=\"18979\" class=\"elementor elementor-18979\">\n\t\t\t\t<div class=\"elementor-element elementor-element-c568ca0 e-flex e-con-boxed e-con e-parent\" data-id=\"c568ca0\" data-element_type=\"container\" data-e-type=\"container\">\n\t\t\t\t\t<div class=\"e-con-inner\">\n\t\t<div class=\"elementor-element elementor-element-6315680 e-con-full e-flex e-con e-child\" data-id=\"6315680\" data-element_type=\"container\" data-e-type=\"container\">\n\t\t<div class=\"elementor-element elementor-element-7ba22f7 e-flex e-con-boxed e-con e-child\" data-id=\"7ba22f7\" data-element_type=\"container\" data-e-type=\"container\">\n\t\t\t\t\t<div class=\"e-con-inner\">\n\t\t\t\t<div class=\"elementor-element elementor-element-5143f69 elementor-widget elementor-widget-text-editor\" data-id=\"5143f69\" data-element_type=\"widget\" data-e-type=\"widget\" data-widget_type=\"text-editor.default\">\n\t\t\t\t<div class=\"elementor-widget-container\">\n\t\t\t\t\t\t\t\t\t<h5><strong>Benvingut a la p\u00e0gina web de C\u00c0RNIQUES CELR\u00c0 S.L.<\/strong><\/h5><h5><strong>A continuaci\u00f3 us exposem les condicions d&#8217;\u00fas d&#8217;aquesta p\u00e0gina web. La navegaci\u00f3 per aquesta p\u00e0gina WEB us atorga el rol d&#8217;usuari de la mateixa i, per tant, accepta les cl\u00e0usules detallades en aquest document.<\/strong><\/h5><div><h4>1. Identificaci\u00f3<\/h4><p>De conformitat amb all\u00f2 que disposa l&#8217;article 10 de la Llei 34\/2002, d&#8217;11 de juliol, de Serveis de Societat de la Informaci\u00f3 i Comer\u00e7 Electr\u00f2nic, s&#8217;informa que C\u00c0RNIQUES CELR\u00c0 S.L. \u00e9s un domini de l&#8217;empresa C\u00c0RNIQUES CELR\u00c0 S.L.. amb domicili social a Pol. Ind. Celr\u00e0 \u2013 C. Ter s\/n \u2013 17460 CELR\u00c0 (Girona, ESPANYA)\u00a0 i amb tel\u00e8fon + 34 972 49 43 73. La societat es denomina C\u00c0RNIQUES CELR\u00c0 amb CIF: B17918673 que figura inscrita al Registre Mercantil de Girona al volum 2502 foli186, full GI-42083.<\/p><h4>2. Normes d&#8217;utilitzaci\u00f3<\/h4><p>L&#8217;Usuari es compromet a fer un \u00fas adequat i l\u00edcit del Lloc Web aix\u00ed com dels continguts i serveis, de conformitat amb la legislaci\u00f3 aplicable a cada moment, la moral i bons costums generalment acceptats i l&#8217;ordre p\u00fablic. Queda prohibit realitzar, per part seva, qualsevol acci\u00f3 que pugui provocar alteracions dels continguts d&#8217;aquesta WEB o un mal funcionament d&#8217;aquesta, incloent-hi la introducci\u00f3 de virus o similars.<\/p><h4>3. Propietat intel\u00b7lectual<\/h4><p>Les p\u00e0gines de la WEB i la informaci\u00f3 o els elements que cont\u00e9, inclouen textos, documents, fotografies, dibuixos, representacions gr\u00e0fiques, bases de dades, v\u00eddeos i tamb\u00e9 logotips, marques, noms comercials o altres signes distintius, estan protegits per drets de propietat intel\u00b7lectual o industrial, dels quals C\u00c0RNIQUES CELR\u00c0 S.L. o les empreses del seu grup s\u00f3n titulars o llicenciat\u00e0ries leg\u00edtimes. Queda prohibida qualsevol modalitat dexplotaci\u00f3, incloent-hi qualsevol tipus de reproducci\u00f3, distribuci\u00f3, cessi\u00f3 a tercers, comunicaci\u00f3 p\u00fablica i transformaci\u00f3, mitjan\u00e7ant qualsevol tipus de suport i mitj\u00e0, sense lautoritzaci\u00f3 pr\u00e8via i expressa.<\/p><h4>4. Responsabilitat<\/h4><p>La nostra intenci\u00f3 \u00e9s oferir un lloc web que ofereixi un funcionament continuat i de m\u00e0xima qualitat.<\/p><p>De totes maneres, us informem que no podem garantir l&#8217;acc\u00e9s continuat, i que les p\u00e0gines es puguin trobar impedides, o interrompudes per factors o circumst\u00e0ncies alienes a la nostra voluntat.<\/p><p>C\u00c0RNIQUES CELR\u00c0 S.L. no \u00e9s responsable de la informaci\u00f3 i altres continguts integrats en espais o p\u00e0gines web de tercers accessibles mitjan\u00e7ant enlla\u00e7os, hipervincles o links.<\/p><p>C\u00c0RNIQUES CELR\u00c0 S.L. no es fa responsable dels perjudicis que se&#8217;n poguessin derivar, entre d&#8217;altres, de:<\/p><p>Interfer\u00e8ncies, interrupcions, fallades, omissions, avaries telef\u00f2niques, retards, bloquejos o desconnexions en el funcionament del sistema electr\u00f2nic, motivades per defici\u00e8ncies, sobrec\u00e0rregues i errors a les l\u00ednies i xarxes de telecomunicacions<\/p><p>Intromissions il\u00b7leg\u00edtimes mitjan\u00e7ant l&#8217;\u00fas de programes malignes de qualsevol tipus i mitjan\u00e7ant qualsevol mitj\u00e0 de comunicaci\u00f3.<\/p><p>\u00das indegut o inadequat del Lloc Web.<\/p><p>Errors produ\u00efts per un mal funcionament del navegador o per l\u00fas de versions no actualitzades del mateix.<\/p><p>L&#8217;usuari, en cas de causar danys i perjudicis per un \u00fas il\u00b7l\u00edcit o incorrecte d&#8217;aquest lloc web, podr\u00e0 ser reclamat dels danys o perjudicis causats.<\/p><p>Aix\u00ed mateix, l&#8217;usuari respondr\u00e0 davant qualsevol dany i perjudici, que es derivi de l&#8217;\u00fas per part seva de robots, spiders, &#8230; o eines similars emprades per tal de demanar o extreure dades o de qualsevol altra actuaci\u00f3 per part seva que imposi una c\u00e0rrega irraonable sobre el funcionament del Lloc Web<\/p><h4>5. Pol\u00edtica de privacidad y de protecci\u00f3n de datos<\/h4><p>En cumplimiento de las disposiciones del Reglamento (UE) 2016\/679 del Parlamento Europeo y del Consejo, de 27 de abril de 2016 y la Ley Org\u00e1nica 3\/2018, de 5 de diciembre, de Protecci\u00f3n de Datos\u00a0 Personales y garant\u00eda de los derechos digitales, le informamos de los\u00a0 tratamientos de datos personales que se pueden producir cuando se navega o interact\u00faa a trav\u00e9s de esta p\u00e1gina web. Tratamiento: Formulario de Contacto Responsable: C\u00c0RNIQUES CELR\u00c0 S.L. Finalidad: Responder las peticiones de informaci\u00f3n que es recepcionan por la web Legitimaci\u00f3n: Su propia petici\u00f3n Datos: Nombre, apellidos y mail Procedencia de los datos: Del mismo interesado Destinatarios: No se comunican los datos a terceros. Transferencias internacionales: No est\u00e1n previstas. Medidas organizativas: Se aplican medidas de \u00e1mbito t\u00e9cnico, organizativos y de seguridad que garantizan la confidencialidad e integridad de la informaci\u00f3n. Derechos e informaci\u00f3n\u00a0 adicional:\u00a0\u00a0 \u00a0Puede ejercer sus derechos de acceso, rectificaci\u00f3n, limitaci\u00f3n, supresi\u00f3n y oposici\u00f3n y solicitar informaci\u00f3n adicional, indic\u00e1ndolo por escrito a\u00a0 C\u00c0RNIQUES CELR\u00c0 S.L.\u00a0 Pol. Ind. Celr\u00e0 \u2013 C. Ter s\/n \u2013 17460 CELR\u00c0 . Girona, ESPA\u00d1A,\u00a0 por\u00a0 correo electr\u00f3nico al mail\u00a0\u00a0\u00a0ccelra@ccelra.com. Si considera que no hemos tratado sus datos personales de acuerdo con la normativa, puede presentar una reclamaci\u00f3n a la Agencia Espa\u00f1ola de Protecci\u00f3n de Datos. (www.agpd.es) El ejercicio de sus derechos es gratuito.<\/p><h4>6. Legislaci\u00f3<\/h4><p>Qualsevol controv\u00e8rsia que sorgeixi o tingui relaci\u00f3 amb l&#8217;\u00fas de la p\u00e0gina web ser\u00e0 sotmesa a la jurisdicci\u00f3 no exclusiva dels jutjats i tribunals espanyols.<\/p><\/div><p><!-- \/wp:paragraph --><\/p>\t\t\t\t\t\t\t\t<\/div>\n\t\t\t\t<\/div>\n\t\t\t\t\t<\/div>\n\t\t\t\t<\/div>\n\t\t\t\t<\/div>\n\t\t\t\t\t<\/div>\n\t\t\t\t<\/div>\n\t\t<div class=\"elementor-element elementor-element-81fe495 e-flex e-con-boxed e-con e-parent\" data-id=\"81fe495\" data-element_type=\"container\" data-e-type=\"container\">\n\t\t\t\t\t<div class=\"e-con-inner\">\n\t\t\t\t\t<\/div>\n\t\t\t\t<\/div>\n\t\t\t\t<\/div>\n\t\t","protected":false},"excerpt":{"rendered":"<p>Benvingut a la p\u00e0gina web de C\u00c0RNIQUES CELR\u00c0 S.L. A continuaci\u00f3 us exposem les condicions d&#8217;\u00fas d&#8217;aquesta p\u00e0gina web. La navegaci\u00f3 per aquesta p\u00e0gina WEB us atorga el rol d&#8217;usuari de la mateixa i, per tant, accepta les cl\u00e0usules detallades en aquest document. 1. Identificaci\u00f3 De conformitat amb all\u00f2 que disposa l&#8217;article 10 de la [&hellip;]<\/p>\n","protected":false},"author":1,"featured_media":0,"parent":0,"menu_order":0,"comment_status":"closed","ping_status":"closed","template":"","meta":{"footnotes":""},"class_list":["post-18979","page","type-page","status-publish","hentry"],"_links":{"self":[{"href":"https:\/\/ccelra.eu\/index.php\/wp-json\/wp\/v2\/pages\/18979","targetHints":{"allow":["GET"]}}],"collection":[{"href":"https:\/\/ccelra.eu\/index.php\/wp-json\/wp\/v2\/pages"}],"about":[{"href":"https:\/\/ccelra.eu\/index.php\/wp-json\/wp\/v2\/types\/page"}],"author":[{"embeddable":true,"href":"https:\/\/ccelra.eu\/index.php\/wp-json\/wp\/v2\/users\/1"}],"replies":[{"embeddable":true,"href":"https:\/\/ccelra.eu\/index.php\/wp-json\/wp\/v2\/comments?post=18979"}],"version-history":[{"count":4,"href":"https:\/\/ccelra.eu\/index.php\/wp-json\/wp\/v2\/pages\/18979\/revisions"}],"predecessor-version":[{"id":18985,"href":"https:\/\/ccelra.eu\/index.php\/wp-json\/wp\/v2\/pages\/18979\/revisions\/18985"}],"wp:attachment":[{"href":"https:\/\/ccelra.eu\/index.php\/wp-json\/wp\/v2\/media?parent=18979"}],"curies":[{"name":"wp","href":"https:\/\/api.w.org\/{rel}","templated":true}]}}