{"id":17574,"date":"2024-08-26T14:01:19","date_gmt":"2024-08-26T14:01:19","guid":{"rendered":"https:\/\/angry-euler.82-223-12-193.plesk.page\/?page_id=17574"},"modified":"2024-10-02T06:10:55","modified_gmt":"2024-10-02T06:10:55","slug":"innovation","status":"publish","type":"page","link":"https:\/\/ccelra.eu\/index.php\/en\/innovation\/","title":{"rendered":"INNOVATION"},"content":{"rendered":"\t\t<div data-elementor-type=\"wp-page\" data-elementor-id=\"17574\" class=\"elementor elementor-17574\">\n\t\t\t\t\t\t<section class=\"elementor-section elementor-top-section elementor-element elementor-element-d507e86 elementor-section-boxed elementor-section-height-default elementor-section-height-default\" data-id=\"d507e86\" data-element_type=\"section\" data-e-type=\"section\">\n\t\t\t\t\t\t<div class=\"elementor-container elementor-column-gap-default\">\n\t\t\t\t\t<div class=\"elementor-column elementor-col-50 elementor-top-column elementor-element elementor-element-46af23d\" data-id=\"46af23d\" data-element_type=\"column\" data-e-type=\"column\">\n\t\t\t<div class=\"elementor-widget-wrap elementor-element-populated\">\n\t\t\t\t\t\t<div class=\"elementor-element elementor-element-a977ce7 elementor-widget__width-initial elementor-widget elementor-widget-leroux_core_section_title\" data-id=\"a977ce7\" data-element_type=\"widget\" data-e-type=\"widget\" data-widget_type=\"leroux_core_section_title.default\">\n\t\t\t\t<div class=\"elementor-widget-container\">\n\t\t\t\t\t<div class=\"qodef-shortcode qodef-m  qodef-section-title qodef-alignment--left \">\n\t\t<h3 class=\"qodef-m-title\" >\n\t\t\t\t\tC\u00c0RNIQUES CELR\u00c0 S.L. INNOVATIONS\t\t\t<\/h3>\n\t<\/div>\n\t\t\t\t<\/div>\n\t\t\t\t<\/div>\n\t\t\t\t<div class=\"elementor-element elementor-element-0cc789c elementor-widget__width-initial elementor-widget elementor-widget-text-editor\" data-id=\"0cc789c\" data-element_type=\"widget\" data-e-type=\"widget\" data-widget_type=\"text-editor.default\">\n\t\t\t\t<div class=\"elementor-widget-container\">\n\t\t\t\t\t\t\t\t\t<p>Innovation is a cornerstone of the success and sustainability of any company in the meat sector. At C\u00e0rniques Celr\u00e0, S.L., we recognise its crucial importance in order to remain at the forefront of the global market. Strategically located in Celr\u00e0, Girona, close to the border with France and within easy reach of major maritime loading docks, we understand that innovation is essential to optimise our processes and offer the highest quality products to our international customers.<\/p>\t\t\t\t\t\t\t\t<\/div>\n\t\t\t\t<\/div>\n\t\t\t\t\t<\/div>\n\t\t<\/div>\n\t\t\t\t<div class=\"elementor-column elementor-col-50 elementor-top-column elementor-element elementor-element-48f721d\" data-id=\"48f721d\" data-element_type=\"column\" data-e-type=\"column\">\n\t\t\t<div class=\"elementor-widget-wrap elementor-element-populated\">\n\t\t\t\t\t\t<div class=\"elementor-element elementor-element-030a8c8 elementor-widget elementor-widget-leroux_core_accordion\" data-id=\"030a8c8\" data-element_type=\"widget\" data-e-type=\"widget\" data-widget_type=\"leroux_core_accordion.default\">\n\t\t\t\t<div class=\"elementor-widget-container\">\n\t\t\t\t\t<div class=\"qodef-shortcode qodef-m  qodef-accordion clear qodef-behavior--accordion qodef-layout--simple qodef-icon--layout-1\" style=\"--qodef-accordion-content-color: #7A7A7A\">\n\t<h4 class=\"qodef-accordion-title\">\n\t<span class=\"qodef-tab-title\">Continuous Improvement of Product Quality<\/span>\n\t<span class=\"qodef-accordion-mark\">\n                    <span class=\"qodef-icon--plus qodef-icon-layout--1\">\n                <svg class=\"qodef-svg--arrow-down\" xmlns=\"http:\/\/www.w3.org\/2000\/svg\" width=\"16.112\" height=\"16.112\" viewBox=\"0 0 16.112 16.112\"><g transform=\"translate(15.612 8.056) rotate(135)\"><line x2=\"10.686\" y2=\"10.686\" transform=\"translate(0 10.686) rotate(-90)\" fill=\"none\" stroke=\"currentColor\" stroke-width=\"1\"\/><line y2=\"10.565\" transform=\"translate(0.052 0.121) rotate(-90)\" fill=\"none\" stroke=\"currentColor\" stroke-width=\"1\"\/><line x2=\"10.565\" transform=\"translate(10.617 10.686) rotate(-90)\" fill=\"none\" stroke=\"currentColor\" stroke-width=\"1\"\/><\/g><\/svg>            <\/span>\n        \t\t<span class=\"qodef-icon--minus\"><\/span>\n\t<\/span>\n<\/h4>\n<div class=\"qodef-accordion-content\">\n\t<div class=\"qodef-accordion-content-inner\">\n\t\t<p>The implementation of new technologies and processing methods enables us to supply pork with unrivalled levels of homogeneity and healthiness. Using advanced genetic and nutritional studies, as well as responding to market demands, we ensure that each piece of meat meets the strictest quality standards.<\/p>\t<\/div>\n<\/div>\n<h4 class=\"qodef-accordion-title\">\n\t<span class=\"qodef-tab-title\">Efficiency in Processes<\/span>\n\t<span class=\"qodef-accordion-mark\">\n                    <span class=\"qodef-icon--plus qodef-icon-layout--1\">\n                <svg class=\"qodef-svg--arrow-down\" xmlns=\"http:\/\/www.w3.org\/2000\/svg\" width=\"16.112\" height=\"16.112\" viewBox=\"0 0 16.112 16.112\"><g transform=\"translate(15.612 8.056) rotate(135)\"><line x2=\"10.686\" y2=\"10.686\" transform=\"translate(0 10.686) rotate(-90)\" fill=\"none\" stroke=\"currentColor\" stroke-width=\"1\"\/><line y2=\"10.565\" transform=\"translate(0.052 0.121) rotate(-90)\" fill=\"none\" stroke=\"currentColor\" stroke-width=\"1\"\/><line x2=\"10.565\" transform=\"translate(10.617 10.686) rotate(-90)\" fill=\"none\" stroke=\"currentColor\" stroke-width=\"1\"\/><\/g><\/svg>            <\/span>\n        \t\t<span class=\"qodef-icon--minus\"><\/span>\n\t<\/span>\n<\/h4>\n<div class=\"qodef-accordion-content\">\n\t<div class=\"qodef-accordion-content-inner\">\n\t\t<p>The adoption of cutting-edge technologies and automated systems optimises our workflows, from decomposition to packaging and distribution. These improvements not only increase our production capacity, but also ensure a more efficient and profitable operation, enabling us to meet our customers\u2019 deadlines and expectations.<\/p>\t<\/div>\n<\/div>\n<h4 class=\"qodef-accordion-title\">\n\t<span class=\"qodef-tab-title\">Food Safety<\/span>\n\t<span class=\"qodef-accordion-mark\">\n                    <span class=\"qodef-icon--plus qodef-icon-layout--1\">\n                <svg class=\"qodef-svg--arrow-down\" xmlns=\"http:\/\/www.w3.org\/2000\/svg\" width=\"16.112\" height=\"16.112\" viewBox=\"0 0 16.112 16.112\"><g transform=\"translate(15.612 8.056) rotate(135)\"><line x2=\"10.686\" y2=\"10.686\" transform=\"translate(0 10.686) rotate(-90)\" fill=\"none\" stroke=\"currentColor\" stroke-width=\"1\"\/><line y2=\"10.565\" transform=\"translate(0.052 0.121) rotate(-90)\" fill=\"none\" stroke=\"currentColor\" stroke-width=\"1\"\/><line x2=\"10.565\" transform=\"translate(10.617 10.686) rotate(-90)\" fill=\"none\" stroke=\"currentColor\" stroke-width=\"1\"\/><\/g><\/svg>            <\/span>\n        \t\t<span class=\"qodef-icon--minus\"><\/span>\n\t<\/span>\n<\/h4>\n<div class=\"qodef-accordion-content\">\n\t<div class=\"qodef-accordion-content-inner\">\n\t\t<p>We believe that innovation in quality control and food safety is essential. By implementing the HACCP system and adhering to ISO regulations, we are able to monitor and control every single stage of the production process, ensuring that our products are not only safe, but also meet the highest international health standards.<\/p>\t<\/div>\n<\/div>\n<h4 class=\"qodef-accordion-title\">\n\t<span class=\"qodef-tab-title\">Environmental Sustainability<\/span>\n\t<span class=\"qodef-accordion-mark\">\n                    <span class=\"qodef-icon--plus qodef-icon-layout--1\">\n                <svg class=\"qodef-svg--arrow-down\" xmlns=\"http:\/\/www.w3.org\/2000\/svg\" width=\"16.112\" height=\"16.112\" viewBox=\"0 0 16.112 16.112\"><g transform=\"translate(15.612 8.056) rotate(135)\"><line x2=\"10.686\" y2=\"10.686\" transform=\"translate(0 10.686) rotate(-90)\" fill=\"none\" stroke=\"currentColor\" stroke-width=\"1\"\/><line y2=\"10.565\" transform=\"translate(0.052 0.121) rotate(-90)\" fill=\"none\" stroke=\"currentColor\" stroke-width=\"1\"\/><line x2=\"10.565\" transform=\"translate(10.617 10.686) rotate(-90)\" fill=\"none\" stroke=\"currentColor\" stroke-width=\"1\"\/><\/g><\/svg>            <\/span>\n        \t\t<span class=\"qodef-icon--minus\"><\/span>\n\t<\/span>\n<\/h4>\n<div class=\"qodef-accordion-content\">\n\t<div class=\"qodef-accordion-content-inner\">\n\t\t<p>Developing more sustainable and efficient methods of waste management and energy consumption is a priority at C\u00e0rniques Celr\u00e0. Innovations in sustainability not only reduce our environmental impact, but also optimise our operating costs, benefitting both the company and the planet.<\/p>\t<\/div>\n<\/div>\n<h4 class=\"qodef-accordion-title\">\n\t<span class=\"qodef-tab-title\">Adaptation to the Global Market<\/span>\n\t<span class=\"qodef-accordion-mark\">\n                    <span class=\"qodef-icon--plus qodef-icon-layout--1\">\n                <svg class=\"qodef-svg--arrow-down\" xmlns=\"http:\/\/www.w3.org\/2000\/svg\" width=\"16.112\" height=\"16.112\" viewBox=\"0 0 16.112 16.112\"><g transform=\"translate(15.612 8.056) rotate(135)\"><line x2=\"10.686\" y2=\"10.686\" transform=\"translate(0 10.686) rotate(-90)\" fill=\"none\" stroke=\"currentColor\" stroke-width=\"1\"\/><line y2=\"10.565\" transform=\"translate(0.052 0.121) rotate(-90)\" fill=\"none\" stroke=\"currentColor\" stroke-width=\"1\"\/><line x2=\"10.565\" transform=\"translate(10.617 10.686) rotate(-90)\" fill=\"none\" stroke=\"currentColor\" stroke-width=\"1\"\/><\/g><\/svg>            <\/span>\n        \t\t<span class=\"qodef-icon--minus\"><\/span>\n\t<\/span>\n<\/h4>\n<div class=\"qodef-accordion-content\">\n\t<div class=\"qodef-accordion-content-inner\">\n\t\t<p>In a dynamic and competitive global environment, the ability to innovate allows us to quickly adapt to changing consumer trends and demands. This includes developing new products and cuts of meat that match the preferences of different regions of the world, ensuring our relevance and competitiveness in the international market.<\/p><p>At C\u00e0rniques Celr\u00e0, S.L., innovation is not just a strategy, but a business philosophy. Since our foundation in October 2011, we have designed our processes and systems with a clear export vision and an unwavering commitment to quality. Our team of experts works tirelessly to ensure that every single product that leaves our facilities meets and exceeds our customers\u2019 expectations, so that everyone can enjoy food of the highest quality, from the field to the table.<\/p><p>Innovation is, and will continue to be, the engine that drives our growth and success in the meat industry. We strive to constantly exceed industry standards and meet the needs and expectations of our customers, convinced that excellence in quality and food safety is the key to a prosperous and sustainable future.<\/p>\t<\/div>\n<\/div>\n<\/div>\n\t\t\t\t<\/div>\n\t\t\t\t<\/div>\n\t\t\t\t\t<\/div>\n\t\t<\/div>\n\t\t\t\t\t<\/div>\n\t\t<\/section>\n\t\t\t\t<section class=\"elementor-section elementor-top-section elementor-element elementor-element-7fd5c5d elementor-section-full_width elementor-section-height-min-height elementor-section-stretched elementor-section-height-default elementor-section-items-middle\" data-id=\"7fd5c5d\" data-element_type=\"section\" data-e-type=\"section\" data-settings=\"{&quot;background_background&quot;:&quot;classic&quot;,&quot;stretch_section&quot;:&quot;section-stretched&quot;}\">\n\t\t\t\t\t\t\t<div class=\"elementor-background-overlay\"><\/div>\n\t\t\t\t\t\t\t<div class=\"elementor-container elementor-column-gap-no\">\n\t\t\t\t\t<div class=\"elementor-column elementor-col-100 elementor-top-column elementor-element elementor-element-0920448\" data-id=\"0920448\" data-element_type=\"column\" data-e-type=\"column\">\n\t\t\t<div class=\"elementor-widget-wrap\">\n\t\t\t\t\t\t\t<\/div>\n\t\t<\/div>\n\t\t\t\t\t<\/div>\n\t\t<\/section>\n\t\t\t\t<\/div>\n\t\t","protected":false},"excerpt":{"rendered":"<p>C\u00c0RNIQUES CELR\u00c0 S.L. INNOVATIONS Innovation is a cornerstone of the success and sustainability of any company in the meat sector. At C\u00e0rniques Celr\u00e0, S.L., we recognise its crucial importance in order to remain at the forefront of the global market. Strategically located in Celr\u00e0, Girona, close to the border with France and within easy reach [&hellip;]<\/p>\n","protected":false},"author":1,"featured_media":0,"parent":0,"menu_order":0,"comment_status":"closed","ping_status":"closed","template":"","meta":{"footnotes":""},"class_list":["post-17574","page","type-page","status-publish","hentry"],"_links":{"self":[{"href":"https:\/\/ccelra.eu\/index.php\/wp-json\/wp\/v2\/pages\/17574","targetHints":{"allow":["GET"]}}],"collection":[{"href":"https:\/\/ccelra.eu\/index.php\/wp-json\/wp\/v2\/pages"}],"about":[{"href":"https:\/\/ccelra.eu\/index.php\/wp-json\/wp\/v2\/types\/page"}],"author":[{"embeddable":true,"href":"https:\/\/ccelra.eu\/index.php\/wp-json\/wp\/v2\/users\/1"}],"replies":[{"embeddable":true,"href":"https:\/\/ccelra.eu\/index.php\/wp-json\/wp\/v2\/comments?post=17574"}],"version-history":[{"count":37,"href":"https:\/\/ccelra.eu\/index.php\/wp-json\/wp\/v2\/pages\/17574\/revisions"}],"predecessor-version":[{"id":18606,"href":"https:\/\/ccelra.eu\/index.php\/wp-json\/wp\/v2\/pages\/17574\/revisions\/18606"}],"wp:attachment":[{"href":"https:\/\/ccelra.eu\/index.php\/wp-json\/wp\/v2\/media?parent=17574"}],"curies":[{"name":"wp","href":"https:\/\/api.w.org\/{rel}","templated":true}]}}