{"id":16679,"date":"2024-06-26T07:52:09","date_gmt":"2024-06-26T07:52:09","guid":{"rendered":"https:\/\/angry-euler.82-223-12-193.plesk.page\/?page_id=16679"},"modified":"2025-06-16T14:34:47","modified_gmt":"2025-06-16T14:34:47","slug":"innovacion","status":"publish","type":"page","link":"https:\/\/ccelra.eu\/index.php\/innovacion\/","title":{"rendered":"Innovaci\u00f3n"},"content":{"rendered":"\t\t<div data-elementor-type=\"wp-page\" data-elementor-id=\"16679\" class=\"elementor elementor-16679\">\n\t\t\t\t\t\t<section class=\"elementor-section elementor-top-section elementor-element elementor-element-581158a elementor-section-boxed elementor-section-height-default elementor-section-height-default\" data-id=\"581158a\" data-element_type=\"section\" data-e-type=\"section\">\n\t\t\t\t\t\t<div class=\"elementor-container elementor-column-gap-default\">\n\t\t\t\t\t<div class=\"elementor-column elementor-col-50 elementor-top-column elementor-element elementor-element-e7d4576\" data-id=\"e7d4576\" data-element_type=\"column\" data-e-type=\"column\">\n\t\t\t<div class=\"elementor-widget-wrap elementor-element-populated\">\n\t\t\t\t\t\t<div class=\"elementor-element elementor-element-22ed74d elementor-widget__width-initial elementor-widget elementor-widget-leroux_core_section_title\" data-id=\"22ed74d\" data-element_type=\"widget\" data-e-type=\"widget\" data-widget_type=\"leroux_core_section_title.default\">\n\t\t\t\t<div class=\"elementor-widget-container\">\n\t\t\t\t\t<div class=\"qodef-shortcode qodef-m  qodef-section-title qodef-alignment--left \">\n\t\t<h3 class=\"qodef-m-title\" >\n\t\t\t\t\tINNOVACIONES C\u00c0RNIQUES CELR\u00c0 S.L.\t\t\t<\/h3>\n\t<\/div>\n\t\t\t\t<\/div>\n\t\t\t\t<\/div>\n\t\t\t\t<div class=\"elementor-element elementor-element-4aed1b1 elementor-widget__width-initial elementor-widget elementor-widget-text-editor\" data-id=\"4aed1b1\" data-element_type=\"widget\" data-e-type=\"widget\" data-widget_type=\"text-editor.default\">\n\t\t\t\t<div class=\"elementor-widget-container\">\n\t\t\t\t\t\t\t\t\t<p>La innovaci\u00f3n es un pilar fundamental para el \u00e9xito y la sostenibilidad de cualquier empresa en el sector c\u00e1rnico, y en C\u00e0rniques Celr\u00e0, s.l., reconocemos su importancia crucial para mantenernos a la vanguardia del mercado global. Ubicados estrat\u00e9gicamente en Celr\u00e0, Girona, cerca de la frontera con Francia y a una distancia accesible de importantes muelles de carga mar\u00edtimos, entendemos que la innovaci\u00f3n es esencial para optimizar nuestros procesos y ofrecer productos de la m\u00e1s alta calidad a nuestros clientes internacionales.<\/p>\t\t\t\t\t\t\t\t<\/div>\n\t\t\t\t<\/div>\n\t\t\t\t\t<\/div>\n\t\t<\/div>\n\t\t\t\t<div class=\"elementor-column elementor-col-50 elementor-top-column elementor-element elementor-element-3564889\" data-id=\"3564889\" data-element_type=\"column\" data-e-type=\"column\">\n\t\t\t<div class=\"elementor-widget-wrap elementor-element-populated\">\n\t\t\t\t\t\t<div class=\"elementor-element elementor-element-0ef5821 elementor-widget elementor-widget-leroux_core_accordion\" data-id=\"0ef5821\" data-element_type=\"widget\" data-e-type=\"widget\" data-widget_type=\"leroux_core_accordion.default\">\n\t\t\t\t<div class=\"elementor-widget-container\">\n\t\t\t\t\t<div class=\"qodef-shortcode qodef-m  qodef-accordion clear qodef-behavior--accordion qodef-layout--simple qodef-icon--layout-1\" style=\"--qodef-accordion-content-color: #7A7A7A\">\n\t<h4 class=\"qodef-accordion-title\">\n\t<span class=\"qodef-tab-title\">Mejora Continua de la Calidad del Producto<\/span>\n\t<span class=\"qodef-accordion-mark\">\n                    <span class=\"qodef-icon--plus qodef-icon-layout--1\">\n                <svg class=\"qodef-svg--arrow-down\" xmlns=\"http:\/\/www.w3.org\/2000\/svg\" width=\"16.112\" height=\"16.112\" viewBox=\"0 0 16.112 16.112\"><g transform=\"translate(15.612 8.056) rotate(135)\"><line x2=\"10.686\" y2=\"10.686\" transform=\"translate(0 10.686) rotate(-90)\" fill=\"none\" stroke=\"currentColor\" stroke-width=\"1\"\/><line y2=\"10.565\" transform=\"translate(0.052 0.121) rotate(-90)\" fill=\"none\" stroke=\"currentColor\" stroke-width=\"1\"\/><line x2=\"10.565\" transform=\"translate(10.617 10.686) rotate(-90)\" fill=\"none\" stroke=\"currentColor\" stroke-width=\"1\"\/><\/g><\/svg>            <\/span>\n        \t\t<span class=\"qodef-icon--minus\"><\/span>\n\t<\/span>\n<\/h4>\n<div class=\"qodef-accordion-content\">\n\t<div class=\"qodef-accordion-content-inner\">\n\t\t<p>La implementaci\u00f3n de nuevas tecnolog\u00edas y m\u00e9todos de procesamiento nos permite ofrecer carne de cerdo con niveles inigualables de homogeneidad y salubridad. Utilizando estudios gen\u00e9ticos y nutricionales avanzados, as\u00ed como respondiendo a las demandas del mercado, garantizamos que cada pieza de carne cumpla con los m\u00e1s estrictos est\u00e1ndares de calidad.<\/p>\t<\/div>\n<\/div>\n<h4 class=\"qodef-accordion-title\">\n\t<span class=\"qodef-tab-title\">Eficiencia en los Procesos<\/span>\n\t<span class=\"qodef-accordion-mark\">\n                    <span class=\"qodef-icon--plus qodef-icon-layout--1\">\n                <svg class=\"qodef-svg--arrow-down\" xmlns=\"http:\/\/www.w3.org\/2000\/svg\" width=\"16.112\" height=\"16.112\" viewBox=\"0 0 16.112 16.112\"><g transform=\"translate(15.612 8.056) rotate(135)\"><line x2=\"10.686\" y2=\"10.686\" transform=\"translate(0 10.686) rotate(-90)\" fill=\"none\" stroke=\"currentColor\" stroke-width=\"1\"\/><line y2=\"10.565\" transform=\"translate(0.052 0.121) rotate(-90)\" fill=\"none\" stroke=\"currentColor\" stroke-width=\"1\"\/><line x2=\"10.565\" transform=\"translate(10.617 10.686) rotate(-90)\" fill=\"none\" stroke=\"currentColor\" stroke-width=\"1\"\/><\/g><\/svg>            <\/span>\n        \t\t<span class=\"qodef-icon--minus\"><\/span>\n\t<\/span>\n<\/h4>\n<div class=\"qodef-accordion-content\">\n\t<div class=\"qodef-accordion-content-inner\">\n\t\t<p>Adoptar tecnolog\u00edas de vanguardia y sistemas automatizados optimiza nuestros flujos de trabajo, desde la descomposici\u00f3n hasta el envasado y la distribuci\u00f3n. Estas mejoras no solo incrementan nuestra capacidad productiva, sino que tambi\u00e9n aseguran una operaci\u00f3n m\u00e1s eficiente y rentable, permiti\u00e9ndonos cumplir con los plazos y expectativas de nuestros clientes.<\/p>\t<\/div>\n<\/div>\n<h4 class=\"qodef-accordion-title\">\n\t<span class=\"qodef-tab-title\">Seguridad Alimentaria<\/span>\n\t<span class=\"qodef-accordion-mark\">\n                    <span class=\"qodef-icon--plus qodef-icon-layout--1\">\n                <svg class=\"qodef-svg--arrow-down\" xmlns=\"http:\/\/www.w3.org\/2000\/svg\" width=\"16.112\" height=\"16.112\" viewBox=\"0 0 16.112 16.112\"><g transform=\"translate(15.612 8.056) rotate(135)\"><line x2=\"10.686\" y2=\"10.686\" transform=\"translate(0 10.686) rotate(-90)\" fill=\"none\" stroke=\"currentColor\" stroke-width=\"1\"\/><line y2=\"10.565\" transform=\"translate(0.052 0.121) rotate(-90)\" fill=\"none\" stroke=\"currentColor\" stroke-width=\"1\"\/><line x2=\"10.565\" transform=\"translate(10.617 10.686) rotate(-90)\" fill=\"none\" stroke=\"currentColor\" stroke-width=\"1\"\/><\/g><\/svg>            <\/span>\n        \t\t<span class=\"qodef-icon--minus\"><\/span>\n\t<\/span>\n<\/h4>\n<div class=\"qodef-accordion-content\">\n\t<div class=\"qodef-accordion-content-inner\">\n\t\t<p>La innovaci\u00f3n en controles de calidad y seguridad alimentaria es esencial para nosotros. La implementaci\u00f3n del sistema HACCP y la adhesi\u00f3n a normativas ISO nos permite monitorear y controlar cada fase del proceso de producci\u00f3n, garantizando que nuestros productos no solo sean seguros, sino que tambi\u00e9n cumplan con los m\u00e1s altos est\u00e1ndares internacionales de sanidad.<\/p>\t<\/div>\n<\/div>\n<h4 class=\"qodef-accordion-title\">\n\t<span class=\"qodef-tab-title\">Sostenibilidad Ambiental<\/span>\n\t<span class=\"qodef-accordion-mark\">\n                    <span class=\"qodef-icon--plus qodef-icon-layout--1\">\n                <svg class=\"qodef-svg--arrow-down\" xmlns=\"http:\/\/www.w3.org\/2000\/svg\" width=\"16.112\" height=\"16.112\" viewBox=\"0 0 16.112 16.112\"><g transform=\"translate(15.612 8.056) rotate(135)\"><line x2=\"10.686\" y2=\"10.686\" transform=\"translate(0 10.686) rotate(-90)\" fill=\"none\" stroke=\"currentColor\" stroke-width=\"1\"\/><line y2=\"10.565\" transform=\"translate(0.052 0.121) rotate(-90)\" fill=\"none\" stroke=\"currentColor\" stroke-width=\"1\"\/><line x2=\"10.565\" transform=\"translate(10.617 10.686) rotate(-90)\" fill=\"none\" stroke=\"currentColor\" stroke-width=\"1\"\/><\/g><\/svg>            <\/span>\n        \t\t<span class=\"qodef-icon--minus\"><\/span>\n\t<\/span>\n<\/h4>\n<div class=\"qodef-accordion-content\">\n\t<div class=\"qodef-accordion-content-inner\">\n\t\t<p>Desarrollar m\u00e9todos m\u00e1s sostenibles y eficientes de manejo de residuos y consumo energ\u00e9tico es una prioridad en C\u00e0rniques Celr\u00e0. Las innovaciones en sostenibilidad no solo reducen nuestro impacto ambiental, sino que tambi\u00e9n optimizan nuestros costos operativos, beneficiando tanto a la empresa como al planeta.<\/p>\t<\/div>\n<\/div>\n<h4 class=\"qodef-accordion-title\">\n\t<span class=\"qodef-tab-title\">Adaptaci\u00f3n al Mercado Global<\/span>\n\t<span class=\"qodef-accordion-mark\">\n                    <span class=\"qodef-icon--plus qodef-icon-layout--1\">\n                <svg class=\"qodef-svg--arrow-down\" xmlns=\"http:\/\/www.w3.org\/2000\/svg\" width=\"16.112\" height=\"16.112\" viewBox=\"0 0 16.112 16.112\"><g transform=\"translate(15.612 8.056) rotate(135)\"><line x2=\"10.686\" y2=\"10.686\" transform=\"translate(0 10.686) rotate(-90)\" fill=\"none\" stroke=\"currentColor\" stroke-width=\"1\"\/><line y2=\"10.565\" transform=\"translate(0.052 0.121) rotate(-90)\" fill=\"none\" stroke=\"currentColor\" stroke-width=\"1\"\/><line x2=\"10.565\" transform=\"translate(10.617 10.686) rotate(-90)\" fill=\"none\" stroke=\"currentColor\" stroke-width=\"1\"\/><\/g><\/svg>            <\/span>\n        \t\t<span class=\"qodef-icon--minus\"><\/span>\n\t<\/span>\n<\/h4>\n<div class=\"qodef-accordion-content\">\n\t<div class=\"qodef-accordion-content-inner\">\n\t\t<p>En un entorno global din\u00e1mico y competitivo, la capacidad de innovar nos permite adaptarnos r\u00e1pidamente a las tendencias y demandas cambiantes de los consumidores. Esto incluye el desarrollo de nuevos productos y cortes de carne que se ajusten a las preferencias de diferentes regiones del mundo, asegurando nuestra relevancia y competitividad en el mercado internacional.<\/p><p>En C\u00e0rniques Celr\u00e0, S.L., la innovaci\u00f3n no es solo una estrategia, sino una filosof\u00eda de negocio. Desde nuestra fundaci\u00f3n en octubre de 2011, hemos dise\u00f1ado nuestros procesos y sistemas con una visi\u00f3n exportadora clara y un compromiso inquebrantable con la calidad. Nuestro equipo de expertos trabaja incansablemente para garantizar que cada producto que sale de nuestras instalaciones cumpla y supere las expectativas de nuestros clientes, asegurando que todos puedan disfrutar de alimentos de la m\u00e1s alta calidad, desde el campo hasta la mesa.<\/p><p>La innovaci\u00f3n es, y seguir\u00e1 siendo, el motor que impulsa nuestro crecimiento y \u00e9xito en la industria c\u00e1rnica. Nos esforzamos por superar constantemente los est\u00e1ndares de la industria y satisfacer las necesidades y expectativas de nuestros clientes, convencidos de que la excelencia en calidad y seguridad alimentaria es la clave para un futuro pr\u00f3spero y sostenible.<\/p>\t<\/div>\n<\/div>\n<\/div>\n\t\t\t\t<\/div>\n\t\t\t\t<\/div>\n\t\t\t\t\t<\/div>\n\t\t<\/div>\n\t\t\t\t\t<\/div>\n\t\t<\/section>\n\t\t\t\t<section class=\"elementor-section elementor-top-section elementor-element elementor-element-9b7b352 elementor-section-full_width elementor-section-height-min-height elementor-section-stretched elementor-section-height-default elementor-section-items-middle\" data-id=\"9b7b352\" data-element_type=\"section\" data-e-type=\"section\" data-settings=\"{&quot;background_background&quot;:&quot;classic&quot;,&quot;stretch_section&quot;:&quot;section-stretched&quot;}\">\n\t\t\t\t\t\t\t<div class=\"elementor-background-overlay\"><\/div>\n\t\t\t\t\t\t\t<div class=\"elementor-container elementor-column-gap-no\">\n\t\t\t\t\t<div class=\"elementor-column elementor-col-100 elementor-top-column elementor-element elementor-element-0fa9bd2\" data-id=\"0fa9bd2\" data-element_type=\"column\" data-e-type=\"column\">\n\t\t\t<div class=\"elementor-widget-wrap\">\n\t\t\t\t\t\t\t<\/div>\n\t\t<\/div>\n\t\t\t\t\t<\/div>\n\t\t<\/section>\n\t\t\t\t<\/div>\n\t\t","protected":false},"excerpt":{"rendered":"<p>INNOVACIONES C\u00c0RNIQUES CELR\u00c0 S.L. La innovaci\u00f3n es un pilar fundamental para el \u00e9xito y la sostenibilidad de cualquier empresa en el sector c\u00e1rnico, y en C\u00e0rniques Celr\u00e0, s.l., reconocemos su importancia crucial para mantenernos a la vanguardia del mercado global. Ubicados estrat\u00e9gicamente en Celr\u00e0, Girona, cerca de la frontera con Francia y a una distancia [&hellip;]<\/p>\n","protected":false},"author":1,"featured_media":0,"parent":0,"menu_order":0,"comment_status":"closed","ping_status":"closed","template":"","meta":{"footnotes":""},"class_list":["post-16679","page","type-page","status-publish","hentry"],"_links":{"self":[{"href":"https:\/\/ccelra.eu\/index.php\/wp-json\/wp\/v2\/pages\/16679","targetHints":{"allow":["GET"]}}],"collection":[{"href":"https:\/\/ccelra.eu\/index.php\/wp-json\/wp\/v2\/pages"}],"about":[{"href":"https:\/\/ccelra.eu\/index.php\/wp-json\/wp\/v2\/types\/page"}],"author":[{"embeddable":true,"href":"https:\/\/ccelra.eu\/index.php\/wp-json\/wp\/v2\/users\/1"}],"replies":[{"embeddable":true,"href":"https:\/\/ccelra.eu\/index.php\/wp-json\/wp\/v2\/comments?post=16679"}],"version-history":[{"count":71,"href":"https:\/\/ccelra.eu\/index.php\/wp-json\/wp\/v2\/pages\/16679\/revisions"}],"predecessor-version":[{"id":19743,"href":"https:\/\/ccelra.eu\/index.php\/wp-json\/wp\/v2\/pages\/16679\/revisions\/19743"}],"wp:attachment":[{"href":"https:\/\/ccelra.eu\/index.php\/wp-json\/wp\/v2\/media?parent=16679"}],"curies":[{"name":"wp","href":"https:\/\/api.w.org\/{rel}","templated":true}]}}