{"id":12115,"date":"2024-02-07T08:33:25","date_gmt":"2024-02-07T08:33:25","guid":{"rendered":"https:\/\/leroux.qodeinteractive.com\/?page_id=12"},"modified":"2024-04-26T10:14:21","modified_gmt":"2024-04-26T10:14:21","slug":"refund_returns","status":"publish","type":"page","link":"https:\/\/ccelra.eu\/index.php\/refund_returns\/","title":{"rendered":"Aviso legal"},"content":{"rendered":"\t\t<div data-elementor-type=\"wp-page\" data-elementor-id=\"12115\" class=\"elementor elementor-12115\">\n\t\t\t\t<div class=\"elementor-element elementor-element-426ff4b3 e-flex e-con-boxed e-con e-parent\" data-id=\"426ff4b3\" data-element_type=\"container\" data-e-type=\"container\">\n\t\t\t\t\t<div class=\"e-con-inner\">\n\t\t<div class=\"elementor-element elementor-element-b68c6ec e-flex e-con-boxed e-con e-child\" data-id=\"b68c6ec\" data-element_type=\"container\" data-e-type=\"container\">\n\t\t\t\t\t<div class=\"e-con-inner\">\n\t\t\t\t<div class=\"elementor-element elementor-element-6fe6c19 elementor-widget elementor-widget-text-editor\" data-id=\"6fe6c19\" data-element_type=\"widget\" data-e-type=\"widget\" data-widget_type=\"text-editor.default\">\n\t\t\t\t<div class=\"elementor-widget-container\">\n\t\t\t\t\t\t\t\t\t<p><\/p>\n<h5><b>Bienvenido a la p\u00e1gina web de C\u00c0RNIQUES CELR\u00c0 S.L.<\/b><\/h5>\n<h5><b>A continuaci\u00f3n le exponemos las condiciones de uso de esta p\u00e1gina WEB. La navegaci\u00f3n por esta p\u00e1gina WEB le otorga el rol de usuario de la misma y, por tanto, acepta las cl\u00e1usulas detalladas en este documento.<\/b><\/h5>\n<div>\n<h4>1. Identificaci\u00f3n<\/h4>\n<p>De conformidad con lo que dispone el art\u00edculo 10 de la Ley 34\/2002, de 11 de julio, de Servicios de Sociedad de la Informaci\u00f3n y Comercio Electr\u00f3nico, se informa que C\u00c0RNIQUES CELR\u00c0 S.L. es un dominio de la empresa C\u00c0RNIQUES CELR\u00c0 S.L.. con domicilio social en Pol. Ind. Celr\u00e0 \u2013 C. Ter s\/n \u2013 17460 CELR\u00c0 (Girona, ESPA\u00d1A)\u00a0 y con tel\u00e9fono + 34 972 49 43 73. La sociedad se denomina C\u00c0RNIQUES CELR\u00c0 S.L. con CIF: B17918673 que figura inscrita en el Registro Mercantil de Girona al volum 2502 folio186, hoja GI-42083.<\/p>\n<h4>2. Normas de utilizaci\u00f3n<\/h4>\n<p>El Usuario se compromete a hacer un uso adecuado y l\u00edcito del Sitio Web as\u00ed como de los contenidos y servicios, de conformidad con la legislaci\u00f3n aplicable en cada momento, la moral y buenas costumbres generalmente aceptadas y el orden p\u00fablico. Queda prohibido realizar, por su parte, cualquier acci\u00f3n que pueda provocar alteraciones de los contenidos de esta WEB o un mal funcionamiento de la misma, incluyendo la introducci\u00f3n de virus o similares.<\/p>\n<h4>3. Propiedad intelectual<\/h4>\n<p>Las p\u00e1ginas de la WEB y la informaci\u00f3n o los elementos que contiene, incluyen textos, documentos, fotograf\u00edas, dibujos, representaciones gr\u00e1ficas, bases de datos, v\u00eddeos y tambi\u00e9n logotipos, marcas, nombres comerciales, u otros signos distintivos, est\u00e1n protegidos por derechos de propiedad intelectual o industrial, de los cuales C\u00c0RNIQUES CELR\u00c0 S.L. o las empresas de su grupo son titulares o licenciatarias leg\u00edtimas. Queda prohibida cualquier modalidad de explotaci\u00f3n, incluyendo cualquier tipo de reproducci\u00f3n, distribuci\u00f3n, cesi\u00f3n a terceros, comunicaci\u00f3n p\u00fablica y transformaci\u00f3n, mediante cualquier tipo de apoyo y medio, sin la autorizaci\u00f3n previa y expresa.<\/p>\n<h4>4. Responsabilidad<\/h4>\n<p>Nuestra intenci\u00f3n es la de ofrecer un sitio WEB que ofrezca un funcionamiento continuado y de m\u00e1xima calidad.<\/p>\n<p><\/p>\n<p>De todas formas, le informamos que no podemos garantizar el acceso continuado, y que las p\u00e1ginas se puedan encontrar impedidas, o interrumpidas por factores o circunstancias ajenas a nuestra voluntad.<\/p>\n<p><\/p>\n<p>C\u00c0RNIQUES CELR\u00c0 S.L. no es responsable de la informaci\u00f3n y otros contenidos integrados en espacios o p\u00e1ginas web de terceros accesibles mediante enlaces, hiperv\u00ednculos o links.<\/p>\n<p><\/p>\n<p>C\u00c0RNIQUES CELR\u00c0 S.L. no se hace responsable de los perjuicios que se pudieran derivar, entre otros, de:<\/p>\n<p><\/p>\n<p>Interferencias, interrupciones, fallos, omisiones, aver\u00edas telef\u00f3nicas, retrasos, bloqueos o desconexiones en el funcionamiento del sistema electr\u00f3nico, motivadas por deficiencias, sobrecargas y errores en las l\u00edneas y redes de telecomunicaciones<\/p>\n<p><\/p>\n<p>Intromisiones ileg\u00edtimas mediante el uso de programas malignos de cualquier tipo y a trav\u00e9s de cualquier medio de comunicaci\u00f3n.<\/p>\n<p><\/p>\n<p>Uso indebido o inadecuado del Sitio Web.<\/p>\n<p><\/p>\n<p>Errores producidos por un mal funcionamiento del navegador o por el uso de versiones no actualizadas del mismo.<\/p>\n<p><\/p>\n<p>EL usuario, en caso de causar da\u00f1os y perjuicios por un uso il\u00edcito o incorrecto de este sitio WEB, podr\u00e1 ser reclamado de los da\u00f1os o perjuicios causados.<\/p>\n<p><\/p>\n<p>Asimismo, el usuario responder\u00e1 frente a cualquier da\u00f1o y perjuicio, que se derive del uso por su parte de \u201crobots\u201d, \u201cspiders\u201d, \u2026 o herramientas similares empleadas con el fin de recabar o extraer datos o de cualquier otra actuaci\u00f3n por su parte que imponga una carga irrazonable sobre el funcionamiento del Sitio Web.<\/p>\n<h4>5. Pol\u00edtica de privacidad y de protecci\u00f3n de datos<\/h4>\n<p>En cumplimiento de las disposiciones del Reglamento (UE) 2016\/679 del Parlamento Europeo y del Consejo, de 27 de abril de 2016 y la Ley Org\u00e1nica 3\/2018, de 5 de diciembre, de Protecci\u00f3n de Datos\u00a0 Personales y garant\u00eda de los derechos digitales, le informamos de los\u00a0 tratamientos de datos personales que se pueden producir cuando se navega o interact\u00faa a trav\u00e9s de esta p\u00e1gina web. Tratamiento: Formulario de Contacto Responsable: C\u00c0RNIQUES CELR\u00c0 S.L. Finalidad: Responder las peticiones de informaci\u00f3n que es recepcionan por la web Legitimaci\u00f3n: Su propia petici\u00f3n Datos: Nombre, apellidos y mail Procedencia de los datos: Del mismo interesado Destinatarios: No se comunican los datos a terceros. Transferencias internacionales: No est\u00e1n previstas. Medidas organizativas: Se aplican medidas de \u00e1mbito t\u00e9cnico, organizativos y de seguridad que garantizan la confidencialidad e integridad de la informaci\u00f3n. Derechos e informaci\u00f3n\u00a0 adicional:\u00a0\u00a0 \u00a0Puede ejercer sus derechos de acceso, rectificaci\u00f3n, limitaci\u00f3n, supresi\u00f3n y oposici\u00f3n y solicitar informaci\u00f3n adicional, indic\u00e1ndolo por escrito a\u00a0 C\u00c0RNIQUES CELR\u00c0 S.L.\u00a0 Pol. Ind. Celr\u00e0 \u2013 C. Ter s\/n \u2013 17460 CELR\u00c0 . Girona, ESPA\u00d1A,\u00a0 por\u00a0 correo electr\u00f3nico al mail\u00a0\u00a0\u00a0ccelra@ccelra.com. Si considera que no hemos tratado sus datos personales de acuerdo con la normativa, puede presentar una reclamaci\u00f3n a la Agencia Espa\u00f1ola de Protecci\u00f3n de Datos. (www.agpd.es) El ejercicio de sus derechos es gratuito.<\/p>\n<h4>6. Legislaci\u00f3n<\/h4>\n<p>Cualquier controversia que surja o guarde relaci\u00f3n con el uso de la p\u00e1gina web ser\u00e1 sometida a la jurisdicci\u00f3n no exclusiva de los juzgados y tribunales espa\u00f1oles.<\/p>\n<\/div>\n<p><\/p>\t\t\t\t\t\t\t\t<\/div>\n\t\t\t\t<\/div>\n\t\t\t\t\t<\/div>\n\t\t\t\t<\/div>\n\t\t\t\t\t<\/div>\n\t\t\t\t<\/div>\n\t\t<div class=\"elementor-element elementor-element-11550c2 e-flex e-con-boxed e-con e-parent\" data-id=\"11550c2\" data-element_type=\"container\" data-e-type=\"container\">\n\t\t\t\t\t<div class=\"e-con-inner\">\n\t\t\t\t\t<\/div>\n\t\t\t\t<\/div>\n\t\t\t\t<\/div>\n\t\t","protected":false},"excerpt":{"rendered":"<p>Bienvenido a la p\u00e1gina web de C\u00c0RNIQUES CELR\u00c0 S.L. A continuaci\u00f3n le exponemos las condiciones de uso de esta p\u00e1gina WEB. La navegaci\u00f3n por esta p\u00e1gina WEB le otorga el rol de usuario de la misma y, por tanto, acepta las cl\u00e1usulas detalladas en este documento. 1. Identificaci\u00f3n De conformidad con lo que dispone el [&hellip;]<\/p>\n","protected":false},"author":1,"featured_media":0,"parent":0,"menu_order":0,"comment_status":"closed","ping_status":"closed","template":"","meta":{"footnotes":""},"class_list":["post-12115","page","type-page","status-publish","hentry"],"_links":{"self":[{"href":"https:\/\/ccelra.eu\/index.php\/wp-json\/wp\/v2\/pages\/12115","targetHints":{"allow":["GET"]}}],"collection":[{"href":"https:\/\/ccelra.eu\/index.php\/wp-json\/wp\/v2\/pages"}],"about":[{"href":"https:\/\/ccelra.eu\/index.php\/wp-json\/wp\/v2\/types\/page"}],"author":[{"embeddable":true,"href":"https:\/\/ccelra.eu\/index.php\/wp-json\/wp\/v2\/users\/1"}],"replies":[{"embeddable":true,"href":"https:\/\/ccelra.eu\/index.php\/wp-json\/wp\/v2\/comments?post=12115"}],"version-history":[{"count":29,"href":"https:\/\/ccelra.eu\/index.php\/wp-json\/wp\/v2\/pages\/12115\/revisions"}],"predecessor-version":[{"id":18982,"href":"https:\/\/ccelra.eu\/index.php\/wp-json\/wp\/v2\/pages\/12115\/revisions\/18982"}],"wp:attachment":[{"href":"https:\/\/ccelra.eu\/index.php\/wp-json\/wp\/v2\/media?parent=12115"}],"curies":[{"name":"wp","href":"https:\/\/api.w.org\/{rel}","templated":true}]}}